{"id":1023,"date":"2016-02-27T08:40:51","date_gmt":"2016-02-27T07:40:51","guid":{"rendered":"http:\/\/westcoasttrading.se\/?page_id=1023"},"modified":"2016-02-27T08:40:51","modified_gmt":"2016-02-27T07:40:51","slug":"moro-rincon-michael-almqvist","status":"publish","type":"page","link":"https:\/\/westcoasttrading.se\/?page_id=1023","title":{"rendered":"Moro Rincon &#8211; Michael Almqvist"},"content":{"rendered":"<p>Moro \u00e4r en spansk PRE f. 2008 med ca 160 i mankh\u00f6jd.<br \/>\nHan \u00e4r ink\u00f6pt f\u00f6r att tr\u00e4nas inom den Akademiska ridningen av sin \u00e4gare Michael.\u00a0Det \u00e4r ett riktigt charmtroll som med sin hingstiga framtoning f\u00f6rvrider huvudet p\u00e5 alla stona i stallet \ud83d\ude1b En h\u00e4rlig individ som \u00e4lskar att arbete men ibland kommer busungen fram i honom \ud83d\ude09<\/p>\n","protected":false},"excerpt":{"rendered":"<p>Moro \u00e4r en spansk PRE f. 2008 med ca 160 i mankh\u00f6jd. Han \u00e4r ink\u00f6pt f\u00f6r att tr\u00e4nas inom den Akademiska ridningen av sin \u00e4gare Michael.\u00a0Det \u00e4r ett riktigt charmtroll som med sin hingstiga framtoning f\u00f6rvrider huvudet p\u00e5 alla stona &hellip; <a href=\"https:\/\/westcoasttrading.se\/?page_id=1023\">L\u00e4s mer <span class=\"meta-nav\">&rarr;<\/span><\/a><\/p>\n","protected":false},"author":2,"featured_media":0,"parent":908,"menu_order":7,"comment_status":"closed","ping_status":"closed","template":"","meta":[],"_links":{"self":[{"href":"https:\/\/westcoasttrading.se\/index.php?rest_route=\/wp\/v2\/pages\/1023"}],"collection":[{"href":"https:\/\/westcoasttrading.se\/index.php?rest_route=\/wp\/v2\/pages"}],"about":[{"href":"https:\/\/westcoasttrading.se\/index.php?rest_route=\/wp\/v2\/types\/page"}],"author":[{"embeddable":true,"href":"https:\/\/westcoasttrading.se\/index.php?rest_route=\/wp\/v2\/users\/2"}],"replies":[{"embeddable":true,"href":"https:\/\/westcoasttrading.se\/index.php?rest_route=%2Fwp%2Fv2%2Fcomments&post=1023"}],"version-history":[{"count":1,"href":"https:\/\/westcoasttrading.se\/index.php?rest_route=\/wp\/v2\/pages\/1023\/revisions"}],"predecessor-version":[{"id":1024,"href":"https:\/\/westcoasttrading.se\/index.php?rest_route=\/wp\/v2\/pages\/1023\/revisions\/1024"}],"up":[{"embeddable":true,"href":"https:\/\/westcoasttrading.se\/index.php?rest_route=\/wp\/v2\/pages\/908"}],"wp:attachment":[{"href":"https:\/\/westcoasttrading.se\/index.php?rest_route=%2Fwp%2Fv2%2Fmedia&parent=1023"}],"curies":[{"name":"wp","href":"https:\/\/api.w.org\/{rel}","templated":true}]}}