{"id":1045,"date":"2016-07-15T09:22:29","date_gmt":"2016-07-15T08:22:29","guid":{"rendered":"http:\/\/westcoasttrading.se\/?page_id=1045"},"modified":"2021-01-20T09:39:00","modified_gmt":"2021-01-20T08:39:00","slug":"gamecock-till-salu","status":"publish","type":"page","link":"https:\/\/westcoasttrading.se\/?page_id=1045","title":{"rendered":"GAMECOCK till salu!! &#8211; S\u00c5LD!"},"content":{"rendered":"<p>S\u00c5LD<br \/>\nVi har nu best\u00e4mt oss f\u00f6r att l\u00e4gga ner v\u00e5r charterverksamhet och s\u00e4ljer d\u00e4rf\u00f6r b\u00e5tarna.<br \/>\nVi har sparat det b\u00e4sta till sist och det \u00e4r h\u00f6gst motvilligt vi nu sl\u00e4pper v\u00e5r fina Gamecock&#8230;. Men den \u00e4r f\u00f6r fin och fr\u00e4ck f\u00f6r att bara st\u00e5 bortgl\u00f6md i v\u00e5r vinterf\u00f6rvaring utan b\u00f6r f\u00e5 komma ut p\u00e5 havet igen \u00e5 visa upp sig.<br \/>\nGaranterat h\u00f6g WOW-faktor vart ni \u00e4n beger er, \u00e4ven om ni bara ligger i hamn \ud83d\ude09<br \/>\nGamecock har f\u00e5tt samtliga 3 motorer helrenoverade! Den s\u00e4ljs i absolut TOPPSKICK \ud83d\ude42<br \/>\nRing Per p\u00e5 035-162251 f\u00f6r mer info om b\u00e5tarna!<\/p>\n<p>https:\/\/www.blocket.se\/halland\/Ballaste_baten_i_vilken_hamn_som_helst_78918400.htm?ca=20&#038;w=1&#038;last=1<\/p>\n<p><a href=\"https:\/\/media.westcoasttrading.se\/2010\/12\/RMOV0439.avi\">HALV GAS UTANF\u00d6R TYL\u00d6N 2009<\/a><\/p>\n<h1>GAMECOCK<\/h1>\n<p>GAMECOCK \u00e4r en amerikansk klassiker. One of the kind<br \/>\nEn 40,4 fot l\u00e5ng amerikansk daycruiser fr\u00e5n 1977. Ursprungligen byggd som en ren raceb\u00e5t och t\u00e4vlad i offshore racing. Civiliserad p\u00e5 80-talet till daycruiser. \u201dBuilt for speed\u201d 23 liter cylindervolym f\u00f6rdelat p\u00e5 tre st frustande, ruppande\u00a0cheva big block\u00a0V8:or matade av klassiska Holley fyrportsf\u00f6rgasare. V\u00e4cker d\u00f6da till liv p\u00e5 s\u00f6ndagar.<br \/>\nRymmer 1180 liter h\u00f6goktanig soppa. 1400+ h\u00e4stkrafter, milj\u00f6b\u00e5t?, tveksamt! St\u00e5p\u00e4ls?, absolut!!! Toppfart 75+ knop.<\/p>\n<p>Hemmahamn B\u00e5tklubben Najaden, Halmstad.<\/p>\n<p>Vid intresse maila per!<\/p>\n<p><a href=\"https:\/\/media.westcoasttrading.se\/2010\/12\/RIMG0315.jpg\"><img decoding=\"async\" loading=\"lazy\" title=\"RIMG0315\" src=\"https:\/\/media.westcoasttrading.se\/2010\/12\/RIMG0315-150x150.jpg\" alt=\"\" width=\"150\" height=\"150\" \/><\/a><a href=\"https:\/\/media.westcoasttrading.se\/2010\/12\/DSCF1691.jpg\"><img decoding=\"async\" loading=\"lazy\" title=\"DSCF1691\" src=\"https:\/\/media.westcoasttrading.se\/2010\/12\/DSCF1691-150x150.jpg\" alt=\"\" width=\"150\" height=\"150\" \/><\/a><a href=\"https:\/\/media.westcoasttrading.se\/2010\/12\/RIMG0530.jpg\"><img decoding=\"async\" loading=\"lazy\" title=\"RIMG0530\" src=\"https:\/\/media.westcoasttrading.se\/2010\/12\/RIMG0530-150x150.jpg\" alt=\"\" width=\"150\" height=\"150\" \/><\/a><a href=\"https:\/\/media.westcoasttrading.se\/2010\/12\/RIMG0311.jpg\"><img decoding=\"async\" loading=\"lazy\" title=\"RIMG0311\" src=\"https:\/\/media.westcoasttrading.se\/2010\/12\/RIMG0311-150x150.jpg\" alt=\"\" width=\"150\" height=\"150\" \/><\/a><a href=\"https:\/\/media.westcoasttrading.se\/2010\/12\/DSCF1702.jpg\"><img decoding=\"async\" loading=\"lazy\" title=\"DSCF1702\" src=\"https:\/\/media.westcoasttrading.se\/2010\/12\/DSCF1702-150x150.jpg\" alt=\"\" width=\"150\" height=\"150\" \/><\/a><a href=\"https:\/\/media.westcoasttrading.se\/2010\/12\/RIMG0537.jpg\"><img decoding=\"async\" loading=\"lazy\" title=\"RIMG0537\" src=\"https:\/\/media.westcoasttrading.se\/2010\/12\/RIMG0537-150x150.jpg\" alt=\"\" width=\"150\" height=\"150\" \/><\/a><a href=\"https:\/\/media.westcoasttrading.se\/2010\/12\/RIMG0535.jpg\"><img decoding=\"async\" loading=\"lazy\" title=\"RIMG0535\" src=\"https:\/\/media.westcoasttrading.se\/2010\/12\/RIMG0535-150x150.jpg\" alt=\"\" width=\"150\" height=\"150\" \/><\/a><a href=\"https:\/\/media.westcoasttrading.se\/2010\/12\/RIMG0304.jpg\"><img decoding=\"async\" loading=\"lazy\" title=\"RIMG0304\" src=\"https:\/\/media.westcoasttrading.se\/2010\/12\/RIMG0304-150x150.jpg\" alt=\"\" width=\"150\" height=\"150\" \/><\/a><\/p>\n","protected":false},"excerpt":{"rendered":"<p>S\u00c5LD Vi har nu best\u00e4mt oss f\u00f6r att l\u00e4gga ner v\u00e5r charterverksamhet och s\u00e4ljer d\u00e4rf\u00f6r b\u00e5tarna. Vi har sparat det b\u00e4sta till sist och det \u00e4r h\u00f6gst motvilligt vi nu sl\u00e4pper v\u00e5r fina Gamecock&#8230;. Men den \u00e4r f\u00f6r fin och &hellip; <a href=\"https:\/\/westcoasttrading.se\/?page_id=1045\">L\u00e4s mer <span class=\"meta-nav\">&rarr;<\/span><\/a><\/p>\n","protected":false},"author":2,"featured_media":0,"parent":56,"menu_order":1,"comment_status":"closed","ping_status":"closed","template":"","meta":[],"_links":{"self":[{"href":"https:\/\/westcoasttrading.se\/index.php?rest_route=\/wp\/v2\/pages\/1045"}],"collection":[{"href":"https:\/\/westcoasttrading.se\/index.php?rest_route=\/wp\/v2\/pages"}],"about":[{"href":"https:\/\/westcoasttrading.se\/index.php?rest_route=\/wp\/v2\/types\/page"}],"author":[{"embeddable":true,"href":"https:\/\/westcoasttrading.se\/index.php?rest_route=\/wp\/v2\/users\/2"}],"replies":[{"embeddable":true,"href":"https:\/\/westcoasttrading.se\/index.php?rest_route=%2Fwp%2Fv2%2Fcomments&post=1045"}],"version-history":[{"count":9,"href":"https:\/\/westcoasttrading.se\/index.php?rest_route=\/wp\/v2\/pages\/1045\/revisions"}],"predecessor-version":[{"id":1422,"href":"https:\/\/westcoasttrading.se\/index.php?rest_route=\/wp\/v2\/pages\/1045\/revisions\/1422"}],"up":[{"embeddable":true,"href":"https:\/\/westcoasttrading.se\/index.php?rest_route=\/wp\/v2\/pages\/56"}],"wp:attachment":[{"href":"https:\/\/westcoasttrading.se\/index.php?rest_route=%2Fwp%2Fv2%2Fmedia&parent=1045"}],"curies":[{"name":"wp","href":"https:\/\/api.w.org\/{rel}","templated":true}]}}