{"id":1162,"date":"2016-12-13T10:07:43","date_gmt":"2016-12-13T09:07:43","guid":{"rendered":"http:\/\/westcoasttrading.se\/?page_id=1162"},"modified":"2016-12-13T10:10:42","modified_gmt":"2016-12-13T09:10:42","slug":"havens-brix","status":"publish","type":"page","link":"https:\/\/westcoasttrading.se\/?page_id=1162","title":{"rendered":"Havens Brix &#8211; Lusernkuber"},"content":{"rendered":"<p><strong>Havens Brix<\/strong><\/p>\n<p><a href=\"https:\/\/media.westcoasttrading.se\/2016\/08\/Havens-Brix.png\"><img decoding=\"async\" loading=\"lazy\" class=\" wp-image-1094 alignright\" src=\"https:\/\/media.westcoasttrading.se\/2016\/08\/Havens-Brix.png\" alt=\"\" width=\"279\" height=\"174\" \/><\/a><\/p>\n<p>Lusern av h\u00f6gsta kvalitet som ger extra mycket protein och fibrer, packat i mycket h\u00e5rda och komprimerade block (99 % lusern, 1 % pepparmintsblad).<\/p>\n<ul>\n<ul>\n<li>L\u00e4ttsm\u00e4lta proteiner (16,5%) and essentiella aminosyror.<\/li>\n<li>L\u00e5gt sockerinneh\u00e5ll 5,7%.<\/li>\n<li>Melass fritt, spannm\u00e5lsfritt och fri fr\u00e5n biprodukter.<\/li>\n<li>Kompakt och enkel att dosera.<\/li>\n<li>Kan ges som bel\u00f6ning eller f\u00f6r att motverka tristess.<\/li>\n<\/ul>\n<\/ul>\n<p>Vikt: 14 kg<\/p>\n","protected":false},"excerpt":{"rendered":"<p>Havens Brix Lusern av h\u00f6gsta kvalitet som ger extra mycket protein och fibrer, packat i mycket h\u00e5rda och komprimerade block (99 % lusern, 1 % pepparmintsblad). L\u00e4ttsm\u00e4lta proteiner (16,5%) and essentiella aminosyror. L\u00e5gt sockerinneh\u00e5ll 5,7%. Melass fritt, spannm\u00e5lsfritt och fri &hellip; <a href=\"https:\/\/westcoasttrading.se\/?page_id=1162\">L\u00e4s mer <span class=\"meta-nav\">&rarr;<\/span><\/a><\/p>\n","protected":false},"author":2,"featured_media":0,"parent":265,"menu_order":14,"comment_status":"closed","ping_status":"closed","template":"","meta":[],"_links":{"self":[{"href":"https:\/\/westcoasttrading.se\/index.php?rest_route=\/wp\/v2\/pages\/1162"}],"collection":[{"href":"https:\/\/westcoasttrading.se\/index.php?rest_route=\/wp\/v2\/pages"}],"about":[{"href":"https:\/\/westcoasttrading.se\/index.php?rest_route=\/wp\/v2\/types\/page"}],"author":[{"embeddable":true,"href":"https:\/\/westcoasttrading.se\/index.php?rest_route=\/wp\/v2\/users\/2"}],"replies":[{"embeddable":true,"href":"https:\/\/westcoasttrading.se\/index.php?rest_route=%2Fwp%2Fv2%2Fcomments&post=1162"}],"version-history":[{"count":2,"href":"https:\/\/westcoasttrading.se\/index.php?rest_route=\/wp\/v2\/pages\/1162\/revisions"}],"predecessor-version":[{"id":1166,"href":"https:\/\/westcoasttrading.se\/index.php?rest_route=\/wp\/v2\/pages\/1162\/revisions\/1166"}],"up":[{"embeddable":true,"href":"https:\/\/westcoasttrading.se\/index.php?rest_route=\/wp\/v2\/pages\/265"}],"wp:attachment":[{"href":"https:\/\/westcoasttrading.se\/index.php?rest_route=%2Fwp%2Fv2%2Fmedia&parent=1162"}],"curies":[{"name":"wp","href":"https:\/\/api.w.org\/{rel}","templated":true}]}}