{"id":1164,"date":"2016-12-13T10:10:05","date_gmt":"2016-12-13T09:10:05","guid":{"rendered":"http:\/\/westcoasttrading.se\/?page_id=1164"},"modified":"2016-12-13T10:11:48","modified_gmt":"2016-12-13T09:11:48","slug":"havens-lusern-mix","status":"publish","type":"page","link":"https:\/\/westcoasttrading.se\/?page_id=1164","title":{"rendered":"Havens Lusern mix"},"content":{"rendered":"<p>HAVENS Mix \u00e4r en h\u00f6gkvalitativ str\u00e5blandning av timotej, lusern och linfr\u00f6v\u00e4xter.\u00a0\u00a0\u00a0\u00a0\u00a0\u00a0\u00a0\u00a0 <a href=\"https:\/\/media.westcoasttrading.se\/2016\/08\/Havens-mix-lusern.png\"><img decoding=\"async\" loading=\"lazy\" class=\" wp-image-1095 alignright\" src=\"https:\/\/media.westcoasttrading.se\/2016\/08\/Havens-mix-lusern.png\" alt=\"\" width=\"303\" height=\"189\" \/><\/a><\/p>\n<ul>\n<li>Melass- och spannm\u00e5lsfri.<\/li>\n<li>K\u00e4lla till lusernproteiner av h\u00f6gsta kvalitet och aminosyror.<\/li>\n<li>Optimerad kalcium\/fosfor kvot.\/li&gt;<\/li>\n<li>L\u00e5gt inneh\u00e5ll av socker (7.3%) och st\u00e4rkelse (2.4%); passar f\u00f6r en l\u00e5g kolhydrat-diet<\/li>\n<li>Linfr\u00f6n och linfr\u00f6olja f\u00f6rser h\u00e4sten med omegasyror.<\/li>\n<\/ul>\n<p>Vikt: 15 kg<\/p>\n","protected":false},"excerpt":{"rendered":"<p>HAVENS Mix \u00e4r en h\u00f6gkvalitativ str\u00e5blandning av timotej, lusern och linfr\u00f6v\u00e4xter.\u00a0\u00a0\u00a0\u00a0\u00a0\u00a0\u00a0\u00a0 Melass- och spannm\u00e5lsfri. K\u00e4lla till lusernproteiner av h\u00f6gsta kvalitet och aminosyror. Optimerad kalcium\/fosfor kvot.\/li&gt; L\u00e5gt inneh\u00e5ll av socker (7.3%) och st\u00e4rkelse (2.4%); passar f\u00f6r en l\u00e5g kolhydrat-diet Linfr\u00f6n och &hellip; <a href=\"https:\/\/westcoasttrading.se\/?page_id=1164\">L\u00e4s mer <span class=\"meta-nav\">&rarr;<\/span><\/a><\/p>\n","protected":false},"author":2,"featured_media":0,"parent":265,"menu_order":15,"comment_status":"closed","ping_status":"closed","template":"","meta":[],"_links":{"self":[{"href":"https:\/\/westcoasttrading.se\/index.php?rest_route=\/wp\/v2\/pages\/1164"}],"collection":[{"href":"https:\/\/westcoasttrading.se\/index.php?rest_route=\/wp\/v2\/pages"}],"about":[{"href":"https:\/\/westcoasttrading.se\/index.php?rest_route=\/wp\/v2\/types\/page"}],"author":[{"embeddable":true,"href":"https:\/\/westcoasttrading.se\/index.php?rest_route=\/wp\/v2\/users\/2"}],"replies":[{"embeddable":true,"href":"https:\/\/westcoasttrading.se\/index.php?rest_route=%2Fwp%2Fv2%2Fcomments&post=1164"}],"version-history":[{"count":1,"href":"https:\/\/westcoasttrading.se\/index.php?rest_route=\/wp\/v2\/pages\/1164\/revisions"}],"predecessor-version":[{"id":1165,"href":"https:\/\/westcoasttrading.se\/index.php?rest_route=\/wp\/v2\/pages\/1164\/revisions\/1165"}],"up":[{"embeddable":true,"href":"https:\/\/westcoasttrading.se\/index.php?rest_route=\/wp\/v2\/pages\/265"}],"wp:attachment":[{"href":"https:\/\/westcoasttrading.se\/index.php?rest_route=%2Fwp%2Fv2%2Fmedia&parent=1164"}],"curies":[{"name":"wp","href":"https:\/\/api.w.org\/{rel}","templated":true}]}}