{"id":1178,"date":"2016-12-15T17:21:56","date_gmt":"2016-12-15T16:21:56","guid":{"rendered":"http:\/\/westcoasttrading.se\/?page_id=1178"},"modified":"2016-12-15T19:03:44","modified_gmt":"2016-12-15T18:03:44","slug":"havens-equiforce-mineral-vitamintillskott","status":"publish","type":"page","link":"https:\/\/westcoasttrading.se\/?page_id=1178","title":{"rendered":"Havens EquiForce &#8211; Tillskott"},"content":{"rendered":"<p>EquiForce by Havens \u00e4r framtaget av ett danskt f\u00f6retag. Dom har ett v\u00e4ldigt brett sortiment och forts\u00e4tter hela tiden att utveckla nya produkter.<br \/>\nVi kan \u00e4ven ta fram nya produkter utifr\u00e5n era \u00f6nskem\u00e5l s\u00e5 tveka inte p\u00e5 att st\u00e4lla fr\u00e5gan.<br \/>\nNi kan l\u00e4sa om varje produkt under respektive underkategori fr\u00e5n Tillskott. bilderna \u00e4r tyv\u00e4rr inte klickbara\/l\u00e4nkade \u00e4nnu.. Hemsidan \u00e4r under ombyggnation&#8230;..<\/p>\n<div id=\"attachment_1188\" style=\"width: 160px\" class=\"wp-caption alignleft\"><a href=\"https:\/\/media.westcoasttrading.se\/2016\/12\/Equiforce-Matrix-HA.jpg\"><img aria-describedby=\"caption-attachment-1188\" decoding=\"async\" loading=\"lazy\" class=\"size-thumbnail wp-image-1188\" src=\"https:\/\/media.westcoasttrading.se\/2016\/12\/Equiforce-Matrix-HA-150x150.jpg\" alt=\"\" width=\"150\" height=\"150\" \/><\/a><p id=\"caption-attachment-1188\" class=\"wp-caption-text\">EquiForce Matrix HA<\/p><\/div>\n<div id=\"attachment_1191\" style=\"width: 160px\" class=\"wp-caption alignleft\"><a href=\"https:\/\/media.westcoasttrading.se\/2016\/12\/Equiforce-Magnesium.jpg\"><img aria-describedby=\"caption-attachment-1191\" decoding=\"async\" loading=\"lazy\" class=\"size-thumbnail wp-image-1191\" src=\"https:\/\/media.westcoasttrading.se\/2016\/12\/Equiforce-Magnesium-150x150.jpg\" alt=\"\" width=\"150\" height=\"150\" \/><\/a><p id=\"caption-attachment-1191\" class=\"wp-caption-text\">EquiForce Magnesium<\/p><\/div>\n<div id=\"attachment_1195\" style=\"width: 160px\" class=\"wp-caption alignleft\"><a href=\"https:\/\/media.westcoasttrading.se\/2016\/12\/Equiforce-Lyte.jpg\"><img aria-describedby=\"caption-attachment-1195\" decoding=\"async\" loading=\"lazy\" class=\"size-thumbnail wp-image-1195\" src=\"https:\/\/media.westcoasttrading.se\/2016\/12\/Equiforce-Lyte-150x150.jpg\" alt=\"\" width=\"150\" height=\"150\" \/><\/a><p id=\"caption-attachment-1195\" class=\"wp-caption-text\">EquiForce Lyte<\/p><\/div>\n<div id=\"attachment_1199\" style=\"width: 160px\" class=\"wp-caption alignleft\"><a href=\"https:\/\/media.westcoasttrading.se\/2016\/12\/Equiforce-Foot.jpg\"><img aria-describedby=\"caption-attachment-1199\" decoding=\"async\" loading=\"lazy\" class=\"size-thumbnail wp-image-1199\" src=\"https:\/\/media.westcoasttrading.se\/2016\/12\/Equiforce-Foot-150x150.jpg\" alt=\"\" width=\"150\" height=\"150\" \/><\/a><p id=\"caption-attachment-1199\" class=\"wp-caption-text\">EquiForce Foot<\/p><\/div>\n<div id=\"attachment_1204\" style=\"width: 160px\" class=\"wp-caption alignleft\"><a href=\"https:\/\/media.westcoasttrading.se\/2016\/12\/Equiforce-E.jpg\"><img aria-describedby=\"caption-attachment-1204\" decoding=\"async\" loading=\"lazy\" class=\"size-thumbnail wp-image-1204\" src=\"https:\/\/media.westcoasttrading.se\/2016\/12\/Equiforce-E-150x150.jpg\" alt=\"\" width=\"150\" height=\"150\" \/><\/a><p id=\"caption-attachment-1204\" class=\"wp-caption-text\">EquiForce E+<\/p><\/div>\n<div id=\"attachment_1209\" style=\"width: 160px\" class=\"wp-caption alignleft\"><a href=\"https:\/\/media.westcoasttrading.se\/2016\/12\/Equiforce-B.jpg\"><img aria-describedby=\"caption-attachment-1209\" decoding=\"async\" loading=\"lazy\" class=\"size-thumbnail wp-image-1209\" src=\"https:\/\/media.westcoasttrading.se\/2016\/12\/Equiforce-B-150x150.jpg\" alt=\"\" width=\"150\" height=\"150\" \/><\/a><p id=\"caption-attachment-1209\" class=\"wp-caption-text\">EquiForce B+<\/p><\/div>\n<div id=\"attachment_1212\" style=\"width: 160px\" class=\"wp-caption alignleft\"><a href=\"https:\/\/media.westcoasttrading.se\/2016\/12\/Equiforce-Beta.jpg\"><img aria-describedby=\"caption-attachment-1212\" decoding=\"async\" loading=\"lazy\" class=\"size-thumbnail wp-image-1212\" src=\"https:\/\/media.westcoasttrading.se\/2016\/12\/Equiforce-Beta-150x150.jpg\" alt=\"\" width=\"150\" height=\"150\" \/><\/a><p id=\"caption-attachment-1212\" class=\"wp-caption-text\">EquiForce Beta+<\/p><\/div>\n<div id=\"attachment_1215\" style=\"width: 160px\" class=\"wp-caption alignleft\"><a href=\"https:\/\/media.westcoasttrading.se\/2016\/12\/Equiforce-Ferro.jpg\"><img aria-describedby=\"caption-attachment-1215\" decoding=\"async\" loading=\"lazy\" class=\"size-thumbnail wp-image-1215\" src=\"https:\/\/media.westcoasttrading.se\/2016\/12\/Equiforce-Ferro-150x150.jpg\" alt=\"\" width=\"150\" height=\"150\" \/><\/a><p id=\"caption-attachment-1215\" class=\"wp-caption-text\">EquiForce Ferro<\/p><\/div>\n<div id=\"attachment_1220\" style=\"width: 160px\" class=\"wp-caption alignleft\"><a href=\"https:\/\/media.westcoasttrading.se\/2016\/12\/Equiforce-Olja.jpg\"><img aria-describedby=\"caption-attachment-1220\" decoding=\"async\" loading=\"lazy\" class=\"size-thumbnail wp-image-1220\" src=\"https:\/\/media.westcoasttrading.se\/2016\/12\/Equiforce-Olja-150x150.jpg\" alt=\"\" width=\"150\" height=\"150\" \/><\/a><p id=\"caption-attachment-1220\" class=\"wp-caption-text\">EquiForce Olja<\/p><\/div>\n<div id=\"attachment_1173\" style=\"width: 353px\" class=\"wp-caption alignleft\"><a href=\"https:\/\/media.westcoasttrading.se\/2016\/12\/Equiforce-mineraler.png\"><img aria-describedby=\"caption-attachment-1173\" decoding=\"async\" loading=\"lazy\" class=\" wp-image-1173\" src=\"https:\/\/media.westcoasttrading.se\/2016\/12\/Equiforce-mineraler.png\" alt=\"\" width=\"343\" height=\"370\" \/><\/a><p id=\"caption-attachment-1173\" class=\"wp-caption-text\">Havens &#8211; EquiForce mineralfoder<\/p><\/div>\n<p>&nbsp;<\/p>\n","protected":false},"excerpt":{"rendered":"<p>EquiForce by Havens \u00e4r framtaget av ett danskt f\u00f6retag. Dom har ett v\u00e4ldigt brett sortiment och forts\u00e4tter hela tiden att utveckla nya produkter. Vi kan \u00e4ven ta fram nya produkter utifr\u00e5n era \u00f6nskem\u00e5l s\u00e5 tveka inte p\u00e5 att st\u00e4lla fr\u00e5gan. &hellip; <a href=\"https:\/\/westcoasttrading.se\/?page_id=1178\">L\u00e4s mer <span class=\"meta-nav\">&rarr;<\/span><\/a><\/p>\n","protected":false},"author":2,"featured_media":0,"parent":43,"menu_order":2,"comment_status":"closed","ping_status":"closed","template":"","meta":[],"_links":{"self":[{"href":"https:\/\/westcoasttrading.se\/index.php?rest_route=\/wp\/v2\/pages\/1178"}],"collection":[{"href":"https:\/\/westcoasttrading.se\/index.php?rest_route=\/wp\/v2\/pages"}],"about":[{"href":"https:\/\/westcoasttrading.se\/index.php?rest_route=\/wp\/v2\/types\/page"}],"author":[{"embeddable":true,"href":"https:\/\/westcoasttrading.se\/index.php?rest_route=\/wp\/v2\/users\/2"}],"replies":[{"embeddable":true,"href":"https:\/\/westcoasttrading.se\/index.php?rest_route=%2Fwp%2Fv2%2Fcomments&post=1178"}],"version-history":[{"count":5,"href":"https:\/\/westcoasttrading.se\/index.php?rest_route=\/wp\/v2\/pages\/1178\/revisions"}],"predecessor-version":[{"id":1224,"href":"https:\/\/westcoasttrading.se\/index.php?rest_route=\/wp\/v2\/pages\/1178\/revisions\/1224"}],"up":[{"embeddable":true,"href":"https:\/\/westcoasttrading.se\/index.php?rest_route=\/wp\/v2\/pages\/43"}],"wp:attachment":[{"href":"https:\/\/westcoasttrading.se\/index.php?rest_route=%2Fwp%2Fv2%2Fmedia&parent=1178"}],"curies":[{"name":"wp","href":"https:\/\/api.w.org\/{rel}","templated":true}]}}