{"id":1180,"date":"2016-12-15T17:46:44","date_gmt":"2016-12-15T16:46:44","guid":{"rendered":"http:\/\/westcoasttrading.se\/?page_id=1180"},"modified":"2016-12-15T19:06:04","modified_gmt":"2016-12-15T18:06:04","slug":"equiforce-complete-ett","status":"publish","type":"page","link":"https:\/\/westcoasttrading.se\/?page_id=1180","title":{"rendered":"EquiForce Complete &#8211; ett multivitamin &#038; mineraltillskott"},"content":{"rendered":"<div id=\"attachment_1173\" style=\"width: 289px\" class=\"wp-caption alignleft\"><a href=\"https:\/\/media.westcoasttrading.se\/2016\/12\/Equiforce-mineraler.png\"><img aria-describedby=\"caption-attachment-1173\" decoding=\"async\" loading=\"lazy\" class=\" wp-image-1173\" src=\"https:\/\/media.westcoasttrading.se\/2016\/12\/Equiforce-mineraler.png\" alt=\"\" width=\"279\" height=\"301\" \/><\/a><p id=\"caption-attachment-1173\" class=\"wp-caption-text\">Havens &#8211; EquiForce mineralfoder<\/p><\/div>\n<p align=\"LEFT\"><strong>EquiForce Complete<\/strong><\/p>\n<p>Koncentrerad multivitamin och mineraltillskott med en mycket h\u00f6g biotillg\u00e4nglighet.<\/p>\n<p>Baserat p\u00e5 alfaalfa, t\u00e5ng , naturliga kryddor och smaker (pepparmintolja och bockhornskl\u00f6ver), fri fr\u00e5n melass och inneh\u00e5ller enbart naturliga vitaminer och organiska sp\u00e5r\u00e4mnen f\u00f6r h\u00f6gsta n\u00e4ringsv\u00e4rde och en f\u00f6rl\u00e4ngd h\u00e5llbarhet.<br \/>\nMed naturligt vitamin E, som \u00e4r den enda formen av E- vitamin (av totalt 8) som \u00e4r 100% biotillg\u00e4nglig och d\u00e4rmed 40 % effektivare \u00e4n alla andra typer. Tillsammans med organiskt selen (SEL Plex\u2122 ) som s\u00e5 blir det en\u00a0mycket kraftfull antioxidant som st\u00e4rker immunf\u00f6rsvaret och fertiliteten.<\/p>\n<p align=\"LEFT\"><strong>EquiForce complete\u00a0<\/strong>rekommenderas f\u00f6r att balansera\u00a0foderstaten med alla n\u00f6dv\u00e4ndiga vitaminer och mineraler som en h\u00e4st beh\u00f6ver.<br \/>\n<strong>EquiForce Complete<\/strong> \u00e4r\u00a0tex mycket l\u00e4mpad f\u00f6r h\u00e4star\u00a0som\u00a0g\u00e5r p\u00e5 bete och \u00e4ter\u00a0inget eller lite kraftfoder\u00a0eller h\u00e4star som\u00a0utfodras med grovfoder som har\u00a0l\u00e5gt n\u00e4ringsv\u00e4rde.<br \/>\n<strong>EquiForce\u00a0Complete<\/strong> \u00e4r \u00e4ven optimalt tillskott om er h\u00e4st\/ponny inte kan \u00e4ta\u00a0fullt rekommenderad kraftfodergiva. N\u00e4r man ger ett sk fullfoder s\u00e5 ska det t\u00e4cka h\u00e4stens behov men det \u00e4r utifr\u00e5n rekommenderad giva s\u00e5 ger man mindre m\u00e4ngd s\u00e5 kan inte mineral\/vitaminbehovet garanteras. D\u00e5 \u00e4r EquiForce optimalt att komplettera med.<\/p>\n<p>&nbsp;<\/p>\n<p align=\"LEFT\"><strong>Daglig dosering\u00a0\u00a0\u00a0\u00a0\u00a0\u00a0\u00a0\u00a0\u00a0\u00a0\u00a0\u00a0\u00a0\u00a0 H\u00e4st\u00a0\u00a0\u00a0\u00a0 Ponny\u00a0\u00a0\u00a0\u00a0Liten ponny<\/strong><\/p>\n<p align=\"LEFT\">Underh\u00e5ll\u00a0\u00a0\u00a0\u00a0\u00a0\u00a0\u00a0\u00a0\u00a0\u00a0\u00a0\u00a0\u00a0\u00a0\u00a0\u00a0\u00a0\u00a0\u00a0\u00a0\u00a0\u00a0\u00a0\u00a0\u00a0\u00a0\u00a0\u00a0\u00a0\u00a0 100g\u00a0\u00a0\u00a0\u00a0\u00a0\u00a0\u00a0 70g\u00a0\u00a0\u00a0\u00a0\u00a0\u00a0\u00a0\u00a0\u00a0\u00a0 35g<\/p>\n<p align=\"LEFT\">L\u00e4tt\/medium Arbete\u00a0\u00a0\u00a0\u00a0\u00a0\u00a0\u00a0\u00a0\u00a0\u00a0\u00a0 150g\u00a0\u00a0\u00a0\u00a0\u00a0\u00a0 100g\u00a0\u00a0\u00a0\u00a0\u00a0\u00a0\u00a0\u00a0\u00a0 50g<\/p>\n<p align=\"LEFT\">H\u00e5rt Arbete\u00a0\u00a0\u00a0\u00a0\u00a0\u00a0\u00a0\u00a0\u00a0\u00a0\u00a0\u00a0\u00a0\u00a0\u00a0\u00a0\u00a0\u00a0\u00a0\u00a0\u00a0\u00a0\u00a0\u00a0\u00a0 \u00a0200g\u00a0\u00a0\u00a0\u00a0\u00a0\u00a0 130g\u00a0\u00a0\u00a0\u00a0\u00a0\u00a0\u00a0\u00a0 \u00a065g<\/p>\n<p align=\"LEFT\">F\u00f6l &amp; ungh\u00e4star\u00a0\u00a0\u00a0\u00a0\u00a0\u00a0\u00a0\u00a0\u00a0\u00a0\u00a0\u00a0\u00a0\u00a0\u00a0\u00a0\u00a0\u00a0 \u00a0150g\u00a0\u00a0\u00a0\u00a0\u00a0\u00a0\u00a0 100g\u00a0\u00a0\u00a0\u00a0\u00a0\u00a0\u00a0\u00a0\u00a0\u00a050g<\/p>\n<p align=\"LEFT\">Dr\u00e4ktiga ston\u00a0\u00a0\u00a0\u00a0\u00a0\u00a0\u00a0\u00a0\u00a0\u00a0\u00a0\u00a0\u00a0\u00a0\u00a0\u00a0\u00a0\u00a0\u00a0\u00a0\u00a0\u00a0\u00a0\u00a0200g\u00a0\u00a0\u00a0\u00a0\u00a0\u00a0\u00a0130g\u00a0\u00a0\u00a0\u00a0\u00a0\u00a0\u00a0\u00a0\u00a0\u00a065g<\/p>\n<p>Lakterande ston\u00a0\u00a0\u00a0\u00a0\u00a0\u00a0\u00a0\u00a0\u00a0\u00a0\u00a0\u00a0\u00a0\u00a0\u00a0\u00a0\u00a0\u00a0\u00a0\u00a0\u00a0250g\u00a0\u00a0\u00a0\u00a0\u00a0\u00a0160g\u00a0\u00a0\u00a0\u00a0\u00a0\u00a0\u00a0\u00a0\u00a0 80g<\/p>\n<p align=\"LEFT\"><strong>\u00c4mne\u00a0\u00a0\u00a0\u00a0\u00a0\u00a0\u00a0\u00a0\u00a0\u00a0\u00a0\u00a0\u00a0 M\u00e4ngd\u00a0\u00a0\u00a0\u00a0\u00a0\u00a0\u00a0\u00a0\u00a0\u00a0\u00a0\u00a0\u00a0\u00a0\u00a0\u00a0\u00a0\u00a0\u00a0\u00a0\u00a0\u00a0\u00a0\u00a0\u00a0\u00a0\u00a0\u00a0\u00a0\u00a0\u00a0\u00a0\u00a0\u00a0\u00a0\u00a0\u00a0\u00a0\u00a0\u00a0\u00a0\u00a0\u00a0\u00a0\u00a0\u00a0\u00a0\u00a0\u00a0\u00a0\u00a0\u00a0\u00a0<\/strong><\/p>\n<p align=\"LEFT\">A Vitamin\u00a0\u00a0\u00a0\u00a0\u00a0 300,000 IU<\/p>\n<p align=\"LEFT\">B1 Vitamin\u00a0\u00a0\u00a0 \u00a0100 mg<\/p>\n<p align=\"LEFT\">B2 Vitamin\u00a0\u00a0\u00a0 \u00a080 mg<\/p>\n<p align=\"LEFT\">B6 Vitamin\u00a0\u00a0\u00a0\u00a0 35 mg<\/p>\n<p align=\"LEFT\">B12 Vitamin\u00a0\u00a0 250 mcg<\/p>\n<p align=\"LEFT\">C Vitamin\u00a0\u00a0\u00a0\u00a0\u00a0\u00a0 1,000 IU<\/p>\n<p align=\"LEFT\">D3 Vitamin\u00a0\u00a0 \u00a020,000 IU<\/p>\n<p align=\"LEFT\">E Vitamin\u00a0\u00a0\u00a0\u00a0\u00a0\u00a0 5,000 IU<\/p>\n<p>K3 Vitamin\u00a0\u00a0\u00a0 60 mg<\/p>\n<p align=\"LEFT\">Biotin\u00a0\u00a0\u00a0\u00a0\u00a0\u00a0\u00a0\u00a0\u00a0\u00a0\u00a0\u00a0\u00a0 5,500 mcg<\/p>\n<p align=\"LEFT\">kolinklorid\u00a0\u00a0\u00a0 \u00a01,500 mg<\/p>\n<p align=\"LEFT\">nicotinamide \u00a0250 mg<\/p>\n<p align=\"LEFT\">Kalcium<br \/>\npantotenat\u00a0\u00a0\u00a0\u00a0\u00a0\u00a0 100 mg<\/p>\n<p align=\"LEFT\">folsyra\u00a0\u00a0\u00a0\u00a0\u00a0\u00a0\u00a0\u00a0\u00a0\u00a0\u00a0\u00a0\u00a0\u00a0 40 mg<\/p>\n<p align=\"LEFT\">Zink (Zn)*\u00a0\u00a0\u00a0\u00a0\u00a0\u00a0\u00a0\u00a03,000mg<\/p>\n<p align=\"LEFT\">j\u00e4rn (Fe)\u2019\u00a0\u00a0\u00a0\u00a0\u00a0\u00a0\u00a0\u00a0\u00a0 2,500 mg<\/p>\n<p align=\"LEFT\">kiselmangan<br \/>\n(Mn)*\u00a0\u00a0\u00a0\u00a0\u00a0\u00a0\u00a0\u00a0\u00a0\u00a0\u00a0\u00a0\u00a0\u00a0\u00a0 1,600 mg<\/p>\n<p align=\"LEFT\">koppar (Cu)*\u00a0\u00a0 1,000 mg<\/p>\n<p>Selen (Se)*\u00a0\u00a0\u00a0\u00a0\u00a0 \u00a015 mg<\/p>\n<p>&nbsp;<\/p>\n","protected":false},"excerpt":{"rendered":"<p>EquiForce Complete Koncentrerad multivitamin och mineraltillskott med en mycket h\u00f6g biotillg\u00e4nglighet. Baserat p\u00e5 alfaalfa, t\u00e5ng , naturliga kryddor och smaker (pepparmintolja och bockhornskl\u00f6ver), fri fr\u00e5n melass och inneh\u00e5ller enbart naturliga vitaminer och organiska sp\u00e5r\u00e4mnen f\u00f6r h\u00f6gsta n\u00e4ringsv\u00e4rde och en f\u00f6rl\u00e4ngd &hellip; <a href=\"https:\/\/westcoasttrading.se\/?page_id=1180\">L\u00e4s mer <span class=\"meta-nav\">&rarr;<\/span><\/a><\/p>\n","protected":false},"author":2,"featured_media":0,"parent":1178,"menu_order":1,"comment_status":"closed","ping_status":"closed","template":"","meta":[],"_links":{"self":[{"href":"https:\/\/westcoasttrading.se\/index.php?rest_route=\/wp\/v2\/pages\/1180"}],"collection":[{"href":"https:\/\/westcoasttrading.se\/index.php?rest_route=\/wp\/v2\/pages"}],"about":[{"href":"https:\/\/westcoasttrading.se\/index.php?rest_route=\/wp\/v2\/types\/page"}],"author":[{"embeddable":true,"href":"https:\/\/westcoasttrading.se\/index.php?rest_route=\/wp\/v2\/users\/2"}],"replies":[{"embeddable":true,"href":"https:\/\/westcoasttrading.se\/index.php?rest_route=%2Fwp%2Fv2%2Fcomments&post=1180"}],"version-history":[{"count":5,"href":"https:\/\/westcoasttrading.se\/index.php?rest_route=\/wp\/v2\/pages\/1180\/revisions"}],"predecessor-version":[{"id":1186,"href":"https:\/\/westcoasttrading.se\/index.php?rest_route=\/wp\/v2\/pages\/1180\/revisions\/1186"}],"up":[{"embeddable":true,"href":"https:\/\/westcoasttrading.se\/index.php?rest_route=\/wp\/v2\/pages\/1178"}],"wp:attachment":[{"href":"https:\/\/westcoasttrading.se\/index.php?rest_route=%2Fwp%2Fv2%2Fmedia&parent=1180"}],"curies":[{"name":"wp","href":"https:\/\/api.w.org\/{rel}","templated":true}]}}