{"id":1187,"date":"2016-12-15T18:06:13","date_gmt":"2016-12-15T17:06:13","guid":{"rendered":"http:\/\/westcoasttrading.se\/?page_id=1187"},"modified":"2016-12-15T18:06:13","modified_gmt":"2016-12-15T17:06:13","slug":"havens-equiforce-matrix-ha","status":"publish","type":"page","link":"https:\/\/westcoasttrading.se\/?page_id=1187","title":{"rendered":"Havens EquiForce Matrix HA"},"content":{"rendered":"<div id=\"attachment_1188\" style=\"width: 288px\" class=\"wp-caption alignleft\"><a href=\"https:\/\/media.westcoasttrading.se\/2016\/12\/Equiforce-Matrix-HA.jpg\"><img aria-describedby=\"caption-attachment-1188\" decoding=\"async\" loading=\"lazy\" class=\" wp-image-1188\" src=\"https:\/\/media.westcoasttrading.se\/2016\/12\/Equiforce-Matrix-HA.jpg\" alt=\"\" width=\"278\" height=\"208\" srcset=\"https:\/\/media.westcoasttrading.se\/2016\/12\/Equiforce-Matrix-HA.jpg 570w, https:\/\/media.westcoasttrading.se\/2016\/12\/Equiforce-Matrix-HA-300x225.jpg 300w\" sizes=\"(max-width: 278px) 100vw, 278px\" \/><\/a><p id=\"caption-attachment-1188\" class=\"wp-caption-text\">EquiForce Matrix HA<\/p><\/div>\n<p><strong>EquiForce Matrix HA<\/strong><br \/>\nTillskottet som bevarar och f\u00f6rb\u00e4ttrar r\u00f6relsef\u00f6rm\u00e5gan hos h\u00e4star genom att bevara och bygga upp friska leder.<br \/>\nEquiForce Matrix HA \u00e4r ett av marknadens mest koncentrerade produkter och har mycket h\u00f6ga halter av alla de fem aktiva substanserna som ger st\u00f6d \u00e5t varandra och samarbetar f\u00f6r b\u00e4sta m\u00f6jliga effekt. Den unika dubbelverkande formeln bevarar friskt brosk under tung belastning, vid ex. tr\u00e4ning och t\u00e4vling.<\/p>\n<p>Produktinneh\u00e5ll: Glukosamin, Hyaluronsyra (hyaluronsyra el HA), Chitinhydrolysat (muslingeekstraktmel), Chondroitin sulfat, MSM (methysulfonmethan) och Boswellia.<\/p>\n<p><strong>DAGLIG DOSERING<\/strong><\/p>\n<p>Tung belastning:\u00a0\u00a0\u00a0\u00a0\u00a0\u00a030 gram (2 skopor)<br \/>\nUnderh\u00e5ll\/<br \/>\nf\u00f6rebyggande:\u00a0\u00a0\u00a0\u00a0\u00a0\u00a0\u00a0\u00a0\u00a0\u00a0 15 gram (1 skopa)<\/p>\n<p><strong>Ska ej ges till dr\u00e4ktiga ston!<\/strong><\/p>\n","protected":false},"excerpt":{"rendered":"<p>EquiForce Matrix HA Tillskottet som bevarar och f\u00f6rb\u00e4ttrar r\u00f6relsef\u00f6rm\u00e5gan hos h\u00e4star genom att bevara och bygga upp friska leder. EquiForce Matrix HA \u00e4r ett av marknadens mest koncentrerade produkter och har mycket h\u00f6ga halter av alla de fem aktiva substanserna &hellip; <a href=\"https:\/\/westcoasttrading.se\/?page_id=1187\">L\u00e4s mer <span class=\"meta-nav\">&rarr;<\/span><\/a><\/p>\n","protected":false},"author":2,"featured_media":0,"parent":1178,"menu_order":2,"comment_status":"closed","ping_status":"closed","template":"","meta":[],"_links":{"self":[{"href":"https:\/\/westcoasttrading.se\/index.php?rest_route=\/wp\/v2\/pages\/1187"}],"collection":[{"href":"https:\/\/westcoasttrading.se\/index.php?rest_route=\/wp\/v2\/pages"}],"about":[{"href":"https:\/\/westcoasttrading.se\/index.php?rest_route=\/wp\/v2\/types\/page"}],"author":[{"embeddable":true,"href":"https:\/\/westcoasttrading.se\/index.php?rest_route=\/wp\/v2\/users\/2"}],"replies":[{"embeddable":true,"href":"https:\/\/westcoasttrading.se\/index.php?rest_route=%2Fwp%2Fv2%2Fcomments&post=1187"}],"version-history":[{"count":1,"href":"https:\/\/westcoasttrading.se\/index.php?rest_route=\/wp\/v2\/pages\/1187\/revisions"}],"predecessor-version":[{"id":1189,"href":"https:\/\/westcoasttrading.se\/index.php?rest_route=\/wp\/v2\/pages\/1187\/revisions\/1189"}],"up":[{"embeddable":true,"href":"https:\/\/westcoasttrading.se\/index.php?rest_route=\/wp\/v2\/pages\/1178"}],"wp:attachment":[{"href":"https:\/\/westcoasttrading.se\/index.php?rest_route=%2Fwp%2Fv2%2Fmedia&parent=1187"}],"curies":[{"name":"wp","href":"https:\/\/api.w.org\/{rel}","templated":true}]}}