{"id":1190,"date":"2016-12-15T18:10:48","date_gmt":"2016-12-15T17:10:48","guid":{"rendered":"http:\/\/westcoasttrading.se\/?page_id=1190"},"modified":"2016-12-15T18:11:13","modified_gmt":"2016-12-15T17:11:13","slug":"havens-equiforce","status":"publish","type":"page","link":"https:\/\/westcoasttrading.se\/?page_id=1190","title":{"rendered":"Havens EquiForce Magnesium"},"content":{"rendered":"<div id=\"attachment_1191\" style=\"width: 320px\" class=\"wp-caption alignleft\"><a href=\"https:\/\/media.westcoasttrading.se\/2016\/12\/Equiforce-Magnesium.jpg\"><img aria-describedby=\"caption-attachment-1191\" decoding=\"async\" loading=\"lazy\" class=\" wp-image-1191\" src=\"https:\/\/media.westcoasttrading.se\/2016\/12\/Equiforce-Magnesium.jpg\" alt=\"\" width=\"310\" height=\"265\" srcset=\"https:\/\/media.westcoasttrading.se\/2016\/12\/Equiforce-Magnesium.jpg 500w, https:\/\/media.westcoasttrading.se\/2016\/12\/Equiforce-Magnesium-300x256.jpg 300w\" sizes=\"(max-width: 310px) 100vw, 310px\" \/><\/a><p id=\"caption-attachment-1191\" class=\"wp-caption-text\"><strong>EquiForce<\/strong> <strong>Magnesium<\/strong><\/p><\/div>\n<p><strong>EquiForce Magnesium<\/strong><\/p>\n<p>Ett perfekt tillskott f\u00f6r nerv\u00f6sa och stressade h\u00e4star med lugnande effekt. Inneh\u00e5ller h\u00f6ga halter av ett l\u00e4ttupptagligt Magnesium, som \u00e4r viktig f\u00f6r h\u00e4stens muskel- och nervfunktioner. Magnesium \u00e4r \u00e4ven en av de viktigaste best\u00e5ndsdelarna av h\u00e4stens skelett.<\/p>\n<p>DAGLIG DOSERING:<\/p>\n<p>H\u00e4st:\u00a0\u00a0\u00a0 15 gram (1 skopa)<br \/>\nPonny:\u00a0\u00a0\u00a0 7-12 gram ( 1\/4 \u2013 3\/4 skopa)<\/p>\n","protected":false},"excerpt":{"rendered":"<p>EquiForce Magnesium Ett perfekt tillskott f\u00f6r nerv\u00f6sa och stressade h\u00e4star med lugnande effekt. Inneh\u00e5ller h\u00f6ga halter av ett l\u00e4ttupptagligt Magnesium, som \u00e4r viktig f\u00f6r h\u00e4stens muskel- och nervfunktioner. Magnesium \u00e4r \u00e4ven en av de viktigaste best\u00e5ndsdelarna av h\u00e4stens skelett. DAGLIG &hellip; <a href=\"https:\/\/westcoasttrading.se\/?page_id=1190\">L\u00e4s mer <span class=\"meta-nav\">&rarr;<\/span><\/a><\/p>\n","protected":false},"author":2,"featured_media":0,"parent":1178,"menu_order":3,"comment_status":"closed","ping_status":"closed","template":"","meta":[],"_links":{"self":[{"href":"https:\/\/westcoasttrading.se\/index.php?rest_route=\/wp\/v2\/pages\/1190"}],"collection":[{"href":"https:\/\/westcoasttrading.se\/index.php?rest_route=\/wp\/v2\/pages"}],"about":[{"href":"https:\/\/westcoasttrading.se\/index.php?rest_route=\/wp\/v2\/types\/page"}],"author":[{"embeddable":true,"href":"https:\/\/westcoasttrading.se\/index.php?rest_route=\/wp\/v2\/users\/2"}],"replies":[{"embeddable":true,"href":"https:\/\/westcoasttrading.se\/index.php?rest_route=%2Fwp%2Fv2%2Fcomments&post=1190"}],"version-history":[{"count":2,"href":"https:\/\/westcoasttrading.se\/index.php?rest_route=\/wp\/v2\/pages\/1190\/revisions"}],"predecessor-version":[{"id":1193,"href":"https:\/\/westcoasttrading.se\/index.php?rest_route=\/wp\/v2\/pages\/1190\/revisions\/1193"}],"up":[{"embeddable":true,"href":"https:\/\/westcoasttrading.se\/index.php?rest_route=\/wp\/v2\/pages\/1178"}],"wp:attachment":[{"href":"https:\/\/westcoasttrading.se\/index.php?rest_route=%2Fwp%2Fv2%2Fmedia&parent=1190"}],"curies":[{"name":"wp","href":"https:\/\/api.w.org\/{rel}","templated":true}]}}