{"id":1194,"date":"2016-12-15T18:17:08","date_gmt":"2016-12-15T17:17:08","guid":{"rendered":"http:\/\/westcoasttrading.se\/?page_id=1194"},"modified":"2016-12-15T18:23:01","modified_gmt":"2016-12-15T17:23:01","slug":"1194-2","status":"publish","type":"page","link":"https:\/\/westcoasttrading.se\/?page_id=1194","title":{"rendered":"Havens EquiForce Lyte"},"content":{"rendered":"<div id=\"attachment_1195\" style=\"width: 303px\" class=\"wp-caption alignleft\"><a href=\"https:\/\/media.westcoasttrading.se\/2016\/12\/Equiforce-Lyte.jpg\"><img aria-describedby=\"caption-attachment-1195\" decoding=\"async\" loading=\"lazy\" class=\"wp-image-1195 \" src=\"https:\/\/media.westcoasttrading.se\/2016\/12\/Equiforce-Lyte.jpg\" width=\"293\" height=\"219\" srcset=\"https:\/\/media.westcoasttrading.se\/2016\/12\/Equiforce-Lyte.jpg 570w, https:\/\/media.westcoasttrading.se\/2016\/12\/Equiforce-Lyte-300x225.jpg 300w\" sizes=\"(max-width: 293px) 100vw, 293px\" \/><\/a><p id=\"caption-attachment-1195\" class=\"wp-caption-text\"><strong>EquiForce Lyte<\/strong><\/p><\/div>\n<p><strong>EquiForce Lyte<br \/>\n<\/strong><br \/>\nEtt tillskott med h\u00f6gkoncentrerade elektrolyter med till\u00e4gg av organiskt bundna sp\u00e5r\u00e4mnen och kraftfulla antioxidanter.<br \/>\nGer optimal elektrolyt- och v\u00e4tskebalans.<br \/>\nGer ett effektivt skydd till musklerna och f\u00f6rb\u00e4ttrar uth\u00e5lligheten. S\u00e4kerst\u00e4ller ocks\u00e5 en h\u00f6gre\u00a0 v\u00e4tskeupptagningsf\u00f6rm\u00e5ga och st\u00f6djer en snabb \u00e5terh\u00e4mtning under och efter tung tr\u00e4ning \/ t\u00e4vling och transport.<\/p>\n<p>DAGLIG DOSERING:<\/p>\n<p>H\u00e4st:<br \/>\n10 gram per 100 kg kroppsvikt, under normala omst\u00e4ndigheter.<br \/>\n20 gram per 100 kg kroppsvikt, under perioder av h\u00e5rd tr\u00e4ning med mycket svettning f\u00f6r 2-3 dagar.<\/p>\n","protected":false},"excerpt":{"rendered":"<p>EquiForce Lyte Ett tillskott med h\u00f6gkoncentrerade elektrolyter med till\u00e4gg av organiskt bundna sp\u00e5r\u00e4mnen och kraftfulla antioxidanter. Ger optimal elektrolyt- och v\u00e4tskebalans. Ger ett effektivt skydd till musklerna och f\u00f6rb\u00e4ttrar uth\u00e5lligheten. S\u00e4kerst\u00e4ller ocks\u00e5 en h\u00f6gre\u00a0 v\u00e4tskeupptagningsf\u00f6rm\u00e5ga och st\u00f6djer en snabb \u00e5terh\u00e4mtning &hellip; <a href=\"https:\/\/westcoasttrading.se\/?page_id=1194\">L\u00e4s mer <span class=\"meta-nav\">&rarr;<\/span><\/a><\/p>\n","protected":false},"author":2,"featured_media":0,"parent":1178,"menu_order":4,"comment_status":"closed","ping_status":"closed","template":"","meta":[],"_links":{"self":[{"href":"https:\/\/westcoasttrading.se\/index.php?rest_route=\/wp\/v2\/pages\/1194"}],"collection":[{"href":"https:\/\/westcoasttrading.se\/index.php?rest_route=\/wp\/v2\/pages"}],"about":[{"href":"https:\/\/westcoasttrading.se\/index.php?rest_route=\/wp\/v2\/types\/page"}],"author":[{"embeddable":true,"href":"https:\/\/westcoasttrading.se\/index.php?rest_route=\/wp\/v2\/users\/2"}],"replies":[{"embeddable":true,"href":"https:\/\/westcoasttrading.se\/index.php?rest_route=%2Fwp%2Fv2%2Fcomments&post=1194"}],"version-history":[{"count":3,"href":"https:\/\/westcoasttrading.se\/index.php?rest_route=\/wp\/v2\/pages\/1194\/revisions"}],"predecessor-version":[{"id":1202,"href":"https:\/\/westcoasttrading.se\/index.php?rest_route=\/wp\/v2\/pages\/1194\/revisions\/1202"}],"up":[{"embeddable":true,"href":"https:\/\/westcoasttrading.se\/index.php?rest_route=\/wp\/v2\/pages\/1178"}],"wp:attachment":[{"href":"https:\/\/westcoasttrading.se\/index.php?rest_route=%2Fwp%2Fv2%2Fmedia&parent=1194"}],"curies":[{"name":"wp","href":"https:\/\/api.w.org\/{rel}","templated":true}]}}