{"id":1198,"date":"2016-12-15T18:21:22","date_gmt":"2016-12-15T17:21:22","guid":{"rendered":"http:\/\/westcoasttrading.se\/?page_id=1198"},"modified":"2016-12-15T18:22:25","modified_gmt":"2016-12-15T17:22:25","slug":"equiforce-foot","status":"publish","type":"page","link":"https:\/\/westcoasttrading.se\/?page_id=1198","title":{"rendered":"Havens EquiForce Foot"},"content":{"rendered":"<div id=\"attachment_1199\" style=\"width: 313px\" class=\"wp-caption alignleft\"><a href=\"https:\/\/media.westcoasttrading.se\/2016\/12\/Equiforce-Foot.jpg\"><img aria-describedby=\"caption-attachment-1199\" decoding=\"async\" loading=\"lazy\" class=\" wp-image-1199\" src=\"https:\/\/media.westcoasttrading.se\/2016\/12\/Equiforce-Foot.jpg\" alt=\"\" width=\"303\" height=\"259\" srcset=\"https:\/\/media.westcoasttrading.se\/2016\/12\/Equiforce-Foot.jpg 500w, https:\/\/media.westcoasttrading.se\/2016\/12\/Equiforce-Foot-300x256.jpg 300w\" sizes=\"(max-width: 303px) 100vw, 303px\" \/><\/a><p id=\"caption-attachment-1199\" class=\"wp-caption-text\"><strong>EquiForce Foot <\/strong><\/p><\/div>\n<p><strong>EquiForce Foot<\/strong><br \/>\nInneh\u00e5ller koncentrerad och l\u00e4ttsm\u00e4lt biotin kompletterad med MSM, vitaminer, j\u00e4st, essentiella aminosyror och organiskt bundna sp\u00e5r\u00e4mnen.<br \/>\nSt\u00f6der \u00e5terh\u00e4mtning och f\u00f6rst\u00e4rkning av hovv\u00e4ggen.<br \/>\nP\u00e5 grund av den l\u00e5ngsamma tillv\u00e4xten av hovv\u00e4ggen skall produkten anv\u00e4ndas \u00e5tminstone 6 m\u00e5nader. En signifikant f\u00f6rb\u00e4ttring av hovkvaliteten \u00e4r synlig redan efter 1-2 m\u00e5nader.<br \/>\nDAGLIG DOSERING:<br \/>\nH\u00e4st:\u00a0\u00a0 15 gram (1 skopa)<br \/>\nPonny:\u00a0 \u00a07,5 gram ( 1\/2 skopa)<\/p>\n","protected":false},"excerpt":{"rendered":"<p>EquiForce Foot Inneh\u00e5ller koncentrerad och l\u00e4ttsm\u00e4lt biotin kompletterad med MSM, vitaminer, j\u00e4st, essentiella aminosyror och organiskt bundna sp\u00e5r\u00e4mnen. St\u00f6der \u00e5terh\u00e4mtning och f\u00f6rst\u00e4rkning av hovv\u00e4ggen. P\u00e5 grund av den l\u00e5ngsamma tillv\u00e4xten av hovv\u00e4ggen skall produkten anv\u00e4ndas \u00e5tminstone 6 m\u00e5nader. En signifikant &hellip; <a href=\"https:\/\/westcoasttrading.se\/?page_id=1198\">L\u00e4s mer <span class=\"meta-nav\">&rarr;<\/span><\/a><\/p>\n","protected":false},"author":2,"featured_media":0,"parent":1178,"menu_order":5,"comment_status":"closed","ping_status":"closed","template":"","meta":[],"_links":{"self":[{"href":"https:\/\/westcoasttrading.se\/index.php?rest_route=\/wp\/v2\/pages\/1198"}],"collection":[{"href":"https:\/\/westcoasttrading.se\/index.php?rest_route=\/wp\/v2\/pages"}],"about":[{"href":"https:\/\/westcoasttrading.se\/index.php?rest_route=\/wp\/v2\/types\/page"}],"author":[{"embeddable":true,"href":"https:\/\/westcoasttrading.se\/index.php?rest_route=\/wp\/v2\/users\/2"}],"replies":[{"embeddable":true,"href":"https:\/\/westcoasttrading.se\/index.php?rest_route=%2Fwp%2Fv2%2Fcomments&post=1198"}],"version-history":[{"count":2,"href":"https:\/\/westcoasttrading.se\/index.php?rest_route=\/wp\/v2\/pages\/1198\/revisions"}],"predecessor-version":[{"id":1201,"href":"https:\/\/westcoasttrading.se\/index.php?rest_route=\/wp\/v2\/pages\/1198\/revisions\/1201"}],"up":[{"embeddable":true,"href":"https:\/\/westcoasttrading.se\/index.php?rest_route=\/wp\/v2\/pages\/1178"}],"wp:attachment":[{"href":"https:\/\/westcoasttrading.se\/index.php?rest_route=%2Fwp%2Fv2%2Fmedia&parent=1198"}],"curies":[{"name":"wp","href":"https:\/\/api.w.org\/{rel}","templated":true}]}}