{"id":1203,"date":"2016-12-15T18:27:53","date_gmt":"2016-12-15T17:27:53","guid":{"rendered":"http:\/\/westcoasttrading.se\/?page_id=1203"},"modified":"2016-12-15T18:28:50","modified_gmt":"2016-12-15T17:28:50","slug":"1203-2","status":"publish","type":"page","link":"https:\/\/westcoasttrading.se\/?page_id=1203","title":{"rendered":"Havens EquiForce E+"},"content":{"rendered":"<p><span lang=\"sv\"><span class=\"hps\">\u00a0\u00a0\u00a0<\/span><\/span><\/p>\n<div id=\"attachment_1204\" style=\"width: 311px\" class=\"wp-caption alignleft\"><a href=\"https:\/\/media.westcoasttrading.se\/2016\/12\/Equiforce-E.jpg\"><img aria-describedby=\"caption-attachment-1204\" decoding=\"async\" loading=\"lazy\" class=\" wp-image-1204\" src=\"https:\/\/media.westcoasttrading.se\/2016\/12\/Equiforce-E.jpg\" alt=\"\" width=\"301\" height=\"257\" srcset=\"https:\/\/media.westcoasttrading.se\/2016\/12\/Equiforce-E.jpg 500w, https:\/\/media.westcoasttrading.se\/2016\/12\/Equiforce-E-300x256.jpg 300w\" sizes=\"(max-width: 301px) 100vw, 301px\" \/><\/a><p id=\"caption-attachment-1204\" class=\"wp-caption-text\"><strong>EquiForce E+ <\/strong><\/p><\/div>\n<p><span id=\"result_box\" lang=\"sv\"><span class=\"hps\"><strong>EquiForce E+\u00a0 <\/strong><br \/>\nTillskott med koncentrerat<\/span> <span class=\"hps\">naturligt vitamin E,<\/span> <span class=\"hps\">berikad med<\/span> <span class=\"hps\">organiskt bundet<\/span> <span class=\"hps\">selen<\/span>, magnesium och <span class=\"hps\">sex<\/span> <span class=\"hps\">aminosyror<\/span>, som st\u00f6der och f\u00f6rst\u00e4rker <span class=\"hps\">effekten av<\/span> <span class=\"hps\">vitamin E<\/span>.<br \/>\n<\/span><span id=\"result_box\" lang=\"sv\"><span class=\"hps\">Stimulerar<\/span> <span class=\"hps\">muskelmassa<\/span> <span class=\"hps\">och skyddar<\/span> <span class=\"hps\">muskelcellerna<\/span> <span class=\"hps\">i<\/span> <span class=\"hps\">h\u00e4stens<\/span> <span class=\"hps\">muskler<\/span> <span class=\"hps\">under tr\u00e4ning och<\/span> <span class=\"hps atn\">(<\/span>sport) <span class=\"hps\">prestation<\/span>.<br \/>\n<span class=\"hps\">Equiforce<\/span> <span class=\"hps\">E<\/span> <span class=\"hps\">+<\/span> <span class=\"hps\">rekommenderas under<\/span> <span class=\"hps\">tung<\/span> <span class=\"hps\">tr\u00e4ning och<\/span> <span class=\"hps\">t\u00e4vlingar<\/span> <span class=\"hps\">f\u00f6r h\u00e4star med<\/span> <span class=\"hps\">k\u00e4nsliga<\/span> <span class=\"hps\">eller stela muskler<\/span>, <span class=\"hps\">och f\u00f6r unga<\/span> <span class=\"hps\">h\u00e4star som h\u00e5ller p\u00e5 att bygga upp sina muskler.<br \/>\n<\/span><\/span><\/p>\n<p>DAGLIG DOSERING<\/p>\n<p>H\u00e4st:40 gram ( 3 skopor)<br \/>\nPonny: 25-30 gram ( 2 skopor)<\/p>\n","protected":false},"excerpt":{"rendered":"<p>\u00a0\u00a0\u00a0 EquiForce E+\u00a0 Tillskott med koncentrerat naturligt vitamin E, berikad med organiskt bundet selen, magnesium och sex aminosyror, som st\u00f6der och f\u00f6rst\u00e4rker effekten av vitamin E. Stimulerar muskelmassa och skyddar muskelcellerna i h\u00e4stens muskler under tr\u00e4ning och (sport) prestation. Equiforce &hellip; <a href=\"https:\/\/westcoasttrading.se\/?page_id=1203\">L\u00e4s mer <span class=\"meta-nav\">&rarr;<\/span><\/a><\/p>\n","protected":false},"author":2,"featured_media":0,"parent":1178,"menu_order":6,"comment_status":"closed","ping_status":"closed","template":"","meta":[],"_links":{"self":[{"href":"https:\/\/westcoasttrading.se\/index.php?rest_route=\/wp\/v2\/pages\/1203"}],"collection":[{"href":"https:\/\/westcoasttrading.se\/index.php?rest_route=\/wp\/v2\/pages"}],"about":[{"href":"https:\/\/westcoasttrading.se\/index.php?rest_route=\/wp\/v2\/types\/page"}],"author":[{"embeddable":true,"href":"https:\/\/westcoasttrading.se\/index.php?rest_route=\/wp\/v2\/users\/2"}],"replies":[{"embeddable":true,"href":"https:\/\/westcoasttrading.se\/index.php?rest_route=%2Fwp%2Fv2%2Fcomments&post=1203"}],"version-history":[{"count":3,"href":"https:\/\/westcoasttrading.se\/index.php?rest_route=\/wp\/v2\/pages\/1203\/revisions"}],"predecessor-version":[{"id":1207,"href":"https:\/\/westcoasttrading.se\/index.php?rest_route=\/wp\/v2\/pages\/1203\/revisions\/1207"}],"up":[{"embeddable":true,"href":"https:\/\/westcoasttrading.se\/index.php?rest_route=\/wp\/v2\/pages\/1178"}],"wp:attachment":[{"href":"https:\/\/westcoasttrading.se\/index.php?rest_route=%2Fwp%2Fv2%2Fmedia&parent=1203"}],"curies":[{"name":"wp","href":"https:\/\/api.w.org\/{rel}","templated":true}]}}