{"id":1208,"date":"2016-12-15T18:33:28","date_gmt":"2016-12-15T17:33:28","guid":{"rendered":"http:\/\/westcoasttrading.se\/?page_id=1208"},"modified":"2016-12-15T18:34:23","modified_gmt":"2016-12-15T17:34:23","slug":"havens-equiforce-b","status":"publish","type":"page","link":"https:\/\/westcoasttrading.se\/?page_id=1208","title":{"rendered":"Havens EquiForce B+"},"content":{"rendered":"<p><span id=\"result_box\" lang=\"sv\"><span class=\"hps\">\u00a0<\/span><\/span><\/p>\n<div id=\"attachment_1209\" style=\"width: 271px\" class=\"wp-caption alignleft\"><a href=\"https:\/\/media.westcoasttrading.se\/2016\/12\/Equiforce-B.jpg\"><img aria-describedby=\"caption-attachment-1209\" decoding=\"async\" loading=\"lazy\" class=\" wp-image-1209\" src=\"https:\/\/media.westcoasttrading.se\/2016\/12\/Equiforce-B.jpg\" alt=\"\" width=\"261\" height=\"223\" srcset=\"https:\/\/media.westcoasttrading.se\/2016\/12\/Equiforce-B.jpg 500w, https:\/\/media.westcoasttrading.se\/2016\/12\/Equiforce-B-300x256.jpg 300w\" sizes=\"(max-width: 261px) 100vw, 261px\" \/><\/a><p id=\"caption-attachment-1209\" class=\"wp-caption-text\"><strong>EquiForce B+<\/strong><\/p><\/div>\n<p><strong>EquiForce B+<\/strong><br \/>\nSammansatt av <span class=\"hps\">B-vitaminer<\/span> <span class=\"hps atn\">(<\/span>B1, B2, B6 <span class=\"hps\">och<\/span> <span class=\"hps\">B12<\/span>) med <span class=\"hps\">MSM och<\/span> <span class=\"hps\">\u00f6lj\u00e4st<\/span>.<br \/>\nA<span class=\"hps\">nv\u00e4nds<\/span> <span class=\"hps\">under perioder av<\/span> <span class=\"hps\">tr\u00f6tthet<\/span>, <span class=\"hps\">aptitl\u00f6shet<\/span>, <span class=\"hps\">\u00e5ldrande<\/span>, <span class=\"hps\">i stressade situationer<\/span>, <span class=\"hps\">\u00f6kat vitaminbehov<\/span> <span class=\"hps\">under<\/span> <span class=\"hps\">tung tr\u00e4ning<\/span> <span class=\"hps\">och som st\u00f6d vid <\/span><span class=\"hps\">\u00e5terh\u00e4mtning<\/span> <span class=\"hps\">efter<\/span> <span class=\"hps\">en infektion<\/span> <span class=\"hps\">eller kirurgi<\/span>. V\u00e4ldigt bra vid p\u00e4lsf\u00e4llning.<br \/>\n<span class=\"hps\">Ger mer energi och fylla p\u00e5 h\u00e4stens vitamin B niv\u00e5er efter 2-3 veckor.<\/span><\/p>\n<p>&nbsp;<\/p>\n<p>DAGLIG DOSERING<\/p>\n<p>H\u00e4st: 40 gram (3 skopor)<br \/>\nPonny: 25-30 gram (2 skopor)<\/p>\n","protected":false},"excerpt":{"rendered":"<p>\u00a0 EquiForce B+ Sammansatt av B-vitaminer (B1, B2, B6 och B12) med MSM och \u00f6lj\u00e4st. Anv\u00e4nds under perioder av tr\u00f6tthet, aptitl\u00f6shet, \u00e5ldrande, i stressade situationer, \u00f6kat vitaminbehov under tung tr\u00e4ning och som st\u00f6d vid \u00e5terh\u00e4mtning efter en infektion eller kirurgi. &hellip; <a href=\"https:\/\/westcoasttrading.se\/?page_id=1208\">L\u00e4s mer <span class=\"meta-nav\">&rarr;<\/span><\/a><\/p>\n","protected":false},"author":2,"featured_media":0,"parent":1178,"menu_order":7,"comment_status":"closed","ping_status":"closed","template":"","meta":[],"_links":{"self":[{"href":"https:\/\/westcoasttrading.se\/index.php?rest_route=\/wp\/v2\/pages\/1208"}],"collection":[{"href":"https:\/\/westcoasttrading.se\/index.php?rest_route=\/wp\/v2\/pages"}],"about":[{"href":"https:\/\/westcoasttrading.se\/index.php?rest_route=\/wp\/v2\/types\/page"}],"author":[{"embeddable":true,"href":"https:\/\/westcoasttrading.se\/index.php?rest_route=\/wp\/v2\/users\/2"}],"replies":[{"embeddable":true,"href":"https:\/\/westcoasttrading.se\/index.php?rest_route=%2Fwp%2Fv2%2Fcomments&post=1208"}],"version-history":[{"count":1,"href":"https:\/\/westcoasttrading.se\/index.php?rest_route=\/wp\/v2\/pages\/1208\/revisions"}],"predecessor-version":[{"id":1210,"href":"https:\/\/westcoasttrading.se\/index.php?rest_route=\/wp\/v2\/pages\/1208\/revisions\/1210"}],"up":[{"embeddable":true,"href":"https:\/\/westcoasttrading.se\/index.php?rest_route=\/wp\/v2\/pages\/1178"}],"wp:attachment":[{"href":"https:\/\/westcoasttrading.se\/index.php?rest_route=%2Fwp%2Fv2%2Fmedia&parent=1208"}],"curies":[{"name":"wp","href":"https:\/\/api.w.org\/{rel}","templated":true}]}}