{"id":1211,"date":"2016-12-15T18:37:14","date_gmt":"2016-12-15T17:37:14","guid":{"rendered":"http:\/\/westcoasttrading.se\/?page_id=1211"},"modified":"2016-12-15T18:37:14","modified_gmt":"2016-12-15T17:37:14","slug":"havens-equiforce-beta","status":"publish","type":"page","link":"https:\/\/westcoasttrading.se\/?page_id=1211","title":{"rendered":"Havens EquiForce Beta+"},"content":{"rendered":"<div id=\"attachment_1212\" style=\"width: 310px\" class=\"wp-caption alignleft\"><a href=\"https:\/\/media.westcoasttrading.se\/2016\/12\/Equiforce-Beta.jpg\"><img aria-describedby=\"caption-attachment-1212\" decoding=\"async\" loading=\"lazy\" class=\"size-medium wp-image-1212\" src=\"https:\/\/media.westcoasttrading.se\/2016\/12\/Equiforce-Beta-300x256.jpg\" alt=\"\" width=\"300\" height=\"256\" srcset=\"https:\/\/media.westcoasttrading.se\/2016\/12\/Equiforce-Beta-300x256.jpg 300w, https:\/\/media.westcoasttrading.se\/2016\/12\/Equiforce-Beta.jpg 500w\" sizes=\"(max-width: 300px) 100vw, 300px\" \/><\/a><p id=\"caption-attachment-1212\" class=\"wp-caption-text\"><strong>EquiForce Beta+<\/strong><\/p><\/div>\n<p><span id=\"result_box\" lang=\"sv\"><span class=\"hps\"><strong>EquiForce Beta+<\/strong><br \/>\nTillskott f\u00f6r<\/span> <span class=\"hps\">avelsston<\/span> <span class=\"hps\">och hingstar<\/span>. <span class=\"hps\">Inneh\u00e5ller<\/span> h\u00f6ga halter<span class=\"hps\"> av<\/span> <span class=\"hps atn\">beta-<\/span>karoten, <span class=\"hps\">naturligt vitamin E <\/span><span class=\"hps\">och<\/span> <span class=\"hps\">organiskt bundet<\/span> <span class=\"hps\">selen.<\/span> <span class=\"hps\">Betakaroten<\/span> <span class=\"hps\">har en<\/span> <span class=\"hps\">positiv inverkan p\u00e5<\/span> <span class=\"hps\">fertiliteten f\u00f6r ston<\/span> och s<span class=\"hps\">t\u00f6der<\/span> <span class=\"hps\">god<\/span> <span class=\"hps\">kvalitet och kvantitet av<\/span> <span class=\"hps\">spermier hos hingstar.<br \/>\n<\/span><\/span><\/p>\n<p>DAGLIG DOSERING<br \/>\nH\u00e4st: 30 gram (2 skopor)<br \/>\nPonny: 15-20 (1,5 skopa)<\/p>\n","protected":false},"excerpt":{"rendered":"<p>EquiForce Beta+ Tillskott f\u00f6r avelsston och hingstar. Inneh\u00e5ller h\u00f6ga halter av beta-karoten, naturligt vitamin E och organiskt bundet selen. Betakaroten har en positiv inverkan p\u00e5 fertiliteten f\u00f6r ston och st\u00f6der god kvalitet och kvantitet av spermier hos hingstar. DAGLIG DOSERING &hellip; <a href=\"https:\/\/westcoasttrading.se\/?page_id=1211\">L\u00e4s mer <span class=\"meta-nav\">&rarr;<\/span><\/a><\/p>\n","protected":false},"author":2,"featured_media":0,"parent":1178,"menu_order":8,"comment_status":"closed","ping_status":"closed","template":"","meta":[],"_links":{"self":[{"href":"https:\/\/westcoasttrading.se\/index.php?rest_route=\/wp\/v2\/pages\/1211"}],"collection":[{"href":"https:\/\/westcoasttrading.se\/index.php?rest_route=\/wp\/v2\/pages"}],"about":[{"href":"https:\/\/westcoasttrading.se\/index.php?rest_route=\/wp\/v2\/types\/page"}],"author":[{"embeddable":true,"href":"https:\/\/westcoasttrading.se\/index.php?rest_route=\/wp\/v2\/users\/2"}],"replies":[{"embeddable":true,"href":"https:\/\/westcoasttrading.se\/index.php?rest_route=%2Fwp%2Fv2%2Fcomments&post=1211"}],"version-history":[{"count":1,"href":"https:\/\/westcoasttrading.se\/index.php?rest_route=\/wp\/v2\/pages\/1211\/revisions"}],"predecessor-version":[{"id":1213,"href":"https:\/\/westcoasttrading.se\/index.php?rest_route=\/wp\/v2\/pages\/1211\/revisions\/1213"}],"up":[{"embeddable":true,"href":"https:\/\/westcoasttrading.se\/index.php?rest_route=\/wp\/v2\/pages\/1178"}],"wp:attachment":[{"href":"https:\/\/westcoasttrading.se\/index.php?rest_route=%2Fwp%2Fv2%2Fmedia&parent=1211"}],"curies":[{"name":"wp","href":"https:\/\/api.w.org\/{rel}","templated":true}]}}