{"id":1214,"date":"2016-12-15T18:39:35","date_gmt":"2016-12-15T17:39:35","guid":{"rendered":"http:\/\/westcoasttrading.se\/?page_id=1214"},"modified":"2016-12-15T18:39:35","modified_gmt":"2016-12-15T17:39:35","slug":"havens-equiforce-ferro","status":"publish","type":"page","link":"https:\/\/westcoasttrading.se\/?page_id=1214","title":{"rendered":"Havens EquiForce Ferro"},"content":{"rendered":"<div id=\"attachment_1215\" style=\"width: 290px\" class=\"wp-caption alignleft\"><a href=\"https:\/\/media.westcoasttrading.se\/2016\/12\/Equiforce-Ferro.jpg\"><img aria-describedby=\"caption-attachment-1215\" decoding=\"async\" loading=\"lazy\" class=\" wp-image-1215\" src=\"https:\/\/media.westcoasttrading.se\/2016\/12\/Equiforce-Ferro-300x256.jpg\" alt=\"\" width=\"280\" height=\"239\" srcset=\"https:\/\/media.westcoasttrading.se\/2016\/12\/Equiforce-Ferro-300x256.jpg 300w, https:\/\/media.westcoasttrading.se\/2016\/12\/Equiforce-Ferro.jpg 500w\" sizes=\"(max-width: 280px) 100vw, 280px\" \/><\/a><p id=\"caption-attachment-1215\" class=\"wp-caption-text\"><strong>EquiForce Ferro<\/strong><\/p><\/div>\n<p><span id=\"result_box\" lang=\"sv\"><span class=\"hps\"><strong>EquiForce Ferro<\/strong><br \/>\nTillskott med koncentrerat<\/span> <span class=\"hps\">och<\/span> <span class=\"hps\">l\u00e4ttupptagligt<\/span> <span class=\"hps\">organiskt bundet <\/span><span class=\"hps\">j\u00e4rn<\/span>. Berikat med <span class=\"hps\">essentiella<\/span> <span class=\"hps\">aminosyror<\/span>, vitaminer och <span class=\"hps\">organiskt bundna<\/span> <span class=\"hps\">sp\u00e5r\u00e4mnen<\/span>.<br \/>\n<\/span><span id=\"result_box\" lang=\"sv\"><span class=\"hps\">J\u00e4rn<\/span> <span class=\"hps\">har en<\/span> <span class=\"hps\">gynnsam inverkan<\/span> <span class=\"hps\">p\u00e5 den normala<\/span> <span class=\"hps\">bildningen av r\u00f6da blodkroppar<\/span> <span class=\"hps\">och hemoglobin<\/span>. <span class=\"hps\">Vitamin B<\/span> <span class=\"hps\">och C<\/span> <span class=\"hps\">ger god<\/span> upptagning<span class=\"hps\"> av<\/span> <span class=\"hps\">j\u00e4rn<\/span>. <span class=\"hps\">Rekommenderad<\/span> <span class=\"hps\">f\u00f6r en optimal<\/span> <span class=\"hps\">transport av<\/span> <span class=\"hps\">syre genom<\/span> <span class=\"hps\">r\u00f6da blodkroppar<\/span> <span class=\"hps\">n\u00e4r h\u00e4sten<\/span> <span class=\"hps\">\u00e4r<\/span> <span class=\"hps\">tr\u00f6tt och<\/span> <span class=\"hps\">\/<\/span> <span class=\"hps\">eller presterar mindre bra \u00e4n vanligt och beh\u00f6ver \u00f6kad styrka i kroppen.<\/span><br \/>\n<\/span><\/p>\n<p>DAGLIG DOSERING:<\/p>\n<p>H\u00e4st:\u00a0 40 gram (3 skopor)<br \/>\nPonny:\u00a0 25-30 gram (2 skopor)<\/p>\n","protected":false},"excerpt":{"rendered":"<p>EquiForce Ferro Tillskott med koncentrerat och l\u00e4ttupptagligt organiskt bundet j\u00e4rn. Berikat med essentiella aminosyror, vitaminer och organiskt bundna sp\u00e5r\u00e4mnen. J\u00e4rn har en gynnsam inverkan p\u00e5 den normala bildningen av r\u00f6da blodkroppar och hemoglobin. Vitamin B och C ger god upptagning &hellip; <a href=\"https:\/\/westcoasttrading.se\/?page_id=1214\">L\u00e4s mer <span class=\"meta-nav\">&rarr;<\/span><\/a><\/p>\n","protected":false},"author":2,"featured_media":0,"parent":1178,"menu_order":9,"comment_status":"closed","ping_status":"closed","template":"","meta":[],"_links":{"self":[{"href":"https:\/\/westcoasttrading.se\/index.php?rest_route=\/wp\/v2\/pages\/1214"}],"collection":[{"href":"https:\/\/westcoasttrading.se\/index.php?rest_route=\/wp\/v2\/pages"}],"about":[{"href":"https:\/\/westcoasttrading.se\/index.php?rest_route=\/wp\/v2\/types\/page"}],"author":[{"embeddable":true,"href":"https:\/\/westcoasttrading.se\/index.php?rest_route=\/wp\/v2\/users\/2"}],"replies":[{"embeddable":true,"href":"https:\/\/westcoasttrading.se\/index.php?rest_route=%2Fwp%2Fv2%2Fcomments&post=1214"}],"version-history":[{"count":1,"href":"https:\/\/westcoasttrading.se\/index.php?rest_route=\/wp\/v2\/pages\/1214\/revisions"}],"predecessor-version":[{"id":1216,"href":"https:\/\/westcoasttrading.se\/index.php?rest_route=\/wp\/v2\/pages\/1214\/revisions\/1216"}],"up":[{"embeddable":true,"href":"https:\/\/westcoasttrading.se\/index.php?rest_route=\/wp\/v2\/pages\/1178"}],"wp:attachment":[{"href":"https:\/\/westcoasttrading.se\/index.php?rest_route=%2Fwp%2Fv2%2Fmedia&parent=1214"}],"curies":[{"name":"wp","href":"https:\/\/api.w.org\/{rel}","templated":true}]}}