{"id":1219,"date":"2016-12-15T18:45:22","date_gmt":"2016-12-15T17:45:22","guid":{"rendered":"http:\/\/westcoasttrading.se\/?page_id=1219"},"modified":"2016-12-15T18:46:18","modified_gmt":"2016-12-15T17:46:18","slug":"havens-equiforce-olja","status":"publish","type":"page","link":"https:\/\/westcoasttrading.se\/?page_id=1219","title":{"rendered":"Havens EquiForce Olja"},"content":{"rendered":"<p>&nbsp;<\/p>\n<div id=\"attachment_1220\" style=\"width: 294px\" class=\"wp-caption alignleft\"><a href=\"https:\/\/media.westcoasttrading.se\/2016\/12\/Equiforce-Olja.jpg\"><img aria-describedby=\"caption-attachment-1220\" decoding=\"async\" loading=\"lazy\" class=\" wp-image-1220\" src=\"https:\/\/media.westcoasttrading.se\/2016\/12\/Equiforce-Olja-300x256.jpg\" alt=\"\" width=\"284\" height=\"243\" srcset=\"https:\/\/media.westcoasttrading.se\/2016\/12\/Equiforce-Olja-300x256.jpg 300w, https:\/\/media.westcoasttrading.se\/2016\/12\/Equiforce-Olja.jpg 500w\" sizes=\"(max-width: 284px) 100vw, 284px\" \/><\/a><p id=\"caption-attachment-1220\" class=\"wp-caption-text\"><strong>EquiForce Olja<\/strong><\/p><\/div>\n<p><strong>EquiForce Olja<\/strong><br \/>\nSpecialolja f\u00f6r h\u00e4star \u2013 rik p\u00e5 omega-3,6 &amp; 9 fettsyror, lecitin och naturlig vitamin E.<br \/>\nEnergirikt fodertillskott som l\u00e4mpar sig f\u00f6r h\u00e4star i h\u00e5rt arbete h\u00e4star med d\u00e5lig kroppskondition, h\u00e4star med en tendens till matsm\u00e4ltningsproblem (f\u00f6rstoppning och\/eller kolik), liksom h\u00e4star med d\u00e5lig aptit.<br \/>\nEquiForce Oil \u00e4r ocks\u00e5 anv\u00e4ndbar om man vill \u00f6ka energim\u00e4ngden i fodret utan att ge extra spannm\u00e5lprodukter eller om man bara vill minska den totala m\u00e4ngden st\u00e4rkelse i kosten. 3 dl olja\/kan ers\u00e4tta 1 kg spannm\u00e5l.<br \/>\nDAGLIG DOSERING:<\/p>\n<p>H\u00e4st: 2-3 dl<br \/>\nPonny: 1-2 dl<\/p>\n","protected":false},"excerpt":{"rendered":"<p>&nbsp; EquiForce Olja Specialolja f\u00f6r h\u00e4star \u2013 rik p\u00e5 omega-3,6 &amp; 9 fettsyror, lecitin och naturlig vitamin E. Energirikt fodertillskott som l\u00e4mpar sig f\u00f6r h\u00e4star i h\u00e5rt arbete h\u00e4star med d\u00e5lig kroppskondition, h\u00e4star med en tendens till matsm\u00e4ltningsproblem (f\u00f6rstoppning och\/eller &hellip; <a href=\"https:\/\/westcoasttrading.se\/?page_id=1219\">L\u00e4s mer <span class=\"meta-nav\">&rarr;<\/span><\/a><\/p>\n","protected":false},"author":2,"featured_media":0,"parent":1178,"menu_order":0,"comment_status":"closed","ping_status":"closed","template":"","meta":[],"_links":{"self":[{"href":"https:\/\/westcoasttrading.se\/index.php?rest_route=\/wp\/v2\/pages\/1219"}],"collection":[{"href":"https:\/\/westcoasttrading.se\/index.php?rest_route=\/wp\/v2\/pages"}],"about":[{"href":"https:\/\/westcoasttrading.se\/index.php?rest_route=\/wp\/v2\/types\/page"}],"author":[{"embeddable":true,"href":"https:\/\/westcoasttrading.se\/index.php?rest_route=\/wp\/v2\/users\/2"}],"replies":[{"embeddable":true,"href":"https:\/\/westcoasttrading.se\/index.php?rest_route=%2Fwp%2Fv2%2Fcomments&post=1219"}],"version-history":[{"count":2,"href":"https:\/\/westcoasttrading.se\/index.php?rest_route=\/wp\/v2\/pages\/1219\/revisions"}],"predecessor-version":[{"id":1222,"href":"https:\/\/westcoasttrading.se\/index.php?rest_route=\/wp\/v2\/pages\/1219\/revisions\/1222"}],"up":[{"embeddable":true,"href":"https:\/\/westcoasttrading.se\/index.php?rest_route=\/wp\/v2\/pages\/1178"}],"wp:attachment":[{"href":"https:\/\/westcoasttrading.se\/index.php?rest_route=%2Fwp%2Fv2%2Fmedia&parent=1219"}],"curies":[{"name":"wp","href":"https:\/\/api.w.org\/{rel}","templated":true}]}}