{"id":1228,"date":"2016-12-15T20:25:45","date_gmt":"2016-12-15T19:25:45","guid":{"rendered":"http:\/\/westcoasttrading.se\/?page_id=1228"},"modified":"2016-12-15T20:41:45","modified_gmt":"2016-12-15T19:41:45","slug":"havens-hastgodis","status":"publish","type":"page","link":"https:\/\/westcoasttrading.se\/?page_id=1228","title":{"rendered":"Havens H\u00e4stgodis"},"content":{"rendered":"<div id=\"attachment_1229\" style=\"width: 310px\" class=\"wp-caption alignleft\"><a href=\"https:\/\/media.westcoasttrading.se\/2016\/12\/Havens-Lucky-cookies.png\"><img aria-describedby=\"caption-attachment-1229\" decoding=\"async\" loading=\"lazy\" class=\"size-medium wp-image-1229\" src=\"https:\/\/media.westcoasttrading.se\/2016\/12\/Havens-Lucky-cookies-300x300.png\" alt=\"\" width=\"300\" height=\"300\" srcset=\"https:\/\/media.westcoasttrading.se\/2016\/12\/Havens-Lucky-cookies-300x300.png 300w, https:\/\/media.westcoasttrading.se\/2016\/12\/Havens-Lucky-cookies-150x150.png 150w, https:\/\/media.westcoasttrading.se\/2016\/12\/Havens-Lucky-cookies.png 500w\" sizes=\"(max-width: 300px) 100vw, 300px\" \/><\/a><p id=\"caption-attachment-1229\" class=\"wp-caption-text\"><strong>Havens h\u00e4stgodis<\/strong><\/p><\/div>\n<p>Ge inte din h\u00e4st eller ponny socker utan bel\u00f6na den med nyttiga Lucky Horse Cookies!<br \/>\nDe best\u00e5r av 100% naturliga ingredienser och \u00e4r berikade med 500 mg vitamin E och mineraler.<br \/>\nBitarna har en mild vaniljsmak, f\u00f6rpackad i praktiska p\u00e5sar p\u00e5 1 kg.<\/p>\n<p>&nbsp;<\/p>\n<p>HAVENS Lucky Horse Cookies \u00e4r ett utav marknadens nyttigaste h\u00e4stgodis \u2013 bel\u00f6na din h\u00e4st ansvarsfullt.<\/p>\n","protected":false},"excerpt":{"rendered":"<p>Ge inte din h\u00e4st eller ponny socker utan bel\u00f6na den med nyttiga Lucky Horse Cookies! De best\u00e5r av 100% naturliga ingredienser och \u00e4r berikade med 500 mg vitamin E och mineraler. Bitarna har en mild vaniljsmak, f\u00f6rpackad i praktiska p\u00e5sar &hellip; <a href=\"https:\/\/westcoasttrading.se\/?page_id=1228\">L\u00e4s mer <span class=\"meta-nav\">&rarr;<\/span><\/a><\/p>\n","protected":false},"author":2,"featured_media":0,"parent":265,"menu_order":20,"comment_status":"closed","ping_status":"closed","template":"","meta":[],"_links":{"self":[{"href":"https:\/\/westcoasttrading.se\/index.php?rest_route=\/wp\/v2\/pages\/1228"}],"collection":[{"href":"https:\/\/westcoasttrading.se\/index.php?rest_route=\/wp\/v2\/pages"}],"about":[{"href":"https:\/\/westcoasttrading.se\/index.php?rest_route=\/wp\/v2\/types\/page"}],"author":[{"embeddable":true,"href":"https:\/\/westcoasttrading.se\/index.php?rest_route=\/wp\/v2\/users\/2"}],"replies":[{"embeddable":true,"href":"https:\/\/westcoasttrading.se\/index.php?rest_route=%2Fwp%2Fv2%2Fcomments&post=1228"}],"version-history":[{"count":1,"href":"https:\/\/westcoasttrading.se\/index.php?rest_route=\/wp\/v2\/pages\/1228\/revisions"}],"predecessor-version":[{"id":1230,"href":"https:\/\/westcoasttrading.se\/index.php?rest_route=\/wp\/v2\/pages\/1228\/revisions\/1230"}],"up":[{"embeddable":true,"href":"https:\/\/westcoasttrading.se\/index.php?rest_route=\/wp\/v2\/pages\/265"}],"wp:attachment":[{"href":"https:\/\/westcoasttrading.se\/index.php?rest_route=%2Fwp%2Fv2%2Fmedia&parent=1228"}],"curies":[{"name":"wp","href":"https:\/\/api.w.org\/{rel}","templated":true}]}}