{"id":1247,"date":"2017-05-08T12:52:57","date_gmt":"2017-05-08T11:52:57","guid":{"rendered":"http:\/\/westcoasttrading.se\/?page_id=1247"},"modified":"2020-07-08T12:09:38","modified_gmt":"2020-07-08T11:09:38","slug":"muhldorfer-hastfoder","status":"publish","type":"page","link":"https:\/\/westcoasttrading.se\/?page_id=1247","title":{"rendered":"M\u00fchldorfer h\u00e4stfoder"},"content":{"rendered":"<p><a href=\"https:\/\/media.westcoasttrading.se\/2017\/05\/001.jpg\"><img decoding=\"async\" loading=\"lazy\" class=\"alignleft size-medium wp-image-1248\" src=\"https:\/\/media.westcoasttrading.se\/2017\/05\/001-232x300.jpg\" alt=\"\" width=\"232\" height=\"300\" srcset=\"https:\/\/media.westcoasttrading.se\/2017\/05\/001-232x300.jpg 232w, https:\/\/media.westcoasttrading.se\/2017\/05\/001-768x992.jpg 768w, https:\/\/media.westcoasttrading.se\/2017\/05\/001-793x1024.jpg 793w, https:\/\/media.westcoasttrading.se\/2017\/05\/001.jpg 1181w\" sizes=\"(max-width: 232px) 100vw, 232px\" \/><\/a>Jag \u00e4r v\u00e4ldigt stolt \u00f6ver att\u00a0 kunna meddela att vi nu tar \u00f6ver agenturen f\u00f6r M\u00fchldorfer p\u00e5 den svenska marknaden \ud83d\ude42<br \/>\nM\u00fchldorfer \u00e4r ett tyskt premiumfoder med m\u00e5nga \u00e5rs erfarenhet och stor kunskap bakom sig.<br \/>\nDet \u00e4r ett rent foder utan tillsatser.<br \/>\nJag kom i kontakt med fodret f\u00f6r f\u00f6rsta g\u00e5ngen d\u00e5 jag har en kund, vars\u00a0h\u00e4st \u00e4r v\u00e4ldigt k\u00e4nslig f\u00f6r spannm\u00e5l \/st\u00e4rkelse. Hon hade provat en del olika fabrikat d\u00e4r man p\u00e5st\u00e5r sig ha spannfritt foder men d\u00e4r det tex visat sig finnas havreskal el dylikt i fodret och d\u00e5 reagerar hennes h\u00e4st direkt. Detta fodret fungerar klockrent f\u00f6r h\u00e4sten. Jag blev nyfiken och b\u00f6rjade unders\u00f6ka det n\u00e4rmare&#8230;<\/p>\n<p>Vi kommer nu l\u00e4gga lite tid p\u00e5 att omorganisera verksamheten och p\u00e5b\u00f6rja jobbet med att bygga upp ett \u00e5terf\u00f6rs\u00e4ljarn\u00e4t. Den n\u00e4rmsta tiden kommer vi endast ha f\u00f6rs\u00e4ljning p\u00e5 v\u00e5r egen anl\u00e4ggning i Steninge, mellan Halmstad &#8211; Falkenberg samt i norra Stockholm.<\/p>\n<p>Tills hemsidan \u00e4r mer uppdaterad om fodret s\u00e5 h\u00e4nvisar jag till den tyska hemsidan:<\/p>\n<p>https:\/\/www.muehldorfer-pferdefutter.de\/\u00a0 \u00a0 (Det g\u00e5r att klicka i svensk \u00f6vers\u00e4ttning)<\/p>\n","protected":false},"excerpt":{"rendered":"<p>Jag \u00e4r v\u00e4ldigt stolt \u00f6ver att\u00a0 kunna meddela att vi nu tar \u00f6ver agenturen f\u00f6r M\u00fchldorfer p\u00e5 den svenska marknaden \ud83d\ude42 M\u00fchldorfer \u00e4r ett tyskt premiumfoder med m\u00e5nga \u00e5rs erfarenhet och stor kunskap bakom sig. Det \u00e4r ett rent foder &hellip; <a href=\"https:\/\/westcoasttrading.se\/?page_id=1247\">L\u00e4s mer <span class=\"meta-nav\">&rarr;<\/span><\/a><\/p>\n","protected":false},"author":2,"featured_media":0,"parent":43,"menu_order":5,"comment_status":"closed","ping_status":"closed","template":"","meta":[],"_links":{"self":[{"href":"https:\/\/westcoasttrading.se\/index.php?rest_route=\/wp\/v2\/pages\/1247"}],"collection":[{"href":"https:\/\/westcoasttrading.se\/index.php?rest_route=\/wp\/v2\/pages"}],"about":[{"href":"https:\/\/westcoasttrading.se\/index.php?rest_route=\/wp\/v2\/types\/page"}],"author":[{"embeddable":true,"href":"https:\/\/westcoasttrading.se\/index.php?rest_route=\/wp\/v2\/users\/2"}],"replies":[{"embeddable":true,"href":"https:\/\/westcoasttrading.se\/index.php?rest_route=%2Fwp%2Fv2%2Fcomments&post=1247"}],"version-history":[{"count":4,"href":"https:\/\/westcoasttrading.se\/index.php?rest_route=\/wp\/v2\/pages\/1247\/revisions"}],"predecessor-version":[{"id":1396,"href":"https:\/\/westcoasttrading.se\/index.php?rest_route=\/wp\/v2\/pages\/1247\/revisions\/1396"}],"up":[{"embeddable":true,"href":"https:\/\/westcoasttrading.se\/index.php?rest_route=\/wp\/v2\/pages\/43"}],"wp:attachment":[{"href":"https:\/\/westcoasttrading.se\/index.php?rest_route=%2Fwp%2Fv2%2Fmedia&parent=1247"}],"curies":[{"name":"wp","href":"https:\/\/api.w.org\/{rel}","templated":true}]}}