{"id":1291,"date":"2018-05-25T12:28:58","date_gmt":"2018-05-25T11:28:58","guid":{"rendered":"http:\/\/westcoasttrading.se\/?page_id=1291"},"modified":"2018-05-25T12:28:58","modified_gmt":"2018-05-25T11:28:58","slug":"integritespolicy","status":"publish","type":"page","link":"https:\/\/westcoasttrading.se\/?page_id=1291","title":{"rendered":"Integritespolicy"},"content":{"rendered":"<h1>Information till kunder &#8211; GDPR<\/h1>\n<p>Den 25 maj 2018 tr\u00e4der den viktigaste delen av EU: s lagstiftning om dataskydd om 20 \u00e5r i kraft n\u00e4r EU: s allm\u00e4nna databeskrivningsf\u00f6rordning (GDPR) ers\u00e4tter direktivet om dataskyddsdirektiv 1995. Vi vet att f\u00f6rberedelser f\u00f6r denna lagstiftnings\u00e4ndring \u00e4r en prioritet f\u00f6r m\u00e5nga av v\u00e5ra kunder och det \u00e4r lika viktigt f\u00f6r oss. Idag uppdaterar vi v\u00e5r integritetspolicy som har anpassats specifikt f\u00f6r att \u00e5terspegla den nya f\u00f6rordningen.<\/p>\n<h2>Integritetspolicy 20180525<\/h2>\n<p>Westcoast AB \u00e4r ansvarig f\u00f6r behandlingen av personuppgifter som samlas in p\u00e5 webbplatsen samt personuppgifter som samlas in vid avtal f\u00f6r k\u00f6p av produkter, tj\u00e4nster och utbildningar.<\/p>\n<p>Denna integritetspolicy g\u00e4ller f\u00f6r samtlig kontakt med Westcoast AB samt f\u00f6r alla webbsidor p\u00e5 westcoasttrading.se.<\/p>\n<p>Denna integritetspolicy kan komma att \u00e4ndras \u00f6ver tid.<\/p>\n<p>Se detaljerad information i tabellen nedan<\/p>\n<h2>Personuppgifter som behandlas<\/h2>\n<p><strong>Information som inh\u00e4mtas:<\/strong><\/p>\n<ul>\n<li>F\u00f6retagsnamn<\/li>\n<li>Organistationsnummer\/personnummer<\/li>\n<li>Kontaktperson<\/li>\n<li>F\u00f6retagsadress\/fakturaadress<\/li>\n<li>Telefonnummer och e-postadress<\/li>\n<li>Information om anv\u00e4ndningen av webbplatsen, i form av bland annat vilka undersidor som bes\u00f6kt, browserinst\u00e4llningar och IP-adress.<\/li>\n<\/ul>\n<h2>Hur h\u00e4mtar vi information?<\/h2>\n<p><strong>Westcoast AB samlar in upplysningar genom:<\/strong><\/p>\n<ul>\n<li>Telefonsamtal<\/li>\n<li>Mailkonversation<\/li>\n<li>Formul\u00e4r p\u00e5 v\u00e5ra webbsidor<\/li>\n<li>Genom offertf\u00f6rfr\u00e5gan p\u00e5 v\u00e5ra webbsidor<\/li>\n<li>Ut\u00f6ver de uppgifter du sj\u00e4lv l\u00e4mnar till oss, eller som vi samlar in fr\u00e5n dig utifr\u00e5n dina k\u00f6p och hur du anv\u00e4nder v\u00e5ra tj\u00e4nster, kan vi ocks\u00e5 komma att samla in personuppgifter fr\u00e5n n\u00e5gon annan (s.k. tredje part). De uppgifter vi samlar in fr\u00e5n tredje part \u00e4r f\u00f6ljande:\n<ul>\n<li>Adressuppgifter fr\u00e5n offentliga register f\u00f6r att vara s\u00e4kra p\u00e5 att vi har r\u00e4tt<br \/>\nadressuppgifter till dig.<\/li>\n<li>Uppgifter om kreditv\u00e4rdighet fr\u00e5n kreditv\u00e4rderingsinstitut, banker eller upplysningsf\u00f6retag.<\/li>\n<\/ul>\n<\/li>\n<\/ul>\n<p>Det \u00e4r frivilligt att uppge denna information. Om du v\u00e4ljer att inte uppge personuppgifter, kan vi vara f\u00f6rhindrade fr\u00e5n att ge dig tillg\u00e5ng till vissa produkter eller tj\u00e4nster.<\/p>\n<p><strong>Exempel p\u00e5 formul\u00e4r p\u00e5 webbsidan:<\/strong><\/p>\n<ul>\n<li>Kontaktformul\u00e4r<\/li>\n<li>Vid k\u00f6p av produkter p\u00e5 v\u00e5ra webbsidor<\/li>\n<li>Vid anm\u00e4lan till utbildningar<\/li>\n<li>Vid anm\u00e4lningar till Event &amp; aktiviteter<\/li>\n<li>Vid anm\u00e4lan att motta v\u00e5ra nyhetsbrev per e-post<\/li>\n<\/ul>\n<h2>\u00c4ndam\u00e5let med information som inh\u00e4mtas<\/h2>\n<ul>\n<li>F\u00f6r att kunna ge tillg\u00e5ng till v\u00e5ra produkter och tj\u00e4nster<\/li>\n<li>F\u00f6r att kunna s\u00e4nda relevant information<\/li>\n<li>F\u00f6r att kunna ta kontakt och erbjuda v\u00e5ra produkter och tj\u00e4nster<\/li>\n<\/ul>\n<h2>Hur lagras informationen?<\/h2>\n<p>Information som inh\u00e4mtats lagras i v\u00e5ra CRM-system.<\/p>\n<h2>Hur tas information bort?<\/h2>\n<p>Information tas bort efter kundens kontakt med v\u00e5r kundtj\u00e4nst.<\/p>\n<h2>Utl\u00e4mning av information till tredje part?<\/h2>\n<p>Personuppgifter delas inte ut till tredjepart, men Westcoast AB kan anv\u00e4nda underleverant\u00f6rer f\u00f6r att leverera hela eller delar av webbplatsen. S\u00e5dana underleverant\u00f6rer kan behandla personuppgifter<br \/>\n\u00e5 Trailerimport i Nordens v\u00e4gnar.<\/p>\n<p><em>Personuppgiftsbitr\u00e4den. <\/em>I de fall det \u00e4r n\u00f6dv\u00e4ndigt f\u00f6r att vi ska kunna erbjuda v\u00e5ra tj\u00e4nster delar vi dina personuppgifter med f\u00f6retag som \u00e4r s.k. personuppgiftsbitr\u00e4den f\u00f6r oss. Ett personuppgiftsbitr\u00e4de \u00e4r ett f\u00f6retag som behandlar informationen f\u00f6r v\u00e5r r\u00e4kning och enligt v\u00e5ra instruktioner.<br \/>\nVi har personuppgiftsbitr\u00e4den som hj\u00e4lper oss med:<\/p>\n<ul>\n<li>Transporter (logistikf\u00f6retag och spedit\u00f6rer).<\/li>\n<li>Betall\u00f6sningar (kortinl\u00f6sande f\u00f6retag, banker och andra betaltj\u00e4nstleverant\u00f6rer).<\/li>\n<li>CRM (Bokf\u00f6ring, fakturering, offerter etc.)<\/li>\n<\/ul>\n<h2>Hur anv\u00e4nder vi cookies?<\/h2>\n<p>Enligt lagen om elektronisk kommunikation, som tr\u00e4dde i kraft den 25 juli 2003, ska alla som bes\u00f6ker en webbplats meddelas om cookies anv\u00e4nds. N\u00e4r du bes\u00f6ker denna webbplats sparas cookies p\u00e5 din dator. Dessa cookies \u00e4r dels s.k. sessionscookies och anv\u00e4nds bland annat f\u00f6r att h\u00e5lla reda din kundkorg n\u00e4r du handlar. Sessionscookies lagras inte under en l\u00e4ngre tid p\u00e5 din dator, utan f\u00f6rsvinner n\u00e4r du st\u00e4nger din webbl\u00e4sare. Via verktyget\u00a0<em>Google Analytics<\/em>\u00a0sparas \u00e4ven s\u00e5 kallade permanenta cookies med en maximal livstid p\u00e5 tv\u00e5 \u00e5r.<\/p>\n<p>Om du inte accepterar anv\u00e4ndning av cookies kan du st\u00e4lla in din webbl\u00e4sare s\u00e5 att den automatiskt nekar cookies eller s\u00e5 att den informerar dig om en webbsida anv\u00e4nder cookies. V\u00e5r webbsida kan l\u00e4sas utan att cookies accepteras, dock kan vissa funktioner p\u00e5 sidan vara begr\u00e4nsade.<\/p>\n<h2>R\u00e4ttigheter<\/h2>\n<p>Som anv\u00e4ndare av Westcoast AB webbplats, westcoasttrading.se, har du r\u00e4tt till att kr\u00e4va insyn i behandlingen av personuppgifter. Du kan ocks\u00e5 kr\u00e4va korrigeringar, begr\u00e4nsningar eller borttagande av personuppgifter i enlighet med personuppgiftslagen.<\/p>\n<p>N\u00e4r behandlingen av personuppgifter \u00e4r baserad p\u00e5 samtycke, kan du n\u00e4rsomhelst ta samtycket tillbaka.<\/p>\n<p>Om du tror att Westcoast AB inte har uppfyllt dina r\u00e4ttigheter enligt personuppgiftslagen, har du r\u00e4tt att \u00f6verklaga till den aktuella tillsynsmyndigheten. Detta g\u00f6rs genom att skicka ett klagom\u00e5l till Datainspektionen.<br \/>\nKontaktuppgifter finns p\u00e5:\u00a0<a href=\"https:\/\/www.datainspektionen.se\">https:\/\/www.datainspektionen.se<\/a><\/p>\n<p>&nbsp;<\/p>\n<p>Kontakt<br \/>\nWestcoast AB<br \/>\nHulab\u00e4cks G\u00e5rd<br \/>\n305 72\u00a0 STENINGE<br \/>\nKontaktperson:<br \/>\nMalin Bruhn<br \/>\nTel: 035-162253<br \/>\n<a href=\"mailto:malinbruhn@trailerimport.se\">malinbruhn@trailerimport.se<\/a><\/p>\n<h3>Vilka personuppgifter samlar vi in om dig som kund och i vilket \u00e4ndam\u00e5l?<\/h3>\n<table>\n<tbody>\n<tr>\n<td width=\"201\"><strong>\u00c4ndam\u00e5l<\/strong><\/td>\n<td width=\"201\"><strong>Behandlingar som utf\u00f6rs<\/strong><\/td>\n<td width=\"201\"><strong>Kategori av personuppgifter<\/strong><\/td>\n<\/tr>\n<tr>\n<td width=\"201\">F\u00f6r att kunna hantera k\u00f6p\/best\u00e4llning\/reklamation<\/td>\n<td width=\"201\">Leverans (inklusive avisering och kontakter r\u00f6rande leveransen). Hantering av betalning (inklusive analys av m\u00f6jliga betall\u00f6sningar vilket kan innefatta en kontroll gentemot betalningshistorik och inh\u00e4mtning av kreditupplysningar)<br \/>\nHantering av reklamations- och garanti\u00e4renden.<\/td>\n<td width=\"201\">F\u00f6retagsnamn\/namn<\/p>\n<p>Organisationsnr\/Personnummer<br \/>\nKontaktuppgifter<br \/>\n(t.ex. adress, e-post och telefon)<\/p>\n<p>Betalningshistorik<\/p>\n<p>Betalningsinformation<\/p>\n<p>Kreditupplysningar fr\u00e5n kreditupplysningsf\u00f6retag K\u00f6pinformation<br \/>\n(t.ex. vilken vara som har best\u00e4llts eller om varan ska levereras till en annan adress)<\/p>\n<p>&nbsp;<\/td>\n<\/tr>\n<tr>\n<td colspan=\"3\" width=\"604\"><strong>Laglig grund:<\/strong> <em>Fullg\u00f6rande av k\u00f6peavtalet. <\/em>Denna insamling av dina personuppgifter kr\u00e4vs f\u00f6r att vi ska kunna fullg\u00f6ra v\u00e5ra \u00e5taganden enligt k\u00f6peavtalet. Om uppgifterna inte l\u00e4mnas kan v\u00e5ra \u00e5taganden inte fullg\u00f6ras och vi tvingas d\u00e4rf\u00f6r neka dig k\u00f6pet.<\/td>\n<\/tr>\n<tr>\n<td colspan=\"3\" width=\"604\"><strong>Lagringsperiod:<\/strong> Till dess att k\u00f6pet har genomf\u00f6rts (inklusive leverans och betalning) och f\u00f6r en tid om 36 m\u00e5nader d\u00e4refter i syfte att kunna hantera eventuella reklamations- och garanti\u00e4renden.<\/td>\n<\/tr>\n<\/tbody>\n<\/table>\n<p>&nbsp;<\/p>\n<table style=\"height: 874px;\" width=\"727\">\n<tbody>\n<tr>\n<td width=\"201\"><strong>\u00c4ndam\u00e5l<\/strong><\/td>\n<td width=\"201\"><strong>Behandlingar som utf\u00f6rs<\/strong><\/td>\n<td width=\"201\"><strong>Kategori av personuppgifter<\/strong><\/td>\n<\/tr>\n<tr>\n<td width=\"201\">F\u00f6r att kunna fullg\u00f6ra f\u00f6retagets r\u00e4ttsliga f\u00f6rpliktelser.<\/td>\n<td width=\"201\">N\u00f6dv\u00e4ndig hantering f\u00f6r uppfyllande av f\u00f6retagets r\u00e4ttsliga f\u00f6rpliktelser enligt lagkrav, domslut eller myndighetsbeslut (t.ex. bokf\u00f6ringslagen)<\/td>\n<td width=\"201\">F\u00f6retagsnamn\/namn<\/p>\n<p>Organisationsnr\/Personnummer<br \/>\nKontaktuppgifter<br \/>\n(t.ex. adress, e-post och telefon)<\/p>\n<p>Betalningshistorik<\/p>\n<p>Betalningsinformation<\/p>\n<p>Din korrespondens K\u00f6pinformation<br \/>\n(t.ex. vilken vara som har best\u00e4llts eller om varan ska levereras till en annan adress).<\/p>\n<p>&nbsp;<\/td>\n<\/tr>\n<tr>\n<td colspan=\"3\" width=\"604\"><strong>Laglig grund: <\/strong><em>R\u00e4ttslig f\u00f6rpliktelse. <\/em>Denna insamling av dina personuppgifter kr\u00e4vs enligt lag. Om uppgifterna inte l\u00e4mnas kan v\u00e5r r\u00e4ttsliga skyldighet inte fullg\u00f6ras och vi tvingas d\u00e4rf\u00f6r neka dig k\u00f6pet.<\/td>\n<\/tr>\n<tr>\n<td colspan=\"3\" width=\"604\"><strong>Lagringsperiod:<\/strong> Till dess att informationen ej beh\u00f6ver finns f\u00f6r att Trailerimport ska uppfylla r\u00e4ttsliga f\u00f6rpliktelser s\u00e5som t ex. bokf\u00f6ringslagen.<\/td>\n<\/tr>\n<\/tbody>\n<\/table>\n<p>&nbsp;<\/p>\n<p>&nbsp;<\/p>\n<p>&nbsp;<\/p>\n<table>\n<tbody>\n<tr>\n<td width=\"201\"><strong>\u00c4ndam\u00e5l<\/strong><\/td>\n<td width=\"201\"><strong>Behandlingar som utf\u00f6rs<\/strong><\/td>\n<td width=\"201\"><strong>Kategori av personuppgifter<\/strong><\/td>\n<\/tr>\n<tr>\n<td width=\"201\">F\u00f6r att kunna hantera kurser<\/td>\n<td width=\"201\">Kursbekr\u00e4ftelse, kallelse, intyg p\u00e5 kursdeltagande<\/td>\n<td width=\"201\">F\u00f6retagsnamn\/namn<\/p>\n<p>Organisationsnr\/Personnummer<br \/>\nKontaktuppgifter<br \/>\n(t.ex. adress, e-post och telefon)<\/p>\n<p>Kursuppgifter<\/td>\n<\/tr>\n<tr>\n<td colspan=\"3\" width=\"604\"><strong>Laglig grund: \u00a0<\/strong>Fullg\u00f6ra v\u00e5ra kontraktuella \u00e5taganden gentemot dig och samtycke .<\/td>\n<\/tr>\n<tr>\n<td colspan=\"3\" width=\"604\"><strong>Lagringsperiod:<\/strong> \u00a0Till dess den registrerade kontaktar kundtj\u00e4nst.<\/td>\n<\/tr>\n<\/tbody>\n<\/table>\n<p>&nbsp;<\/p>\n<table>\n<tbody>\n<tr>\n<td width=\"201\"><strong>\u00c4ndam\u00e5l<\/strong><\/td>\n<td width=\"201\"><strong>Behandlingar som utf\u00f6rs<\/strong><\/td>\n<td width=\"201\"><strong>Kategori av personuppgifter<\/strong><\/td>\n<\/tr>\n<tr>\n<td width=\"201\">F\u00f6r att kunna genomf\u00f6ra och hantera deltagande i t\u00e4vlingar och\/eller event<\/td>\n<td width=\"201\">Kommunikation innan och efter deltagande i en t\u00e4vling eller ett event (t.ex. bekr\u00e4ftelse p\u00e5 anm\u00e4lningar, fr\u00e5gor eller utv\u00e4rderingar).<br \/>\nValet av vinnare och f\u00f6rmedling av eventuella vinster<\/p>\n<p>&nbsp;<\/td>\n<td width=\"201\">F\u00f6retagsnamn\/namn<\/p>\n<p>Organisationsnr\/Personnummer<br \/>\nKontaktuppgifter<br \/>\n(t.ex. adress, e-post och telefon)<\/p>\n<p>Uppgifter l\u00e4mnade i t\u00e4vlingsbidrag.<\/p>\n<p>Uppgifter l\u00e4mnade i utv\u00e4rderingar av event.<\/td>\n<\/tr>\n<tr>\n<td colspan=\"3\" width=\"604\"><strong>Laglig grund: <\/strong><em>Ber\u00e4ttigat intresse &amp; i vissa fall samtycke. <\/em>Behandlingen \u00e4r n\u00f6dv\u00e4ndig f\u00f6r att tillgodose v\u00e5rt och ditt ber\u00e4ttigade intresse av att hantera ditt deltagande i t\u00e4vlingar och\/eller event.<\/td>\n<\/tr>\n<tr>\n<td colspan=\"3\" width=\"604\"><strong>Lagringsperiod: <\/strong>Under den tid t\u00e4vlingen\/eventet (inklusive ev. utv\u00e4rdering) p\u00e5g\u00e5r.<\/td>\n<\/tr>\n<\/tbody>\n<\/table>\n<p>&nbsp;<\/p>\n<table>\n<tbody>\n<tr>\n<td width=\"201\"><strong>\u00c4ndam\u00e5l<\/strong><\/td>\n<td width=\"201\"><strong>Behandlingar som utf\u00f6rs<\/strong><\/td>\n<td width=\"201\"><strong>Kategori av personuppgifter<\/strong><\/td>\n<\/tr>\n<tr>\n<td width=\"201\">Kommunikation<\/td>\n<td width=\"201\">Kommunikation via hemsida,<br \/>\nmail &amp; telefon\u00f6r att kunna informera om v\u00e5ra produkter och erbjudanden<\/p>\n<p>&nbsp;<\/td>\n<td width=\"201\">F\u00f6retagsnamn\/namn<\/p>\n<p>Organisationsnr\/Personnummer<br \/>\nKontaktuppgifter<br \/>\n(t.ex. adress, e-post och telefon)<\/p>\n<p>Meddelande i l\u00f6ptext<\/td>\n<\/tr>\n<tr>\n<td colspan=\"3\" width=\"604\"><strong>Laglig grund: <\/strong><em>Ber\u00e4ttigat intresse &amp; i vissa fall samtycke. <\/em>Behandlingen \u00e4r n\u00f6dv\u00e4ndig f\u00f6r att tillgodose v\u00e5rt och ditt ber\u00e4ttigade intresse av att f\u00e5 l\u00f6pande information fr\u00e5n Trailerimport.<\/td>\n<\/tr>\n<tr>\n<td colspan=\"3\" width=\"604\"><strong>Lagringsperiod: <\/strong>Till dess den registrerade kontaktar kundtj\u00e4nst.<\/td>\n<\/tr>\n<\/tbody>\n<\/table>\n<p>&nbsp;<\/p>\n<p>&nbsp;<\/p>\n","protected":false},"excerpt":{"rendered":"<p>Information till kunder &#8211; GDPR Den 25 maj 2018 tr\u00e4der den viktigaste delen av EU: s lagstiftning om dataskydd om 20 \u00e5r i kraft n\u00e4r EU: s allm\u00e4nna databeskrivningsf\u00f6rordning (GDPR) ers\u00e4tter direktivet om dataskyddsdirektiv 1995. Vi vet att f\u00f6rberedelser f\u00f6r &hellip; <a href=\"https:\/\/westcoasttrading.se\/?page_id=1291\">L\u00e4s mer <span class=\"meta-nav\">&rarr;<\/span><\/a><\/p>\n","protected":false},"author":2,"featured_media":0,"parent":2,"menu_order":0,"comment_status":"closed","ping_status":"closed","template":"","meta":[],"_links":{"self":[{"href":"https:\/\/westcoasttrading.se\/index.php?rest_route=\/wp\/v2\/pages\/1291"}],"collection":[{"href":"https:\/\/westcoasttrading.se\/index.php?rest_route=\/wp\/v2\/pages"}],"about":[{"href":"https:\/\/westcoasttrading.se\/index.php?rest_route=\/wp\/v2\/types\/page"}],"author":[{"embeddable":true,"href":"https:\/\/westcoasttrading.se\/index.php?rest_route=\/wp\/v2\/users\/2"}],"replies":[{"embeddable":true,"href":"https:\/\/westcoasttrading.se\/index.php?rest_route=%2Fwp%2Fv2%2Fcomments&post=1291"}],"version-history":[{"count":1,"href":"https:\/\/westcoasttrading.se\/index.php?rest_route=\/wp\/v2\/pages\/1291\/revisions"}],"predecessor-version":[{"id":1292,"href":"https:\/\/westcoasttrading.se\/index.php?rest_route=\/wp\/v2\/pages\/1291\/revisions\/1292"}],"up":[{"embeddable":true,"href":"https:\/\/westcoasttrading.se\/index.php?rest_route=\/wp\/v2\/pages\/2"}],"wp:attachment":[{"href":"https:\/\/westcoasttrading.se\/index.php?rest_route=%2Fwp%2Fv2%2Fmedia&parent=1291"}],"curies":[{"name":"wp","href":"https:\/\/api.w.org\/{rel}","templated":true}]}}