{"id":1407,"date":"2020-07-09T12:15:40","date_gmt":"2020-07-09T11:15:40","guid":{"rendered":"http:\/\/westcoasttrading.se\/?page_id=1407"},"modified":"2020-07-09T12:15:40","modified_gmt":"2020-07-09T11:15:40","slug":"hygain-mitavite","status":"publish","type":"page","link":"https:\/\/westcoasttrading.se\/?page_id=1407","title":{"rendered":"Hygain &#038; Mitavite"},"content":{"rendered":"<p class=\"\"><strong><img decoding=\"async\" loading=\"lazy\" class=\"\" src=\"https:\/\/images.squarespace-cdn.com\/content\/v1\/5a26d1e4e9bfdf9d3833d2dd\/1563887016538-C5OUT2MQ1L5943IUAPIG\/ke17ZwdGBToddI8pDm48kBO8n0aAbX4JzsITzQ4vOZUUqsxRUqqbr1mOJYKfIPR7LoDQ9mXPOjoJoqy81S2I8N_N4V1vUb5AoIIIbLZhVYxCRW4BPu10St3TBAUQYVKcGSL95KwUi6vkKKc_h40qCz6ADR5sBLnrQWAW-xWEofJMHBjoG8ktnZvkqfAVDQB-\/Loggor.png?format=500w\" alt=\"Loggor.png\" width=\"641\" height=\"254\" \/><br \/>\nHYGAIN\u00ae<\/strong> och <strong>MITAVITE\u00ae <\/strong>foder och tillskott har tagits fram baserat p\u00e5 den senaste forskningen. Vi vill ge dig och din h\u00e4st de b\u00e4sta f\u00f6ruts\u00e4ttningarna f\u00f6r h\u00e4lsa, v\u00e4lm\u00e5ende och prestation. Vi har foder och tillskott f\u00f6r alla h\u00e4star i alla \u00e5ldrar och alla discipliner. Vi \u00e4r v\u00e4ldigt stolta \u00f6ver att kunna erbjuda <strong>ett av de 3 foder i v\u00e4rlden som godk\u00e4nts av Laminitis Trust f\u00f6r f\u00e5ngh\u00e4star.<\/strong><\/p>\n<p class=\"\"><strong> Alla v\u00e5ra produkter \u00e4r fria fr\u00e5n GMO!<\/strong><\/p>\n<p class=\"\">Vi har flertalet <strong>spannm\u00e5lsfria foder<\/strong>. Vi har ocks\u00e5 flertalet<strong> kraftfoder-koncentrat <\/strong>som kr\u00e4ver<strong> extremt l\u00e5g giva, <\/strong>runt<strong> 0,8-1,0 kg <\/strong>brukar vara l\u00e4mpligt till ett halvblod i medelh\u00e5rd tr\u00e4ning, och \u00e4r s\u00e5 pass komplett att det<strong> v\u00e4ldigt s\u00e4llan kr\u00e4vs ytterligare tillskott av vitaminer och mineraler. <\/strong><\/p>\n<p class=\"\">Vi har ocks\u00e5 en <strong>Hyaluronsyra med hela 2 miljoner Dalton<\/strong> i molekylvikt, h\u00f6gsta molekylvikten p\u00e5 Skandinaviska marknaden, som binder mer v\u00e4tska \u00e4n de med l\u00e4gre molekylvikt och d\u00e4rmed st\u00f6td\u00e4mpar och sm\u00f6rjer b\u00e4ttre.\u00a0Den har \u00e4ven h\u00f6gst koncentration verksamt \u00e4mne. Den \u00e4r <strong>karensfri<\/strong> f\u00f6r t\u00e4vlan.<\/p>\n<p class=\"\">Vi har \u00e4ven en <strong>Riskliolja <\/strong>med<strong> naturligt anabola gamma-oryzanol <\/strong>som \u00f6kar muskeltillv\u00e4xt och \u00e4r<strong> karensfri<\/strong> f\u00f6r t\u00e4vlan.<\/p>\n<p class=\"\">Tillsvidare d\u00e5 denna sida inte l\u00e4ngre uppdateras (bygger ny hemsida) s\u00e5 h\u00e4nvisar vi till import\u00f6rens hemsida f\u00f6r mer info om Hygain och Mitavites foder samt tillskott.<\/p>\n<p>https:\/\/www.aussieequine.se\/<\/p>\n","protected":false},"excerpt":{"rendered":"<p>HYGAIN\u00ae och MITAVITE\u00ae foder och tillskott har tagits fram baserat p\u00e5 den senaste forskningen. Vi vill ge dig och din h\u00e4st de b\u00e4sta f\u00f6ruts\u00e4ttningarna f\u00f6r h\u00e4lsa, v\u00e4lm\u00e5ende och prestation. Vi har foder och tillskott f\u00f6r alla h\u00e4star i alla \u00e5ldrar &hellip; <a href=\"https:\/\/westcoasttrading.se\/?page_id=1407\">L\u00e4s mer <span class=\"meta-nav\">&rarr;<\/span><\/a><\/p>\n","protected":false},"author":2,"featured_media":0,"parent":43,"menu_order":6,"comment_status":"closed","ping_status":"closed","template":"","meta":[],"_links":{"self":[{"href":"https:\/\/westcoasttrading.se\/index.php?rest_route=\/wp\/v2\/pages\/1407"}],"collection":[{"href":"https:\/\/westcoasttrading.se\/index.php?rest_route=\/wp\/v2\/pages"}],"about":[{"href":"https:\/\/westcoasttrading.se\/index.php?rest_route=\/wp\/v2\/types\/page"}],"author":[{"embeddable":true,"href":"https:\/\/westcoasttrading.se\/index.php?rest_route=\/wp\/v2\/users\/2"}],"replies":[{"embeddable":true,"href":"https:\/\/westcoasttrading.se\/index.php?rest_route=%2Fwp%2Fv2%2Fcomments&post=1407"}],"version-history":[{"count":1,"href":"https:\/\/westcoasttrading.se\/index.php?rest_route=\/wp\/v2\/pages\/1407\/revisions"}],"predecessor-version":[{"id":1408,"href":"https:\/\/westcoasttrading.se\/index.php?rest_route=\/wp\/v2\/pages\/1407\/revisions\/1408"}],"up":[{"embeddable":true,"href":"https:\/\/westcoasttrading.se\/index.php?rest_route=\/wp\/v2\/pages\/43"}],"wp:attachment":[{"href":"https:\/\/westcoasttrading.se\/index.php?rest_route=%2Fwp%2Fv2%2Fmedia&parent=1407"}],"curies":[{"name":"wp","href":"https:\/\/api.w.org\/{rel}","templated":true}]}}