{"id":1417,"date":"2020-07-09T12:40:03","date_gmt":"2020-07-09T11:40:03","guid":{"rendered":"http:\/\/westcoasttrading.se\/?page_id=1417"},"modified":"2020-07-09T12:41:33","modified_gmt":"2020-07-09T11:41:33","slug":"alosin-hovsalva","status":"publish","type":"page","link":"https:\/\/westcoasttrading.se\/?page_id=1417","title":{"rendered":"Alosin hovsalva"},"content":{"rendered":"<div class=\"et_pb_row et_pb_row_1\">\n<div class=\"et_pb_column et_pb_column_4_4 et_pb_column_1 et_pb_css_mix_blend_mode_passthrough et-last-child\">\n<div class=\"et_pb_module et_pb_text et_pb_text_1 et_pb_text_align_left et_pb_bg_layout_light\">\n<div class=\"et_pb_text_inner\">\n<h1><strong>Det b\u00e4sta f\u00f6r h\u00e4sten sedan 1950<br \/>\n<img decoding=\"async\" src=\"https:\/\/alosin.se\/wp-content\/uploads\/2017\/03\/dsc0441.png\" \/><br \/>\n<\/strong><\/h1>\n<\/div>\n<\/div>\n<\/div>\n<\/div>\n<div class=\"et_pb_row et_pb_row_2\">\n<div class=\"et_pb_column et_pb_column_1_2 et_pb_column_2 et_pb_css_mix_blend_mode_passthrough\">\n<div class=\"et_pb_module et_pb_text et_pb_text_2 et_pb_text_align_left et_pb_bg_layout_light\">\n<div class=\"et_pb_text_inner\">\n<p><em><strong>alosin<\/strong><\/em>\u00a0\u2013 den b\u00e4sta hovsalvan p\u00e5 marknaden.<\/p>\n<p><em><strong>alosin<\/strong><\/em>\u00a0har anv\u00e4nts inom travsporten sedan femtio-talet och \u00e4r enligt hovslagare, travtr\u00e4nare och h\u00e4stfolk den b\u00e4sta produkten p\u00e5 marknaden.<\/p>\n<p><em><strong>alosin<\/strong><\/em>\u00a0anv\u00e4nds vid hovsprickor, f\u00f6rtr\u00e4ngda f\u00f6tter, traktsprickor, torrsprickor, sk\u00f6ra hovar, str\u00e5lr\u00f6ta, torra karleder, och mugg, m.m.<\/p>\n<p><em><strong>alosin<\/strong><\/em>\u00a0\u00e4r framtagen specifikt f\u00f6r h\u00e4sten men kan ocks\u00e5 anv\u00e4ndas till trampdynor p\u00e5 husdjur och sm\u00f6rjning av l\u00e4der, s\u00e5 som sadlar, och seldon m.m.<\/p>\n<p><em><strong>alosin<\/strong><\/em>\u00a0rekommenderas av veterin\u00e4rer och hovslagare i hela Norden.<\/p>\n<p><em><strong>alosin<\/strong><\/em>\u00a0inneh\u00e5ller \u00e4mnen som \u00e4r bakteried\u00f6dande och \u00e5terfettande. Det \u00e4r l\u00e4kande p\u00e5 de flesta hud\u00e5kommor, \u00e4ven eksem och trampskador.<\/p>\n<p><strong>alosin<\/strong>\u00a0gynnar hovens fuktupptagning. Salvan sm\u00f6rjes in med l\u00e4tt massage i kronranden, detta bidrar till att hoven kan ta upp vatten och beh\u00e5lla fukten i hornet l\u00e4ngre.<\/p>\n<p><em><strong>alosin<\/strong><\/em>\u00a0anv\u00e4nds vid hovsprickor, f\u00f6rtr\u00e4ngda f\u00f6tter, traktsprickor, torrsprickor, sk\u00f6ra hovar, str\u00e5lr\u00f6ta, torra karleder, och mugg, m.m.<\/p>\n<p><em><strong>alosin<\/strong><\/em>\u00a0anv\u00e4nds ocks\u00e5 som spensalva p\u00e5 kor.<\/p>\n<p>Tillverkas av r\u00e5varor med h\u00f6gsta kvalitet, och har obegr\u00e4nsad h\u00e5llbarhet utan att inneh\u00e5lla konserveringsmedel.\u00a0Alosin\u00a0s\u00e4ljs i b\u00e5de 0,4 liter\u00a0och 1,8 liter f\u00f6rpackningar<\/p>\n<\/div>\n<\/div>\n<\/div>\n<\/div>\n","protected":false},"excerpt":{"rendered":"<p>Det b\u00e4sta f\u00f6r h\u00e4sten sedan 1950 alosin\u00a0\u2013 den b\u00e4sta hovsalvan p\u00e5 marknaden. alosin\u00a0har anv\u00e4nts inom travsporten sedan femtio-talet och \u00e4r enligt hovslagare, travtr\u00e4nare och h\u00e4stfolk den b\u00e4sta produkten p\u00e5 marknaden. alosin\u00a0anv\u00e4nds vid hovsprickor, f\u00f6rtr\u00e4ngda f\u00f6tter, traktsprickor, torrsprickor, sk\u00f6ra hovar, str\u00e5lr\u00f6ta, &hellip; <a href=\"https:\/\/westcoasttrading.se\/?page_id=1417\">L\u00e4s mer <span class=\"meta-nav\">&rarr;<\/span><\/a><\/p>\n","protected":false},"author":2,"featured_media":0,"parent":0,"menu_order":60,"comment_status":"closed","ping_status":"closed","template":"","meta":[],"_links":{"self":[{"href":"https:\/\/westcoasttrading.se\/index.php?rest_route=\/wp\/v2\/pages\/1417"}],"collection":[{"href":"https:\/\/westcoasttrading.se\/index.php?rest_route=\/wp\/v2\/pages"}],"about":[{"href":"https:\/\/westcoasttrading.se\/index.php?rest_route=\/wp\/v2\/types\/page"}],"author":[{"embeddable":true,"href":"https:\/\/westcoasttrading.se\/index.php?rest_route=\/wp\/v2\/users\/2"}],"replies":[{"embeddable":true,"href":"https:\/\/westcoasttrading.se\/index.php?rest_route=%2Fwp%2Fv2%2Fcomments&post=1417"}],"version-history":[{"count":1,"href":"https:\/\/westcoasttrading.se\/index.php?rest_route=\/wp\/v2\/pages\/1417\/revisions"}],"predecessor-version":[{"id":1418,"href":"https:\/\/westcoasttrading.se\/index.php?rest_route=\/wp\/v2\/pages\/1417\/revisions\/1418"}],"wp:attachment":[{"href":"https:\/\/westcoasttrading.se\/index.php?rest_route=%2Fwp%2Fv2%2Fmedia&parent=1417"}],"curies":[{"name":"wp","href":"https:\/\/api.w.org\/{rel}","templated":true}]}}