{"id":145,"date":"2010-12-02T09:33:53","date_gmt":"2010-12-02T08:33:53","guid":{"rendered":"http:\/\/westcoasttrading.se\/?page_id=145"},"modified":"2015-08-31T06:03:07","modified_gmt":"2015-08-31T05:03:07","slug":"ford-f-100-custom-1954","status":"publish","type":"page","link":"https:\/\/westcoasttrading.se\/?page_id=145","title":{"rendered":"Ford F-100 Custom 1954 -S\u00c5LD"},"content":{"rendered":"<h2><strong><\/strong>Ford F-100 Custom 1954<\/h2>\n<p>Byggd p\u00e5 4 m\u00e5nader fr\u00e5n skrot till utst\u00e4llningsvinnare.<\/p>\n<p><a href=\"https:\/\/media.westcoasttrading.se\/2010\/12\/Kopia-2-av-Image60.jpg\"><img decoding=\"async\" loading=\"lazy\" title=\"Kopia (2) av Image60\" src=\"https:\/\/media.westcoasttrading.se\/2010\/12\/Kopia-2-av-Image60-150x150.jpg\" alt=\"\" width=\"150\" height=\"150\" \/><\/a><a href=\"https:\/\/media.westcoasttrading.se\/2010\/12\/Kopia-2-av-Image57.jpg\"><img decoding=\"async\" loading=\"lazy\" title=\"Kopia (2) av Image57\" src=\"https:\/\/media.westcoasttrading.se\/2010\/12\/Kopia-2-av-Image57-150x150.jpg\" alt=\"\" width=\"150\" height=\"150\" \/><\/a><a href=\"https:\/\/media.westcoasttrading.se\/2010\/12\/Image66.jpg\"><img decoding=\"async\" loading=\"lazy\" title=\"Image66\" src=\"https:\/\/media.westcoasttrading.se\/2010\/12\/Image66-150x150.jpg\" alt=\"\" width=\"150\" height=\"150\" \/><\/a><a href=\"https:\/\/media.westcoasttrading.se\/2010\/12\/Image53.jpg\"><img decoding=\"async\" loading=\"lazy\" title=\"Image53\" src=\"https:\/\/media.westcoasttrading.se\/2010\/12\/Image53-150x150.jpg\" alt=\"\" width=\"150\" height=\"150\" \/><\/a><a href=\"https:\/\/media.westcoasttrading.se\/2010\/12\/Image43.jpg\"><img decoding=\"async\" loading=\"lazy\" title=\"Image43\" src=\"https:\/\/media.westcoasttrading.se\/2010\/12\/Image43-150x150.jpg\" alt=\"\" width=\"150\" height=\"150\" \/><\/a><a href=\"https:\/\/media.westcoasttrading.se\/2010\/12\/Image55.jpg\"><img decoding=\"async\" loading=\"lazy\" title=\"Image55\" src=\"https:\/\/media.westcoasttrading.se\/2010\/12\/Image55-150x150.jpg\" alt=\"\" width=\"150\" height=\"150\" \/><\/a><a href=\"https:\/\/media.westcoasttrading.se\/2010\/12\/Kopia-2-av-utstall_16.jpg\"><img decoding=\"async\" loading=\"lazy\" title=\"Kopia (2) av utstall_16\" src=\"https:\/\/media.westcoasttrading.se\/2010\/12\/Kopia-2-av-utstall_16-150x150.jpg\" alt=\"\" width=\"150\" height=\"150\" \/><\/a><a href=\"https:\/\/media.westcoasttrading.se\/2010\/12\/Kopia-2-av-utstall_18.jpg\"><img decoding=\"async\" loading=\"lazy\" title=\"Kopia (2) av utstall_18\" src=\"https:\/\/media.westcoasttrading.se\/2010\/12\/Kopia-2-av-utstall_18-150x150.jpg\" alt=\"\" width=\"150\" height=\"150\" \/><\/a>Motor: Corvette LT1 V8 fr\u00e5n -94<\/p>\n<p>V\u00e4xell\u00e5da: TH700R4<\/p>\n<p>Avgassystem: Polerat rostfritt i tre tums r\u00f6r.<\/p>\n<p>Framvagn: Corvette -87<\/p>\n<p>Bakvagn: Corvette -87<\/p>\n<p>Ram: Original Ford 1954 boxad och ombyggd<\/p>\n<p>Kaross: Flipfront i glasfiber, elstyrd med cabkolvar fr\u00e5n ford -57, breddade baksk\u00e4rmar i glasfiber, ombyggt originalflak med bakljus fr\u00e5n C4 Corvette, hytten rensad fr\u00e5n d\u00f6rrhandtag och tanklock med mera.<\/p>\n<p>Inredning: ombyggda snurrstolar fr\u00e5n Chevrolet Monte Carlo, Ombyggd instrumentbr\u00e4da fr\u00e5n Thunderbird, V\u00e4xelspak fr\u00e5n Camaro -69, Stereoanl\u00e4ggning fr\u00e5n Alpine, Instrument fr\u00e5n Auto Meter.<\/p>\n<p>F\u00e4lgar: Specialbest\u00e4llda billet f\u00e4lgar fr\u00e5n Boyd Coddington<\/p>\n<p>D\u00e4ck: Bridgestone Potenza 20 tummare<\/p>\n<p>Lackering: Specialbruten effektlack med motivlackade emblem.<\/p>\n","protected":false},"excerpt":{"rendered":"<p>Ford F-100 Custom 1954 Byggd p\u00e5 4 m\u00e5nader fr\u00e5n skrot till utst\u00e4llningsvinnare. Motor: Corvette LT1 V8 fr\u00e5n -94 V\u00e4xell\u00e5da: TH700R4 Avgassystem: Polerat rostfritt i tre tums r\u00f6r. Framvagn: Corvette -87 Bakvagn: Corvette -87 Ram: Original Ford 1954 boxad och ombyggd &hellip; <a href=\"https:\/\/westcoasttrading.se\/?page_id=145\">L\u00e4s mer <span class=\"meta-nav\">&rarr;<\/span><\/a><\/p>\n","protected":false},"author":2,"featured_media":182,"parent":54,"menu_order":4,"comment_status":"open","ping_status":"open","template":"","meta":[],"_links":{"self":[{"href":"https:\/\/westcoasttrading.se\/index.php?rest_route=\/wp\/v2\/pages\/145"}],"collection":[{"href":"https:\/\/westcoasttrading.se\/index.php?rest_route=\/wp\/v2\/pages"}],"about":[{"href":"https:\/\/westcoasttrading.se\/index.php?rest_route=\/wp\/v2\/types\/page"}],"author":[{"embeddable":true,"href":"https:\/\/westcoasttrading.se\/index.php?rest_route=\/wp\/v2\/users\/2"}],"replies":[{"embeddable":true,"href":"https:\/\/westcoasttrading.se\/index.php?rest_route=%2Fwp%2Fv2%2Fcomments&post=145"}],"version-history":[{"count":23,"href":"https:\/\/westcoasttrading.se\/index.php?rest_route=\/wp\/v2\/pages\/145\/revisions"}],"predecessor-version":[{"id":968,"href":"https:\/\/westcoasttrading.se\/index.php?rest_route=\/wp\/v2\/pages\/145\/revisions\/968"}],"up":[{"embeddable":true,"href":"https:\/\/westcoasttrading.se\/index.php?rest_route=\/wp\/v2\/pages\/54"}],"wp:featuredmedia":[{"embeddable":true,"href":"https:\/\/westcoasttrading.se\/index.php?rest_route=\/wp\/v2\/media\/182"}],"wp:attachment":[{"href":"https:\/\/westcoasttrading.se\/index.php?rest_route=%2Fwp%2Fv2%2Fmedia&parent=145"}],"curies":[{"name":"wp","href":"https:\/\/api.w.org\/{rel}","templated":true}]}}