{"id":2,"date":"2010-12-01T11:59:36","date_gmt":"2010-12-01T10:59:36","guid":{"rendered":"http:\/\/westcoasttrading.se\/?page_id=2"},"modified":"2021-01-20T09:37:42","modified_gmt":"2021-01-20T08:37:42","slug":"about","status":"publish","type":"page","link":"https:\/\/westcoasttrading.se\/?page_id=2","title":{"rendered":"Om oss"},"content":{"rendered":"<p>Westcoast AB drivs av Malin Bruhn och Per Lindqvist.<\/p>\n<p>Vi\u00a0\u00e4r numera stolt import\u00f6r f\u00f6r Svenska marknaden p\u00e5 M\u00fchldorfers hela utbud med flera underleverant\u00f6rer \ud83d\ude09 Vi kommer ha huvudlagret i Steninge, utanf\u00f6r halmstad samt bygga upp ett \u00e5terf\u00f6rs\u00e4ljarn\u00e4t i helas Sverige inom kort.<br \/>\nUt\u00f6ver det \u00e4r vi \u00e4ven \u00e5terf\u00f6rs\u00e4ljare\u00a0f\u00f6r Saracen, Havens, MaxiRice, Hygain, Speedi beet och tar hem hela Spannex sortiment p\u00e5 order.<\/p>\n<p>Ut\u00f6ver fodret s\u00e4ljer vi \u00e4ven\u00a0produkter fr\u00e5n\u00a0Greystone.<br \/>\nOBS!! F\u00f6r tillf\u00e4llet lagerh\u00e5ller vi inga maskiner fr\u00e5n Greystone&#8230;. Detta pga \u00e4ndrade leveransvillkor och prisl\u00e4ge. Vi hoppas p\u00e5 \u00e4ndring inom kort&#8230;&#8230;<\/p>\n<p>Vi s\u00e4ljer stallsp\u00e5n fr\u00e5n tyska Goldspan som h\u00e5ller mkt h\u00f6g kvalite&#8217; med valbara varianter beroende p\u00e5 om ni \u00f6nskar h\u00f6g uppsugningsf\u00f6rm\u00e5ga eller \u00e4r i behov av s\u00e5 n\u00e4ra damfritt det kan bli \ud83d\ude09 sp\u00e5net vi levererar kommer dock fr\u00e5n v\u00e4stkusten inte l\u00e5ngt fr\u00e5n oss sj\u00e4lva. Vi kommer endast ta hem sp\u00e5n fr\u00e5n specialsortimentet fr\u00e5n huvudfabriken i Tyskland.<\/p>\n<p>En ny sp\u00e4nnande leverant\u00f6r \u00e4r Hippofix som \u00e4r k\u00e4nda f\u00f6r s\u00e5v\u00e4l sin vattenrening som s\u00e5rtv\u00e4tt.<\/p>\n<p>Vi\u00a0h\u00e5ller \u00e4ven p\u00e5 att utforma\u00a0en h\u00e4stverksamhet p\u00e5 g\u00e5rden\u00a0och en hel del andra sp\u00e4nnande nyheter ;-).<\/p>\n<p>Vi erbjuder konsulttj\u00e4nster\u00a0samt utbildning inom f\u00f6rs\u00e4ljning.<\/p>\n<p><strong>Vi har tyv\u00e4rr valt att l\u00e4gga ner v\u00e5ra uppskattade charterturer och s\u00e4ljer nu av samtliga b\u00e5tar. Sist ut \u00e4r v\u00e5r \u00f6gonsten Gamecock, ett tillf\u00e4lle som aldrig kommer igen (!) Detta \u00e4r en specialdesignad b\u00e5t som vunnit flertalet race i USA innan den kom till oss i Sverige. ONE OF THE KIND (!)<\/strong><\/p>\n<p>B\u00e5de Malin och Per \u00e4r aktiva i f\u00f6retagsledningen i Trailerimport i Norden AB som \u00e4r generalagent i Sverige f\u00f6r Ifor Williams h\u00e4sttransporter &amp; personbilssl\u00e4p. Sl\u00e4pf\u00f6rs\u00e4ljningen ligger numera i Gullbrandstorp d\u00e4r trailerimport numera har sin verksamhet i egna lokaler.<\/p>\n<p>Vi ligger i vackra Steninge cirka 17 km norr om Halmstad.<\/p>\n","protected":false},"excerpt":{"rendered":"<p>Westcoast AB drivs av Malin Bruhn och Per Lindqvist. Vi\u00a0\u00e4r numera stolt import\u00f6r f\u00f6r Svenska marknaden p\u00e5 M\u00fchldorfers hela utbud med flera underleverant\u00f6rer \ud83d\ude09 Vi kommer ha huvudlagret i Steninge, utanf\u00f6r halmstad samt bygga upp ett \u00e5terf\u00f6rs\u00e4ljarn\u00e4t i helas Sverige &hellip; <a href=\"https:\/\/westcoasttrading.se\/?page_id=2\">L\u00e4s mer <span class=\"meta-nav\">&rarr;<\/span><\/a><\/p>\n","protected":false},"author":2,"featured_media":0,"parent":8,"menu_order":10,"comment_status":"open","ping_status":"open","template":"","meta":[],"_links":{"self":[{"href":"https:\/\/westcoasttrading.se\/index.php?rest_route=\/wp\/v2\/pages\/2"}],"collection":[{"href":"https:\/\/westcoasttrading.se\/index.php?rest_route=\/wp\/v2\/pages"}],"about":[{"href":"https:\/\/westcoasttrading.se\/index.php?rest_route=\/wp\/v2\/types\/page"}],"author":[{"embeddable":true,"href":"https:\/\/westcoasttrading.se\/index.php?rest_route=\/wp\/v2\/users\/2"}],"replies":[{"embeddable":true,"href":"https:\/\/westcoasttrading.se\/index.php?rest_route=%2Fwp%2Fv2%2Fcomments&post=2"}],"version-history":[{"count":36,"href":"https:\/\/westcoasttrading.se\/index.php?rest_route=\/wp\/v2\/pages\/2\/revisions"}],"predecessor-version":[{"id":1421,"href":"https:\/\/westcoasttrading.se\/index.php?rest_route=\/wp\/v2\/pages\/2\/revisions\/1421"}],"up":[{"embeddable":true,"href":"https:\/\/westcoasttrading.se\/index.php?rest_route=\/wp\/v2\/pages\/8"}],"wp:attachment":[{"href":"https:\/\/westcoasttrading.se\/index.php?rest_route=%2Fwp%2Fv2%2Fmedia&parent=2"}],"curies":[{"name":"wp","href":"https:\/\/api.w.org\/{rel}","templated":true}]}}