{"id":265,"date":"2011-02-03T08:32:45","date_gmt":"2011-02-03T07:32:45","guid":{"rendered":"http:\/\/westcoasttrading.se\/?page_id=265"},"modified":"2018-06-08T09:44:57","modified_gmt":"2018-06-08T08:44:57","slug":"havens-foder","status":"publish","type":"page","link":"https:\/\/westcoasttrading.se\/?page_id=265","title":{"rendered":"Havens &#8211; ett helt\u00e4ckande Premiumfoder"},"content":{"rendered":"<p><span style=\"color: #000000;\"><a href=\"https:\/\/media.westcoasttrading.se\/2011\/02\/Havens-logga.png\"><img decoding=\"async\" loading=\"lazy\" class=\"aligncenter wp-image-567\" title=\"Havens logga\" src=\"https:\/\/media.westcoasttrading.se\/2011\/02\/Havens-logga.png\" alt=\"\" width=\"243\" height=\"117\" \/><\/a><\/span><\/p>\n<p><span style=\"color: #000000;\">Havens \u00e4r ett holl\u00e4ndskt f\u00f6retag som har tillverkat h\u00e4stfoder i mer \u00e4n femtio \u00e5r.<br \/>\nHavens har ett brett sortiment av pellets och muslifoder, dessa tillverkas i fabriken som ligger i Venlo, syd\u00f6stra Holland.<br \/>\n<\/span><span style=\"color: #000000;\"><br \/>\n<\/span><span style=\"color: #000000;\">Havens \u00e4r HACCP \u2013 och GMP certifierat, vilket inneb\u00e4r att alla ingredienser och all produktion av fodret granskas av ett mycket str\u00e4ngt regelverk.<br \/>\nHavens f\u00f6r en intensiv dialog med ryttare och h\u00e4st\u00e4gare vilket i kombination med deras egen forskning g\u00f6r att vi alltid kan erbjuda ett foder i v\u00e4rldsklass.<\/span><\/p>\n<p><span style=\"color: #000000;\">Havens \u00e4r officiell leverant\u00f6r av H\u00e4stfoder under den stor t\u00e4vlingen Chio Achen \ud83d\ude42<\/span><\/p>\n<p><img decoding=\"async\" loading=\"lazy\" class=\" wp-image-542\" title=\"Havens GMP+\" src=\"https:\/\/media.westcoasttrading.se\/2011\/02\/Havens-GMP+.jpg\" alt=\"Havens GMP+\" width=\"227\" height=\"150\" \/><a href=\"https:\/\/media.westcoasttrading.se\/2011\/02\/Havens-chio1.jpg\"><img decoding=\"async\" loading=\"lazy\" title=\"Havens, Official supplier of Chio Achen\" src=\"https:\/\/media.westcoasttrading.se\/2011\/02\/Havens-chio1.jpg\" alt=\"Havens, Official supplier of Chio Achen\" width=\"224\" height=\"150\" \/><\/a><a href=\"https:\/\/media.westcoasttrading.se\/2011\/02\/Havens-trustfeed.jpg\"><img decoding=\"async\" loading=\"lazy\" title=\"Havens trustfeed\" src=\"https:\/\/media.westcoasttrading.se\/2011\/02\/Havens-trustfeed.jpg\" alt=\"Havens trustfeed\" width=\"159\" height=\"138\" \/><\/a><\/p>\n<p>Hemsidan \u00e4r under omarbetning och vi ber om urs\u00e4kt f\u00f6r ev tillf\u00e4lliga fel som smyger sig in. Men om ni klickar uppe i menyraden s\u00e5 kan ni g\u00e5 in p\u00e5 varje produkt och l\u00e4sa lite mer om den. Vi har f\u00f6ljande produkter i sortimentet:<\/p>\n<p><strong><span style=\"text-decoration: underline;\"><span style=\"color: #000000;\">M\u00fcslie:<\/span><\/span><\/strong><\/p>\n<ul>\n<li>Cool Mix &#8211; Det havrefri alternativet<\/li>\n<li>Sport Musli &#8211; v\u00e5r bestseller f\u00f6r sporth\u00e4sten<\/li>\n<li>Reform Herbal Musli &#8211; &#8221;the green vet&#8221; &#8211; perfekt f\u00f6r sk hosth\u00e4star mfl (massor av \u00f6rter)<\/li>\n<li>Kentucky Lite E &#8211; h\u00f6gpresterande h\u00e4star<\/li>\n<li>Power mix &#8211; H\u00f6gpresterande h\u00e4star med extra elektrolyter.<\/li>\n<li>Natural Balance &#8211; v\u00e5rt sk allergifoder med olja men l\u00e5gt protein och st\u00e4rkelse.<\/li>\n<li>Slobber Mash- Magens b\u00e4ste v\u00e4n och seniorfoder. Perfekt till sv\u00e5rf\u00f6dda h\u00e4star.<\/li>\n<\/ul>\n<p><strong><span style=\"text-decoration: underline;\">Pellets:<\/span><\/strong><\/p>\n<ul>\n<li>Basis Sport &#8211; Basfodret f\u00f6r l\u00e5g &#8211; normalpresterande h\u00e4star<\/li>\n<li>Draversbrock &#8211; v\u00e5r bestseller f\u00f6r sporth\u00e4sten<\/li>\n<li>Derby Compact &#8211; H\u00f6gpresterande h\u00e4star<\/li>\n<li>Ferto Lac 3 &#8211; Foder f\u00f6r avelsh\u00e4star<\/li>\n<li>Opti Grow &#8211; Foder f\u00f6r det v\u00e4xande f\u00f6let\/ungh\u00e4sten.<\/li>\n<\/ul>\n<p><strong>Lusern<\/strong>:<\/p>\n<ul>\n<li>Mix &#8211; Lusern mix.<\/li>\n<li>Brix &#8211; lusern pressade i kuber utan melass.<\/li>\n<\/ul>\n<p><strong>Nu finns \u00e4ven Havens egna mineral och vitamintillskott (!)<\/strong><\/p>\n<ul>\n<li>OLJA\u00a0&#8211; Specialolja f\u00f6r h\u00e4star med extra energibehov, i d\u00e5lig kroppskondition eller f\u00f6r att minska st\u00e4rkelsem\u00e4ngden i fodret.<\/li>\n<li>EQUIFORCE COMPLETE &#8211; Koncentrerad multivitamin och mineraltillskott med en \u00a0mycket h\u00f6g biotillg\u00e4nglighet.<\/li>\n<li>Equiforce Mastrix HA &#8211; Tillskott som bevarar och f\u00f6rb\u00e4ttrar r\u00f6relsef\u00f6rm\u00e5gan genom att bevara och bygga upp friska leder. Inneh\u00e5ller bla Glukosamin &#8211; HA &#8211; MSM.<\/li>\n<li>Equiforce Magnesium &#8211; Tillskott f\u00f6r nerv\u00f6sa och stressade h\u00e4star med lugnande effekt<\/li>\n<li>Equiforce Lyte &#8211; Ett tillskott f\u00f6r h\u00e4star i h\u00e5rd tr\u00e4ning eller\/och varma klimat med v\u00e4tskef\u00f6rlust. Ger snabbare \u00e5terh\u00e4mtning och h\u00f6gre v\u00e4tskeupptagningsf\u00f6rm\u00e5ga.<\/li>\n<li>Equiforce Foot &#8211; Ett tillskott f\u00f6r friska och starka hovar hos alla h\u00e4star och ponnyer. Skall anv\u00e4ndas minst 6 m\u00e5nader f\u00f6r b\u00e4sta resultat.<\/li>\n<li>Equiforce E+ &#8211; Tillskott f\u00f6r h\u00e4star i h\u00e5rd tr\u00e4ning\/med behov av att bygga upp muskler, med vitamin E.<\/li>\n<li>Equiforce B+ &#8211; Ett vitamin B tillskott f\u00f6r orkesl\u00f6sa, i tungt arbete eller stressade h\u00e4star med behov av ett extra vitamin-boost.<\/li>\n<li>Equiforce Beta &#8211; Tillskott f\u00f6r \u00f6kad fertilitet hos b\u00e5de ston och hingstar<\/li>\n<li>Equiforce Ferro &#8211; Tillskott med j\u00e4rn f\u00f6r tr\u00f6tta och \u00f6verarbetade h\u00e4star med l\u00e5ga blodv\u00e4rden.<\/li>\n<\/ul>\n<p><span style=\"text-decoration: underline;\"><strong>Havens LUCKY HORSE COOKIES<\/strong><\/span><br \/>\nEn v\u00e4lsmakande men\u00a0nyttigt godis\u00a0f\u00f6r h\u00e4star inneh\u00e5ller 100% naturliga spannm\u00e5l, mineraler och 500mg extra Vit.E<\/p>\n<ul>\n<li>Med en l\u00e4tt vanilj smak<\/li>\n<li>Sunda, naturliga och l\u00e4ckra<\/li>\n<li>F\u00f6rpackade i p\u00e5sar om 1 kg<\/li>\n<\/ul>\n<p><img decoding=\"async\" loading=\"lazy\" title=\"Havens luckyhorse-godis\" src=\"https:\/\/media.westcoasttrading.se\/2011\/02\/Havens-luckyhorse-godis1.jpg\" alt=\"\" width=\"111\" height=\"171\" \/>\u00a0\u00a0\u00a0\u00a0\u00a0\u00a0\u00a0\u00a0\u00a0\u00a0\u00a0\u00a0\u00a0\u00a0\u00a0\u00a0\u00a0\u00a0\u00a0\u00a0\u00a0\u00a0\u00a0\u00a0\u00a0\u00a0\u00a0\u00a0\u00a0\u00a0\u00a0\u00a0\u00a0\u00a0\u00a0 <img decoding=\"async\" loading=\"lazy\" title=\"Havens luckyhorse-godis\" src=\"https:\/\/media.westcoasttrading.se\/2011\/02\/Havens-luckyhorse-godis1.jpg\" alt=\"\" width=\"115\" height=\"171\" \/>\u00a0\u00a0\u00a0\u00a0\u00a0\u00a0\u00a0\u00a0\u00a0\u00a0\u00a0\u00a0\u00a0\u00a0\u00a0\u00a0\u00a0\u00a0\u00a0\u00a0\u00a0\u00a0\u00a0\u00a0\u00a0\u00a0\u00a0\u00a0\u00a0\u00a0\u00a0 <img decoding=\"async\" loading=\"lazy\" title=\"Havens luckyhorse-godis\" src=\"https:\/\/media.westcoasttrading.se\/2011\/02\/Havens-luckyhorse-godis1.jpg\" alt=\"\" width=\"117\" height=\"179\" \/><\/p>\n<p>Det finns \u00e4ven diverse tillbeh\u00f6r att k\u00f6pa fr\u00e5n Havens\u00a0! L\u00e4nken \u00e4r fr\u00e5n Havens holl\u00e4nska hemsida men den finns p\u00e5 engelska och ni ser bilderna \ud83d\ude09<\/p>\n<p><a href=\"https:\/\/www.horsefeed.nl\/havens-accessories\/\">https:\/\/www.horsefeed.nl\/havens-accessories\/<\/a><\/p>\n<p><a href=\"https:\/\/media.westcoasttrading.se\/2011\/02\/HAVENS-Segert\u00e4cke.jpg\"><img decoding=\"async\" loading=\"lazy\" class=\"aligncenter size-full wp-image-582\" title=\"HAVENS Segert\u00e4cke\" src=\"https:\/\/media.westcoasttrading.se\/2011\/02\/HAVENS-Segert\u00e4cke.jpg\" alt=\"\" width=\"150\" height=\"100\" \/><\/a><\/p>\n<p>&nbsp;<\/p>\n","protected":false},"excerpt":{"rendered":"<p>Havens \u00e4r ett holl\u00e4ndskt f\u00f6retag som har tillverkat h\u00e4stfoder i mer \u00e4n femtio \u00e5r. Havens har ett brett sortiment av pellets och muslifoder, dessa tillverkas i fabriken som ligger i Venlo, syd\u00f6stra Holland. Havens \u00e4r HACCP \u2013 och GMP certifierat, &hellip; <a href=\"https:\/\/westcoasttrading.se\/?page_id=265\">L\u00e4s mer <span class=\"meta-nav\">&rarr;<\/span><\/a><\/p>\n","protected":false},"author":2,"featured_media":0,"parent":43,"menu_order":1,"comment_status":"open","ping_status":"open","template":"","meta":[],"_links":{"self":[{"href":"https:\/\/westcoasttrading.se\/index.php?rest_route=\/wp\/v2\/pages\/265"}],"collection":[{"href":"https:\/\/westcoasttrading.se\/index.php?rest_route=\/wp\/v2\/pages"}],"about":[{"href":"https:\/\/westcoasttrading.se\/index.php?rest_route=\/wp\/v2\/types\/page"}],"author":[{"embeddable":true,"href":"https:\/\/westcoasttrading.se\/index.php?rest_route=\/wp\/v2\/users\/2"}],"replies":[{"embeddable":true,"href":"https:\/\/westcoasttrading.se\/index.php?rest_route=%2Fwp%2Fv2%2Fcomments&post=265"}],"version-history":[{"count":36,"href":"https:\/\/westcoasttrading.se\/index.php?rest_route=\/wp\/v2\/pages\/265\/revisions"}],"predecessor-version":[{"id":1293,"href":"https:\/\/westcoasttrading.se\/index.php?rest_route=\/wp\/v2\/pages\/265\/revisions\/1293"}],"up":[{"embeddable":true,"href":"https:\/\/westcoasttrading.se\/index.php?rest_route=\/wp\/v2\/pages\/43"}],"wp:attachment":[{"href":"https:\/\/westcoasttrading.se\/index.php?rest_route=%2Fwp%2Fv2%2Fmedia&parent=265"}],"curies":[{"name":"wp","href":"https:\/\/api.w.org\/{rel}","templated":true}]}}