{"id":334,"date":"2011-09-19T10:18:22","date_gmt":"2011-09-19T09:18:22","guid":{"rendered":"http:\/\/westcoasttrading.se\/?page_id=334"},"modified":"2020-07-09T12:35:33","modified_gmt":"2020-07-09T11:35:33","slug":"greystone","status":"publish","type":"page","link":"https:\/\/westcoasttrading.se\/?page_id=334","title":{"rendered":"Greystone"},"content":{"rendered":"<div id=\"attachment_707\" style=\"width: 203px\" class=\"wp-caption aligncenter\"><a href=\"https:\/\/media.westcoasttrading.se\/2013\/08\/maxi-small1.jpg\"><img aria-describedby=\"caption-attachment-707\" decoding=\"async\" loading=\"lazy\" class=\"size-full wp-image-707\" title=\"Greystone G\u00f6dselsug\" src=\"https:\/\/media.westcoasttrading.se\/2013\/08\/maxi-small1.jpg\" alt=\"Greystone G\u00f6dselsug\" width=\"193\" height=\"140\" \/><\/a><p id=\"caption-attachment-707\" class=\"wp-caption-text\">Greystone G\u00f6dselsug<\/p><\/div>\n<p><strong>OBS!!\u00a0 28\/5 2015<br \/>\nPGA AV \u00c4NDRADE VILLKOR KOMMER VI INTE LAGERH\u00c5LLA N\u00c5GRA MASKINER TILLSVIDARE. VI HOPPAS P\u00c5 EN L\u00d6SNING INOM KORT (!)<\/strong><\/p>\n<p>Vi har dock fortfarande en MV som vi hyr ut. Ring f\u00f6r pris och tillg\u00e4nglighet \ud83d\ude09<\/p>\n<p>Vi \u00e4r \u00e5terf\u00f6rs\u00e4ljare f\u00f6r Greystones sortiment \ud83d\ude42<br \/>\nVi kommer b\u00f6rja med att lagerh\u00e5lla G\u00f6dselsugarna, men tar givetvis hem de \u00f6vriga produkterna som best\u00e4llningavaror. Fram\u00e5t sommaren ut\u00f6kar vi till hela sortimentet \ud83d\ude09<\/p>\n<p>Nu har vi\u00a0b\u00e5de sm\u00e5 som stora Greystone g\u00f6dselsugar hemma f\u00f6r visning. Jag \u00e4r helt s\u00e5ld och dyrkar min egen maskin \ud83d\ude42 Vi kan \u00e4ven hyra ut en maskin till Dig som kanske inte har behov av en egen, men g\u00e4rna slipper skitg\u00f6rat att mocka f\u00f6r hand (!)<\/p>\n<p>Att mocka stora hagar f\u00f6r hand \u00e4r nu f\u00f6r alltid \u00f6ver \ud83d\ude42 Koppla den till en fyrhjuling eller \u00e5kgr\u00e4sklipparen och sen \u00e4r det bara att &#8221;dammsuga&#8221; hagen. Funkar lika bra p\u00e5 torrt som bl\u00f6tt underlag \ud83d\ude09<\/p>\n<p>Funkar lika bra att suga upp tex l\u00f6v mm i tr\u00e4dg\u00e5rden \ud83d\ude09<\/p>\n<p>Vi har \u00e4ven en Paddock Vac samt en Maxi Vac f\u00f6r uthyrning f\u00f6r dig som vill prova f\u00f6re k\u00f6p eller inte \u00e4r i behov av en egen \ud83d\ude09<\/p>\n<p><a href=\"https:\/\/www.youtube.com\/watch?v=HV2Hto9hCU4\">www.youtube.com\/watch?v=HV2Hto9hCU4<\/a><\/p>\n<table border=\"0\" width=\"90%\" cellspacing=\"10\">\n<tbody>\n<tr>\n<td valign=\"top\" width=\"70%\">\n<div id=\"specs_table\">\n<h1>MAXI VAC SPECIFICATIONER<\/h1>\n<p>(Den stora maskinen\/beh\u00e5llaren)<\/p>\n<table border=\"0\" width=\"525\" cellspacing=\"0\" cellpadding=\"0\">\n<tbody>\n<tr>\n<td>Storlek\u00a0(rymmer)<\/td>\n<td>800 LITRES<\/td>\n<\/tr>\n<tr>\n<td>L\u00e4ngd<\/td>\n<td>1700MM<\/td>\n<\/tr>\n<tr>\n<td>H\u00f6jd<\/td>\n<td>1170MM<\/td>\n<\/tr>\n<tr>\n<td>Bredd<\/td>\n<td>1060MM<\/td>\n<\/tr>\n<tr>\n<td>Vikt<\/td>\n<td>110KG<\/td>\n<\/tr>\n<tr>\n<td>Slangdiam<\/td>\n<td>5&#8243; (127MM)<\/td>\n<\/tr>\n<tr>\n<td>Slang och munstycke<\/td>\n<td>3.7M TOTAL<\/td>\n<\/tr>\n<tr>\n<td>Motor<\/td>\n<td>HONDA 4 takt<\/td>\n<\/tr>\n<tr>\n<td>Motor (CC)<\/td>\n<td>50CC<\/td>\n<\/tr>\n<tr>\n<td>Br\u00e4nsle<\/td>\n<td>Blyfri 95 oktan<\/td>\n<\/tr>\n<tr>\n<td>Tank storlek<\/td>\n<td>1.27 LITER<\/td>\n<\/tr>\n<tr>\n<td>Olja<\/td>\n<td>10W \/ 30 API SG<\/td>\n<\/tr>\n<\/tbody>\n<\/table>\n<\/div>\n<\/td>\n<td valign=\"top\" width=\"30%\">\n<div id=\"features\">\n<h2 id=\"video2\" align=\"center\"><img decoding=\"async\" loading=\"lazy\" src=\"https:\/\/greystonescandinavia.com\/images\/maxi-small.jpg\" alt=\"Maxi Vac\" width=\"193\" height=\"140\" \/><br \/>\n\u00d6VERSIKT<\/h2>\n<table border=\"0\" width=\"100%\" cellspacing=\"0\" cellpadding=\"0\">\n<tbody>\n<tr>\n<td>\n<ul>\n<li>Tillverkad i Australien<\/li>\n<li>Suger upp b\u00e5de v\u00e5tt och torrt<\/li>\n<li>I h\u00f6gt och l\u00e5gt gr\u00e4s<\/li>\n<li>Kapacitet 5-6 skottk\u00e4rror<\/li>\n<li>L\u00e4ttstartad motor<\/li>\n<li>Dras efter ATV, \u00e5kgr\u00e4sklippare eller liten traktor<\/li>\n<li>Pulverlackad st\u00e5lram med tipp funktion<\/li>\n<li>2 \u00e5rs HONDA garanti p\u00e5 motorn<\/li>\n<\/ul>\n<\/td>\n<\/tr>\n<\/tbody>\n<\/table>\n<\/div>\n<\/td>\n<\/tr>\n<\/tbody>\n<\/table>\n<p>&nbsp;<\/p>\n","protected":false},"excerpt":{"rendered":"<p>OBS!!\u00a0 28\/5 2015 PGA AV \u00c4NDRADE VILLKOR KOMMER VI INTE LAGERH\u00c5LLA N\u00c5GRA MASKINER TILLSVIDARE. VI HOPPAS P\u00c5 EN L\u00d6SNING INOM KORT (!) Vi har dock fortfarande en MV som vi hyr ut. Ring f\u00f6r pris och tillg\u00e4nglighet \ud83d\ude09 Vi \u00e4r &hellip; <a href=\"https:\/\/westcoasttrading.se\/?page_id=334\">L\u00e4s mer <span class=\"meta-nav\">&rarr;<\/span><\/a><\/p>\n","protected":false},"author":2,"featured_media":0,"parent":56,"menu_order":90,"comment_status":"open","ping_status":"open","template":"","meta":[],"_links":{"self":[{"href":"https:\/\/westcoasttrading.se\/index.php?rest_route=\/wp\/v2\/pages\/334"}],"collection":[{"href":"https:\/\/westcoasttrading.se\/index.php?rest_route=\/wp\/v2\/pages"}],"about":[{"href":"https:\/\/westcoasttrading.se\/index.php?rest_route=\/wp\/v2\/types\/page"}],"author":[{"embeddable":true,"href":"https:\/\/westcoasttrading.se\/index.php?rest_route=\/wp\/v2\/users\/2"}],"replies":[{"embeddable":true,"href":"https:\/\/westcoasttrading.se\/index.php?rest_route=%2Fwp%2Fv2%2Fcomments&post=334"}],"version-history":[{"count":30,"href":"https:\/\/westcoasttrading.se\/index.php?rest_route=\/wp\/v2\/pages\/334\/revisions"}],"predecessor-version":[{"id":1414,"href":"https:\/\/westcoasttrading.se\/index.php?rest_route=\/wp\/v2\/pages\/334\/revisions\/1414"}],"up":[{"embeddable":true,"href":"https:\/\/westcoasttrading.se\/index.php?rest_route=\/wp\/v2\/pages\/56"}],"wp:attachment":[{"href":"https:\/\/westcoasttrading.se\/index.php?rest_route=%2Fwp%2Fv2%2Fmedia&parent=334"}],"curies":[{"name":"wp","href":"https:\/\/api.w.org\/{rel}","templated":true}]}}