{"id":409,"date":"2012-03-11T13:42:22","date_gmt":"2012-03-11T12:42:22","guid":{"rendered":"http:\/\/westcoasttrading.se\/?page_id=409"},"modified":"2016-07-15T09:26:18","modified_gmt":"2016-07-15T08:26:18","slug":"veteranbil","status":"publish","type":"page","link":"https:\/\/westcoasttrading.se\/?page_id=409","title":{"rendered":"Ford F-100 Custom 1954 S\u00c5LD"},"content":{"rendered":"<h1>S\u00c5LD!<\/h1>\n<p>Byte kan tas i form av cobrabygge eller liknande!<\/p>\n<h1>Ford F-100 Custom 1954<\/h1>\n<div>\n<h1>Byggd p\u00e5 4 m\u00e5nader fr\u00e5n skrot till utst\u00e4llningsvinnare.<\/h1>\n<p><a href=\"https:\/\/media.westcoasttrading.se\/2010\/12\/Kopia-2-av-Image60.jpg\"><img decoding=\"async\" loading=\"lazy\" title=\"Kopia (2) av Image60\" src=\"https:\/\/media.westcoasttrading.se\/2010\/12\/Kopia-2-av-Image60-150x150.jpg\" alt=\"\" width=\"150\" height=\"150\" \/><\/a><a href=\"https:\/\/media.westcoasttrading.se\/2010\/12\/Kopia-2-av-Image57.jpg\"><img decoding=\"async\" loading=\"lazy\" title=\"Kopia (2) av Image57\" src=\"https:\/\/media.westcoasttrading.se\/2010\/12\/Kopia-2-av-Image57-150x150.jpg\" alt=\"\" width=\"150\" height=\"150\" \/><\/a><a href=\"https:\/\/media.westcoasttrading.se\/2010\/12\/Image66.jpg\"><img decoding=\"async\" loading=\"lazy\" title=\"Image66\" src=\"https:\/\/media.westcoasttrading.se\/2010\/12\/Image66-150x150.jpg\" alt=\"\" width=\"150\" height=\"150\" \/><\/a><a href=\"https:\/\/media.westcoasttrading.se\/2010\/12\/Image53.jpg\"><img decoding=\"async\" loading=\"lazy\" title=\"Image53\" src=\"https:\/\/media.westcoasttrading.se\/2010\/12\/Image53-150x150.jpg\" alt=\"\" width=\"150\" height=\"150\" \/><\/a><a href=\"https:\/\/media.westcoasttrading.se\/2010\/12\/Image43.jpg\"><img decoding=\"async\" loading=\"lazy\" title=\"Image43\" src=\"https:\/\/media.westcoasttrading.se\/2010\/12\/Image43-150x150.jpg\" alt=\"\" width=\"150\" height=\"150\" \/><\/a><a href=\"https:\/\/media.westcoasttrading.se\/2010\/12\/Image55.jpg\"><img decoding=\"async\" loading=\"lazy\" title=\"Image55\" src=\"https:\/\/media.westcoasttrading.se\/2010\/12\/Image55-150x150.jpg\" alt=\"\" width=\"150\" height=\"150\" \/><\/a><a href=\"https:\/\/media.westcoasttrading.se\/2010\/12\/Kopia-2-av-utstall_16.jpg\"><img decoding=\"async\" loading=\"lazy\" title=\"Kopia (2) av utstall_16\" src=\"https:\/\/media.westcoasttrading.se\/2010\/12\/Kopia-2-av-utstall_16-150x150.jpg\" alt=\"\" width=\"150\" height=\"150\" \/><\/a><a href=\"https:\/\/media.westcoasttrading.se\/2010\/12\/Kopia-2-av-utstall_18.jpg\"><img decoding=\"async\" loading=\"lazy\" title=\"Kopia (2) av utstall_18\" src=\"https:\/\/media.westcoasttrading.se\/2010\/12\/Kopia-2-av-utstall_18-150x150.jpg\" alt=\"\" width=\"150\" height=\"150\" \/><\/a>Motor: Corvette LT1 V8 fr\u00e5n -94<br \/>\nV\u00e4xell\u00e5da: TH700R4<br \/>\nAvgassystem: Polerat rostfritt i tre tums r\u00f6r.<br \/>\nFramvagn: Corvette -87<br \/>\nBakvagn: Corvette -87<br \/>\nRam: Original Ford 1954 boxad och ombyggd.<br \/>\nKaross: Flipfront i glasfiber, elstyrd med cabkolvar fr\u00e5n ford -57, breddade baksk\u00e4rmar i glasfiber, ombyggt originalflak med bakljus fr\u00e5n C4 Corvette, hytten rensad fr\u00e5n d\u00f6rrhandtag och tanklock med mera.<br \/>\nInredning: ombyggda snurrstolar fr\u00e5n Chevrolet Monte Carlo, Ombyggd instrumentbr\u00e4da fr\u00e5n Thunderbird, V\u00e4xelspak fr\u00e5n Camaro -69, Stereoanl\u00e4ggning fr\u00e5n Alpine, Instrument fr\u00e5n Auto Meter.<br \/>\nF\u00e4lgar: Specialbest\u00e4llda billet f\u00e4lgar fr\u00e5n Boyd Coddington<br \/>\nD\u00e4ck: Bridgestone Potenza 20 tummare<br \/>\nLackering: Specialbruten effektlack med motivlackade emblem.<\/p>\n<\/div>\n","protected":false},"excerpt":{"rendered":"<p>S\u00c5LD! Byte kan tas i form av cobrabygge eller liknande! Ford F-100 Custom 1954 Byggd p\u00e5 4 m\u00e5nader fr\u00e5n skrot till utst\u00e4llningsvinnare. Motor: Corvette LT1 V8 fr\u00e5n -94 V\u00e4xell\u00e5da: TH700R4 Avgassystem: Polerat rostfritt i tre tums r\u00f6r. Framvagn: Corvette -87 &hellip; <a href=\"https:\/\/westcoasttrading.se\/?page_id=409\">L\u00e4s mer <span class=\"meta-nav\">&rarr;<\/span><\/a><\/p>\n","protected":false},"author":2,"featured_media":0,"parent":56,"menu_order":3,"comment_status":"open","ping_status":"open","template":"","meta":[],"_links":{"self":[{"href":"https:\/\/westcoasttrading.se\/index.php?rest_route=\/wp\/v2\/pages\/409"}],"collection":[{"href":"https:\/\/westcoasttrading.se\/index.php?rest_route=\/wp\/v2\/pages"}],"about":[{"href":"https:\/\/westcoasttrading.se\/index.php?rest_route=\/wp\/v2\/types\/page"}],"author":[{"embeddable":true,"href":"https:\/\/westcoasttrading.se\/index.php?rest_route=\/wp\/v2\/users\/2"}],"replies":[{"embeddable":true,"href":"https:\/\/westcoasttrading.se\/index.php?rest_route=%2Fwp%2Fv2%2Fcomments&post=409"}],"version-history":[{"count":5,"href":"https:\/\/westcoasttrading.se\/index.php?rest_route=\/wp\/v2\/pages\/409\/revisions"}],"predecessor-version":[{"id":1048,"href":"https:\/\/westcoasttrading.se\/index.php?rest_route=\/wp\/v2\/pages\/409\/revisions\/1048"}],"up":[{"embeddable":true,"href":"https:\/\/westcoasttrading.se\/index.php?rest_route=\/wp\/v2\/pages\/56"}],"wp:attachment":[{"href":"https:\/\/westcoasttrading.se\/index.php?rest_route=%2Fwp%2Fv2%2Fmedia&parent=409"}],"curies":[{"name":"wp","href":"https:\/\/api.w.org\/{rel}","templated":true}]}}