{"id":43,"date":"2010-12-01T15:38:05","date_gmt":"2010-12-01T14:38:05","guid":{"rendered":"http:\/\/westcoasttrading.se\/?page_id=43"},"modified":"2018-08-23T07:39:52","modified_gmt":"2018-08-23T06:39:52","slug":"foderforsaljning","status":"publish","type":"page","link":"https:\/\/westcoasttrading.se\/?page_id=43","title":{"rendered":"Foderf\u00f6rs\u00e4ljning"},"content":{"rendered":"<p>OBS! hemsidan \u00e4r under ombyggnad.. (!) Vi ber om urs\u00e4kt f\u00f6r att den just nu \u00e4r eftersatt men vi h\u00e5ller p\u00e5 att ta fram en \u00e4nnu b\u00e4ttre sida \ud83d\ude09<\/p>\n<p>Vi \u00e4r \u00e5terf\u00f6rs\u00e4ljare till\u00a0Spannex och s\u00e4ljer foder fr\u00e5n fr\u00e4mst Havens hela sortiment, men tar \u00e4ven hem tex krafft, betfor, Mustang, rena s\u00e4desslag som havre och korn mm.Se hela Spannex sortiment p\u00e5 deras hemsida. www.spannex.se<br \/>\nStors\u00e4ljaren Speedi Beet fr\u00e5n England.<br \/>\nM\u00fchldorfers hela sortiment, vissa produkter i best\u00e4llningssortimentet<br \/>\nMaxiRice, ett rent riskli f\u00f6r viktuppg\u00e5ng och muskelbyggnad.<\/p>\n<p>Vi kan \u00e4ven ta hem andra fodersorter p\u00e5 best\u00e4llning. Ring f\u00f6r specifikation.<\/p>\n<p dir=\"ltr\">Vi\u00a0arbetar f\u00f6r att kunna uppfylla v\u00e5ra kunders h\u00f6gt satta krav och f\u00f6rv\u00e4ntningar. Framg\u00e5ngarna duggar t\u00e4tt f\u00f6r h\u00e4star som anv\u00e4nder v\u00e5ra foder eller tillskott. Resultaten talar f\u00f6r sig sj\u00e4lv. Det \u00e4r detta som sporrar oss i v\u00e5r str\u00e4van att ge dig kvalitet, p\u00e5litlighet och service. Allt f\u00f6r att Ni skall kunna uppn\u00e5 goda resultat.<\/p>\n<p><strong>Havens<\/strong> \u00e4r ett foder som framst\u00e4lles endast av de b\u00e4sta och renaste r\u00e5varor samt de \u00f6vriga ingredienser best\u00e5r av h\u00f6gsta kvalitet.<br \/>\nB\u00e4gge m\u00e4rken har en modern och tekniskt avancerad produktionsanl\u00e4ggning med moderna laboratorium samt v\u00e4l utbildad personal. Allt f\u00f6r att kunna h\u00e5lla h\u00f6gsta standard och ge dig vad du och din h\u00e4st\u00a0beh\u00f6ver.<\/p>\n<p><strong>Speedi Beet.<\/strong> Den vanliga &#8221;Betforens&#8221; goda egenskaper men\u00a0med 95% mindre socker (!) Perfekt f\u00f6r ffa h\u00e4star som \u00e4r k\u00e4nsliga f\u00f6r f\u00e5ng. Anv\u00e4nds mer o mer p\u00e5 olika Djursjukhus och kliniker till de konvalecenta h\u00e4starna p\u00e5 box. Magen och tarmarnas B\u00e4ste v\u00e4n \ud83d\ude09<\/p>\n<p style=\"text-align: center;\"><strong><em> &#8221;- v\u00e5r id\u00e9, foder med kvalit\u00e9.&#8221;<\/em><\/strong><\/p>\n<p><a href=\"https:\/\/www.havens.nl\">https:\/\/www.havens.nl<\/a><\/p>\n<p><a href=\"https:\/\/www.spannex.se\/uploads\/file\/produkter\/speedi-beet-jan-13.pdf\">https:\/\/www.spannex.se\/uploads\/file\/produkter\/speedi-beet-jan-13.pdf<\/a><\/p>\n<p>&nbsp;<\/p>\n","protected":false},"excerpt":{"rendered":"<p>OBS! hemsidan \u00e4r under ombyggnad.. (!) Vi ber om urs\u00e4kt f\u00f6r att den just nu \u00e4r eftersatt men vi h\u00e5ller p\u00e5 att ta fram en \u00e4nnu b\u00e4ttre sida \ud83d\ude09 Vi \u00e4r \u00e5terf\u00f6rs\u00e4ljare till\u00a0Spannex och s\u00e4ljer foder fr\u00e5n fr\u00e4mst Havens hela &hellip; <a href=\"https:\/\/westcoasttrading.se\/?page_id=43\">L\u00e4s mer <span class=\"meta-nav\">&rarr;<\/span><\/a><\/p>\n","protected":false},"author":2,"featured_media":0,"parent":0,"menu_order":27,"comment_status":"open","ping_status":"open","template":"","meta":[],"_links":{"self":[{"href":"https:\/\/westcoasttrading.se\/index.php?rest_route=\/wp\/v2\/pages\/43"}],"collection":[{"href":"https:\/\/westcoasttrading.se\/index.php?rest_route=\/wp\/v2\/pages"}],"about":[{"href":"https:\/\/westcoasttrading.se\/index.php?rest_route=\/wp\/v2\/types\/page"}],"author":[{"embeddable":true,"href":"https:\/\/westcoasttrading.se\/index.php?rest_route=\/wp\/v2\/users\/2"}],"replies":[{"embeddable":true,"href":"https:\/\/westcoasttrading.se\/index.php?rest_route=%2Fwp%2Fv2%2Fcomments&post=43"}],"version-history":[{"count":15,"href":"https:\/\/westcoasttrading.se\/index.php?rest_route=\/wp\/v2\/pages\/43\/revisions"}],"predecessor-version":[{"id":1372,"href":"https:\/\/westcoasttrading.se\/index.php?rest_route=\/wp\/v2\/pages\/43\/revisions\/1372"}],"wp:attachment":[{"href":"https:\/\/westcoasttrading.se\/index.php?rest_route=%2Fwp%2Fv2%2Fmedia&parent=43"}],"curies":[{"name":"wp","href":"https:\/\/api.w.org\/{rel}","templated":true}]}}