{"id":48,"date":"2010-12-01T15:41:34","date_gmt":"2010-12-01T14:41:34","guid":{"rendered":"http:\/\/westcoasttrading.se\/?page_id=48"},"modified":"2021-01-20T09:43:29","modified_gmt":"2021-01-20T08:43:29","slug":"stallplatser","status":"publish","type":"page","link":"https:\/\/westcoasttrading.se\/?page_id=48","title":{"rendered":"Inackorderingsverksamhet"},"content":{"rendered":"<p class=\"wp-caption-dt\">\u00a0<a href=\"https:\/\/media.westcoasttrading.se\/2013\/08\/Hulab\u00e4cks-G\u00e5rd-002.jpg\"><img decoding=\"async\" loading=\"lazy\" class=\"size-full wp-image-753\" title=\"S\u00e4ker H\u00e4stverksamhet\" src=\"https:\/\/media.westcoasttrading.se\/2013\/08\/Hulab\u00e4cks-G\u00e5rd-002.jpg\" alt=\"S\u00e4ker H\u00e4stverksamhet\" width=\"3264\" height=\"2448\" srcset=\"https:\/\/media.westcoasttrading.se\/2013\/08\/Hulab\u00e4cks-G\u00e5rd-002.jpg 3264w, https:\/\/media.westcoasttrading.se\/2013\/08\/Hulab\u00e4cks-G\u00e5rd-002-300x225.jpg 300w, https:\/\/media.westcoasttrading.se\/2013\/08\/Hulab\u00e4cks-G\u00e5rd-002-1024x768.jpg 1024w\" sizes=\"(max-width: 3264px) 100vw, 3264px\" \/><\/a><\/p>\n<p>S\u00e4ker H\u00e4stverksamhet<\/p>\n<p>H\u00e4r kommer ett utdrag ur min sista inackorderingsannons som beskriver lite kort hur jag sk\u00f6ter mitt stall. Jag kommer \u00e4ven l\u00e4gga upp en kort presentation av samtliga h\u00e4star som st\u00e5r uppstallade h\u00e4r \ud83d\ude09<\/p>\n<p>* Godk\u00e4nd av Agria, L\u00e4nsf\u00f6rs\u00e4kringar och LRF som S\u00e4ker H\u00e4stverksamhet !<br \/>\n* Skrittavst\u00e5nd till grannens fina ridhus (!)<br \/>\n* Litet lugnt stall med 8 stora boxar.<br \/>\n* Nya vattenkoppar med b\u00e5de cirkulation- och v\u00e4rmesystem.<br \/>\n* B\u00e5de grus och stora gr\u00e4shagar. (Thermobar planeras till hagarna)<br \/>\n* Knottmaskiner samt Bromsf\u00e4llor p\u00e5 sommaren.<br \/>\n* Vattenspilta med varmvatten.<br \/>\n* Uppv\u00e4rmd sadelkammare samt stallsk\u00e5p fr\u00e5n Sella Port.<br \/>\n* Wascator tv\u00e4ttmaskin.<br \/>\n* Securitas larm + brandbevakning p\u00e5 g\u00e5rden.<br \/>\n* Ing\u00e5r analyserat h\u00f6silage<br \/>\n* In\u00e5r 6 sp\u00e5nbalar o fler kan k\u00f6pas till f\u00f6r bra pris.<br \/>\n* In-utsl\u00e4pp vardagar, inkl t\u00e4ckesbyte.<br \/>\n* Fodrar 3-4 ggr\/dag, beroende p\u00e5 \u00e5rstid och v\u00e4der<br \/>\n* Paddock p\u00e5 24*64m, liten hinderpark och dressyrstaket (20*60)<br \/>\n* Dressyrtr\u00e4nare kommer regelbundet till g\u00e5rden.<br \/>\n* Fina ridv\u00e4gar och n\u00e4ra till havet.<br \/>\n* Hyrtransport (Ifor Williams) f\u00f6r b\u00e5de B-kort som BE-kort. Vi har \u00e4ven uthyrning av B-korts H\u00e4stlastbil (Paragan).<br \/>\n*** OBS! Med all g\u00e4llande tillst\u00e5nd och f\u00f6rs\u00e4kringar samt godk\u00e4nda av Milj\u00f6 &amp; H\u00e4lsa!! ***<br \/>\n* Foderf\u00f6rs\u00e4ljning av ffa M\u00fchldorfer, Saracen, Hygain, Havens och Speedy Beet.\u00a0Hela Spannex sortiment\u00a0p\u00e5 best\u00e4llning.\u00a0\u00c4ven f\u00f6rs\u00e4ljning av sp\u00e5n och Hippofix produkter.<br \/>\n* Jag sk\u00f6ter stallet vardagar och ni hj\u00e4lps \u00e5t med helgerna. Jag jobbar hemifr\u00e5n och kan tex vintertid vara mer tillg\u00e4nglig, men p\u00e5 sommaren (n\u00e4r vi har h\u00f6gs\u00e4song med bla mkt m\u00e4ssor plus att jag sj\u00e4lv \u00e4r t\u00e4vlingsryttare) kan jag beh\u00f6va er hj\u00e4lp mer. Livet blir l\u00e4ttare om man hj\u00e4lps \u00e5t \ud83d\ude09<\/p>\n<p>Har du ordningssinne och ansvarsk\u00e4nsla s\u00e5 \u00e4r du varmt v\u00e4lkommen att h\u00f6ra av dig f\u00f6r vidare info samt visning \ud83d\ude09<br \/>\nM\u00e5nadshyra 2400 ex moms.<br \/>\nMVH Malin Bruhn<\/p>\n<p>&nbsp;<\/p>\n","protected":false},"excerpt":{"rendered":"<p>\u00a0 S\u00e4ker H\u00e4stverksamhet H\u00e4r kommer ett utdrag ur min sista inackorderingsannons som beskriver lite kort hur jag sk\u00f6ter mitt stall. Jag kommer \u00e4ven l\u00e4gga upp en kort presentation av samtliga h\u00e4star som st\u00e5r uppstallade h\u00e4r \ud83d\ude09 * Godk\u00e4nd av Agria, &hellip; <a href=\"https:\/\/westcoasttrading.se\/?page_id=48\">L\u00e4s mer <span class=\"meta-nav\">&rarr;<\/span><\/a><\/p>\n","protected":false},"author":2,"featured_media":0,"parent":52,"menu_order":1,"comment_status":"open","ping_status":"open","template":"","meta":[],"_links":{"self":[{"href":"https:\/\/westcoasttrading.se\/index.php?rest_route=\/wp\/v2\/pages\/48"}],"collection":[{"href":"https:\/\/westcoasttrading.se\/index.php?rest_route=\/wp\/v2\/pages"}],"about":[{"href":"https:\/\/westcoasttrading.se\/index.php?rest_route=\/wp\/v2\/types\/page"}],"author":[{"embeddable":true,"href":"https:\/\/westcoasttrading.se\/index.php?rest_route=\/wp\/v2\/users\/2"}],"replies":[{"embeddable":true,"href":"https:\/\/westcoasttrading.se\/index.php?rest_route=%2Fwp%2Fv2%2Fcomments&post=48"}],"version-history":[{"count":23,"href":"https:\/\/westcoasttrading.se\/index.php?rest_route=\/wp\/v2\/pages\/48\/revisions"}],"predecessor-version":[{"id":1424,"href":"https:\/\/westcoasttrading.se\/index.php?rest_route=\/wp\/v2\/pages\/48\/revisions\/1424"}],"up":[{"embeddable":true,"href":"https:\/\/westcoasttrading.se\/index.php?rest_route=\/wp\/v2\/pages\/52"}],"wp:attachment":[{"href":"https:\/\/westcoasttrading.se\/index.php?rest_route=%2Fwp%2Fv2%2Fmedia&parent=48"}],"curies":[{"name":"wp","href":"https:\/\/api.w.org\/{rel}","templated":true}]}}