{"id":498,"date":"2012-10-12T19:13:04","date_gmt":"2012-10-12T18:13:04","guid":{"rendered":"http:\/\/westcoasttrading.se\/?page_id=498"},"modified":"2014-02-08T17:45:33","modified_gmt":"2014-02-08T16:45:33","slug":"till-salu-amerigo-alto-pinerolo","status":"publish","type":"page","link":"https:\/\/westcoasttrading.se\/?page_id=498","title":{"rendered":"TILL SALU, Amerigo Alto pinerolo -S\u00c5LD!"},"content":{"rendered":"<p>Jag har nu motvilligt best\u00e4mt mig f\u00f6r att s\u00e4lja min dressyrsadel.<\/p>\n<div id=\"attachment_499\" style=\"width: 235px\" class=\"wp-caption aligncenter\"><a href=\"https:\/\/media.westcoasttrading.se\/2012\/10\/Amerigo-006.jpg\"><img aria-describedby=\"caption-attachment-499\" decoding=\"async\" loading=\"lazy\" class=\"size-medium wp-image-499\" title=\"Amerigo Alto pinerolo\" src=\"https:\/\/media.westcoasttrading.se\/2012\/10\/Amerigo-006-225x300.jpg\" alt=\"Amerigo Alto pinerolo\" width=\"225\" height=\"300\" srcset=\"https:\/\/media.westcoasttrading.se\/2012\/10\/Amerigo-006-225x300.jpg 225w, https:\/\/media.westcoasttrading.se\/2012\/10\/Amerigo-006-768x1024.jpg 768w\" sizes=\"(max-width: 225px) 100vw, 225px\" \/><\/a><p id=\"caption-attachment-499\" class=\"wp-caption-text\">Amerigo Alto pinerolo<\/p><\/div>\n<p>En brun Amerigo Alto i kalvskinn, 17\u00bd, +2 och l\u00e5nga k\u00e5por.<\/p>\n<p>D\u00e5 den knappt \u00e4r anv\u00e4nd d\u00e5 Monzun mest varit skadad sen jag fick hem sadeln s\u00e5 \u00e4r den i absolut TOPPSKICK (!) Vid snabb aff\u00e4r s\u00e5 skickar jag med tillh\u00f6rande stigl\u00e4der och dressyrgjord fr\u00e5n Amerigo i samma fina bruna f\u00e4rg som sadeln \ud83d\ude09<\/p>\n<p>H\u00e4mtat fr\u00e5n Amerigos hemsida:<\/p>\n<table width=\"450\" border=\"0\" align=\"center\">\n<tbody>\n<tr>\n<td align=\"left\" valign=\"top\"><strong><em>Alto<\/em><\/strong><\/p>\n<hr size=\"1\" \/>\n<p>Denna bom \u00e4r speciellt f\u00f6r h\u00e4star med mycket bogar och manke men med relativt kort, lite \u00f6verbyggd, rak rygg. Den l\u00f6ser problem f\u00f6r h\u00e4star med st\u00e5ende bogblad. En kort bom, med en aning f\u00f6rskjuten sittpunkt och ett bakvalv som kommer upp snabbt f\u00f6r att undvika tryck p\u00e5 l\u00e4ndryggen. Fullblod och h\u00e4star som har sv\u00e5rt f\u00f6r att f\u00e5 ig\u00e5ng sitt hasarbete och ryggverksamhet kan med f\u00f6rdel testas i denna sadel.<\/td>\n<td width=\"20\"><\/td>\n<td align=\"right\" valign=\"top\"><\/td>\n<\/tr>\n<tr>\n<td colspan=\"3\" height=\"20\"><\/td>\n<\/tr>\n<tr>\n<td colspan=\"3\" align=\"left\" valign=\"middle\"><span style=\"color: red;\">Varning: <\/span>sadeln ger ibland en stor r\u00f6rlighet som h\u00e4sten inte reder ut och f\u00e5r tr\u00e4ningsv\u00e4rk av om man inte g\u00e5r ytterst f\u00f6rsiktigt fram. En Alto kan bara anv\u00e4ndas om du kan rida h\u00e4sten helt igenom fram till handen, utan att den sl\u00e4pper ryggen. Om h\u00e4sten inte kan detta n\u00e4r man b\u00f6rjar rida med denna sadel, kr\u00e4vs ett par m\u00e5naders uppbyggnadsarbete f\u00f6r att kroppen skall anpassa sig. Den passar m\u00e5nga ryttare, utom de med kort b\u00e4cken som beh\u00f6ver mer st\u00f6d bakom sittbenen.<\/td>\n<\/tr>\n<\/tbody>\n<\/table>\n","protected":false},"excerpt":{"rendered":"<p>Jag har nu motvilligt best\u00e4mt mig f\u00f6r att s\u00e4lja min dressyrsadel. En brun Amerigo Alto i kalvskinn, 17\u00bd, +2 och l\u00e5nga k\u00e5por. D\u00e5 den knappt \u00e4r anv\u00e4nd d\u00e5 Monzun mest varit skadad sen jag fick hem sadeln s\u00e5 \u00e4r den &hellip; <a href=\"https:\/\/westcoasttrading.se\/?page_id=498\">L\u00e4s mer <span class=\"meta-nav\">&rarr;<\/span><\/a><\/p>\n","protected":false},"author":2,"featured_media":0,"parent":56,"menu_order":20,"comment_status":"open","ping_status":"closed","template":"","meta":[],"_links":{"self":[{"href":"https:\/\/westcoasttrading.se\/index.php?rest_route=\/wp\/v2\/pages\/498"}],"collection":[{"href":"https:\/\/westcoasttrading.se\/index.php?rest_route=\/wp\/v2\/pages"}],"about":[{"href":"https:\/\/westcoasttrading.se\/index.php?rest_route=\/wp\/v2\/types\/page"}],"author":[{"embeddable":true,"href":"https:\/\/westcoasttrading.se\/index.php?rest_route=\/wp\/v2\/users\/2"}],"replies":[{"embeddable":true,"href":"https:\/\/westcoasttrading.se\/index.php?rest_route=%2Fwp%2Fv2%2Fcomments&post=498"}],"version-history":[{"count":6,"href":"https:\/\/westcoasttrading.se\/index.php?rest_route=\/wp\/v2\/pages\/498\/revisions"}],"predecessor-version":[{"id":832,"href":"https:\/\/westcoasttrading.se\/index.php?rest_route=\/wp\/v2\/pages\/498\/revisions\/832"}],"up":[{"embeddable":true,"href":"https:\/\/westcoasttrading.se\/index.php?rest_route=\/wp\/v2\/pages\/56"}],"wp:attachment":[{"href":"https:\/\/westcoasttrading.se\/index.php?rest_route=%2Fwp%2Fv2%2Fmedia&parent=498"}],"curies":[{"name":"wp","href":"https:\/\/api.w.org\/{rel}","templated":true}]}}