{"id":50,"date":"2010-12-01T15:43:50","date_gmt":"2010-12-01T14:43:50","guid":{"rendered":"http:\/\/westcoasttrading.se\/?page_id=50"},"modified":"2020-07-09T12:37:34","modified_gmt":"2020-07-09T11:37:34","slug":"konsulttjanstersaljutbildning","status":"publish","type":"page","link":"https:\/\/westcoasttrading.se\/?page_id=50","title":{"rendered":"Konsult\/S\u00e4ljutbildning"},"content":{"rendered":"<p>\u00c4r du f\u00f6retagare och har sv\u00e5rt att f\u00e5 till avslut med kunderna? Beh\u00f6ver dina s\u00e4ljare eller du hitta nya infallsvinklar f\u00f6r b\u00e4ttre f\u00f6rs\u00e4ljning? Undrar du varf\u00f6r kunderna handlar av din konkurrent i st\u00e4llet f\u00f6r av dig?<\/p>\n<p>Om svaret p\u00e5 n\u00e5gon av de fr\u00e5gorna \u00e4r ja, s\u00e5 kan jag hj\u00e4lpa dig!<\/p>\n<p>Jag heter Per Lindqvist och har h\u00e5llit p\u00e5 med f\u00f6rs\u00e4ljning i olika former i hela mitt vuxna liv. N\u00e4r jag blir stor skall jag g\u00f6ra n\u00e5got annat!<\/p>\n<p>Om du funderar \u00f6ver hur du skall kunna s\u00e4lja mer och b\u00e4ttre s\u00e5 \u00e4r du v\u00e4lkommen att sl\u00e5 mig en signal f\u00f6r en f\u00f6ruts\u00e4ttningsl\u00f6s diskussion om hur jag skulle kunna hj\u00e4lpa dig och ditt f\u00f6retag.<\/p>\n<h6>[Nyckelord: S\u00e4ljutbildning\/Utbildning f\u00f6r s\u00e4ljare &#8211; f\u00f6r att \u00f6ka er f\u00f6rs\u00e4ljning, s\u00e4ljcoach, Halmstad, G\u00f6teborg.]<\/h6>\n","protected":false},"excerpt":{"rendered":"<p>\u00c4r du f\u00f6retagare och har sv\u00e5rt att f\u00e5 till avslut med kunderna? Beh\u00f6ver dina s\u00e4ljare eller du hitta nya infallsvinklar f\u00f6r b\u00e4ttre f\u00f6rs\u00e4ljning? Undrar du varf\u00f6r kunderna handlar av din konkurrent i st\u00e4llet f\u00f6r av dig? Om svaret p\u00e5 n\u00e5gon &hellip; <a href=\"https:\/\/westcoasttrading.se\/?page_id=50\">L\u00e4s mer <span class=\"meta-nav\">&rarr;<\/span><\/a><\/p>\n","protected":false},"author":2,"featured_media":74,"parent":0,"menu_order":65,"comment_status":"open","ping_status":"open","template":"","meta":[],"_links":{"self":[{"href":"https:\/\/westcoasttrading.se\/index.php?rest_route=\/wp\/v2\/pages\/50"}],"collection":[{"href":"https:\/\/westcoasttrading.se\/index.php?rest_route=\/wp\/v2\/pages"}],"about":[{"href":"https:\/\/westcoasttrading.se\/index.php?rest_route=\/wp\/v2\/types\/page"}],"author":[{"embeddable":true,"href":"https:\/\/westcoasttrading.se\/index.php?rest_route=\/wp\/v2\/users\/2"}],"replies":[{"embeddable":true,"href":"https:\/\/westcoasttrading.se\/index.php?rest_route=%2Fwp%2Fv2%2Fcomments&post=50"}],"version-history":[{"count":17,"href":"https:\/\/westcoasttrading.se\/index.php?rest_route=\/wp\/v2\/pages\/50\/revisions"}],"predecessor-version":[{"id":1416,"href":"https:\/\/westcoasttrading.se\/index.php?rest_route=\/wp\/v2\/pages\/50\/revisions\/1416"}],"wp:featuredmedia":[{"embeddable":true,"href":"https:\/\/westcoasttrading.se\/index.php?rest_route=\/wp\/v2\/media\/74"}],"wp:attachment":[{"href":"https:\/\/westcoasttrading.se\/index.php?rest_route=%2Fwp%2Fv2%2Fmedia&parent=50"}],"curies":[{"name":"wp","href":"https:\/\/api.w.org\/{rel}","templated":true}]}}