{"id":525,"date":"2012-11-10T09:59:27","date_gmt":"2012-11-10T08:59:27","guid":{"rendered":"http:\/\/westcoasttrading.se\/?page_id=525"},"modified":"2014-02-08T17:53:41","modified_gmt":"2014-02-08T16:53:41","slug":"speedi-beet-2","status":"publish","type":"page","link":"https:\/\/westcoasttrading.se\/?page_id=525","title":{"rendered":"Speedi Beet"},"content":{"rendered":"<h2><\/h2>\n<table border=\"0\">\n<tbody>\n<tr>\n<td>\u2022 Speedi Beet blir klar p\u00e5 10 minuter<br \/>\n\u2022 Speedi Beet har l\u00e5g st\u00e4rkelse och sockerhalt<br \/>\n\u2022 Rekommenderas till h\u00e4star som har eller har haft problem med f\u00e5ng.Mikroniserade sockerbetor \u00e4r gjord av ren\u00a0omelasserad betmassa som inte har haft melass tillagd och blir f\u00f6ljaktligen ca 95% socker fri. Micronisering f\u00f6rhindrar proteinet fr\u00e5n denaturering vilket m\u00f6jligg\u00f6r snabbare frig\u00f6rande av n\u00e4rings\u00e4mnen.Mikroniserade sockerbetor \u00e4r av s\u00e4rskild betydelse f\u00f6r h\u00e4stbranschen, d\u00e4r den anv\u00e4nds som en l\u00e5g socker k\u00e4lla till fiber. J\u00e4mnt f\u00f6rdelade mellan cellulosa, hemicellulosa och pektiner, f\u00f6reskrivs bet fibrer som den som kan j\u00e4sas l\u00e4ngs hela tarmen i olika takt, samt att ge l\u00e5ngsamt j\u00e4sta fiber.Rekommenderas av allt fler veterin\u00e4rer f\u00f6r jus f\u00e5ng och insulink\u00e4nsliga h\u00e4star!<\/p>\n<p>Tillverkas i England av Masham Micronized feeds.<\/p>\n<p><a href=\"https:\/\/www.spannex.se\/uploads\/file\/produkter\/speedi-beet-jan-13.pdf\">www.spannex.se\/uploads\/file\/produkter\/speedi-beet-jan-13.pdf<\/a><br \/>\n<a href=\"https:\/\/www.spannex.se\/produkt\/50104\/?search=speedi+beet\">www.spannex.se\/produkt\/50104\/?search=speedi+beet<\/a><\/td>\n<\/tr>\n<\/tbody>\n<\/table>\n<p><a href=\"https:\/\/media.westcoasttrading.se\/2012\/11\/lamtrust20logo3.jpg\"><img decoding=\"async\" loading=\"lazy\" title=\"THE LAMINITIS TRUST\" src=\"https:\/\/media.westcoasttrading.se\/2012\/11\/lamtrust20logo3.jpg\" alt=\"THE LAMINITIS TRUST\" width=\"97\" height=\"148\" \/><\/a>\u00a0\u00a0\u00a0\u00a0\u00a0\u00a0\u00a0 \u00a0<a href=\"https:\/\/media.westcoasttrading.se\/2012\/11\/speedi1.jpg\"><img decoding=\"async\" loading=\"lazy\" title=\"Speedi Beet\" src=\"https:\/\/media.westcoasttrading.se\/2012\/11\/speedi1-160x300.jpg\" alt=\"Speedi Beet -&quot;den sockerfris betforen&quot;\" width=\"108\" height=\"158\" \/><\/a>\u00a0\u00a0\u00a0\u00a0\u00a0 \u00a0\u00a0<a href=\"https:\/\/media.westcoasttrading.se\/2012\/11\/lamtrust20logo3.jpg\"><img decoding=\"async\" loading=\"lazy\" title=\"THE LAMINITIS TRUST\" src=\"https:\/\/media.westcoasttrading.se\/2012\/11\/lamtrust20logo3.jpg\" alt=\"THE LAMINITIS TRUST\" width=\"97\" height=\"148\" \/><\/a>\u00a0\u00a0\u00a0\u00a0\u00a0\u00a0\u00a0\u00a0<a href=\"https:\/\/media.westcoasttrading.se\/2012\/11\/speedi1.jpg\"><img decoding=\"async\" loading=\"lazy\" title=\"Speedi Beet\" src=\"https:\/\/media.westcoasttrading.se\/2012\/11\/speedi1-160x300.jpg\" alt=\"Speedi Beet -&quot;den sockerfris betforen&quot;\" width=\"108\" height=\"158\" \/><\/a>\u00a0\u00a0\u00a0 \u00a0\u00a0\u00a0\u00a0<a href=\"https:\/\/media.westcoasttrading.se\/2012\/11\/lamtrust20logo3.jpg\"><img decoding=\"async\" loading=\"lazy\" title=\"THE LAMINITIS TRUST\" src=\"https:\/\/media.westcoasttrading.se\/2012\/11\/lamtrust20logo3.jpg\" alt=\"THE LAMINITIS TRUST\" width=\"97\" height=\"148\" \/><\/a><\/p>\n<table border=\"0\" cellspacing=\"2\" cellpadding=\"0\" align=\"left\">\n<tbody>\n<tr>\n<td valign=\"top\"><strong>N\u00e4ringsdeklaration<\/strong><\/td>\n<td><\/td>\n<\/tr>\n<tr>\n<td>MJ\/Kg<\/td>\n<td>12,4<\/td>\n<\/tr>\n<tr>\n<td>Torrsubstans<\/td>\n<td>90%<\/td>\n<\/tr>\n<tr>\n<td>Protein<\/td>\n<td>10%<\/td>\n<\/tr>\n<tr>\n<td>Olja<\/td>\n<td>0,7%<\/td>\n<\/tr>\n<tr>\n<td>Fiber<\/td>\n<td>15%<\/td>\n<\/tr>\n<tr>\n<td>Aska<\/td>\n<td>9%<\/td>\n<\/tr>\n<tr>\n<td>Socker<\/td>\n<td>5%<\/td>\n<\/tr>\n<tr>\n<td>Calcium<\/td>\n<td>0,7%<\/td>\n<\/tr>\n<tr>\n<td>Fosfor<\/td>\n<td>0,1%<\/td>\n<\/tr>\n<tr>\n<td>Salt<\/td>\n<td>0,3%<\/td>\n<\/tr>\n<tr>\n<td>Magnesium<\/td>\n<td>0,3%<\/td>\n<\/tr>\n<tr>\n<td>Lysin<\/td>\n<td>0,45%<\/td>\n<\/tr>\n<tr>\n<td>Methionine<\/td>\n<td>0,15%<\/td>\n<\/tr>\n<tr>\n<td>Thereonine<\/td>\n<td>0,40%<\/td>\n<\/tr>\n<tr>\n<td>Tryptofan<\/td>\n<td>0,10%<\/td>\n<\/tr>\n<\/tbody>\n<\/table>\n","protected":false},"excerpt":{"rendered":"<p>\u2022 Speedi Beet blir klar p\u00e5 10 minuter \u2022 Speedi Beet har l\u00e5g st\u00e4rkelse och sockerhalt \u2022 Rekommenderas till h\u00e4star som har eller har haft problem med f\u00e5ng.Mikroniserade sockerbetor \u00e4r gjord av ren\u00a0omelasserad betmassa som inte har haft melass tillagd &hellip; <a href=\"https:\/\/westcoasttrading.se\/?page_id=525\">L\u00e4s mer <span class=\"meta-nav\">&rarr;<\/span><\/a><\/p>\n","protected":false},"author":2,"featured_media":0,"parent":43,"menu_order":2,"comment_status":"open","ping_status":"closed","template":"","meta":[],"_links":{"self":[{"href":"https:\/\/westcoasttrading.se\/index.php?rest_route=\/wp\/v2\/pages\/525"}],"collection":[{"href":"https:\/\/westcoasttrading.se\/index.php?rest_route=\/wp\/v2\/pages"}],"about":[{"href":"https:\/\/westcoasttrading.se\/index.php?rest_route=\/wp\/v2\/types\/page"}],"author":[{"embeddable":true,"href":"https:\/\/westcoasttrading.se\/index.php?rest_route=\/wp\/v2\/users\/2"}],"replies":[{"embeddable":true,"href":"https:\/\/westcoasttrading.se\/index.php?rest_route=%2Fwp%2Fv2%2Fcomments&post=525"}],"version-history":[{"count":15,"href":"https:\/\/westcoasttrading.se\/index.php?rest_route=\/wp\/v2\/pages\/525\/revisions"}],"predecessor-version":[{"id":530,"href":"https:\/\/westcoasttrading.se\/index.php?rest_route=\/wp\/v2\/pages\/525\/revisions\/530"}],"up":[{"embeddable":true,"href":"https:\/\/westcoasttrading.se\/index.php?rest_route=\/wp\/v2\/pages\/43"}],"wp:attachment":[{"href":"https:\/\/westcoasttrading.se\/index.php?rest_route=%2Fwp%2Fv2%2Fmedia&parent=525"}],"curies":[{"name":"wp","href":"https:\/\/api.w.org\/{rel}","templated":true}]}}