{"id":56,"date":"2010-12-01T15:46:53","date_gmt":"2010-12-01T14:46:53","guid":{"rendered":"http:\/\/westcoasttrading.se\/?page_id=56"},"modified":"2016-06-14T08:14:27","modified_gmt":"2016-06-14T07:14:27","slug":"till-salu","status":"publish","type":"page","link":"https:\/\/westcoasttrading.se\/?page_id=56","title":{"rendered":"Till salu"},"content":{"rendered":"<h1 class=\"entry-title\">Till salu f\u00f6r r\u00e4tt pengar till r\u00e4tt k\u00f6pare! &#8211; S\u00c5LD!<\/h1>\n<p class=\"entry-title\">Byte kan tas i form av cobrabygge eller liknande!<\/p>\n<h2 class=\"entry-title\">Ford F-100 Custom 1954<\/h2>\n<div class=\"entry-content\">\n<h2>Byggd p\u00e5 4 m\u00e5nader fr\u00e5n skrot till utst\u00e4llningsvinnare.<\/h2>\n<p><a href=\"https:\/\/media.westcoasttrading.se\/2010\/12\/Kopia-2-av-Image60.jpg\"><img decoding=\"async\" loading=\"lazy\" title=\"Kopia (2) av Image60\" src=\"https:\/\/media.westcoasttrading.se\/2010\/12\/Kopia-2-av-Image60-150x150.jpg\" alt=\"\" width=\"150\" height=\"150\" \/><\/a><a href=\"https:\/\/media.westcoasttrading.se\/2010\/12\/Kopia-2-av-Image57.jpg\"><img decoding=\"async\" loading=\"lazy\" title=\"Kopia (2) av Image57\" src=\"https:\/\/media.westcoasttrading.se\/2010\/12\/Kopia-2-av-Image57-150x150.jpg\" alt=\"\" width=\"150\" height=\"150\" \/><\/a><a href=\"https:\/\/media.westcoasttrading.se\/2010\/12\/Image66.jpg\"><img decoding=\"async\" loading=\"lazy\" title=\"Image66\" src=\"https:\/\/media.westcoasttrading.se\/2010\/12\/Image66-150x150.jpg\" alt=\"\" width=\"150\" height=\"150\" \/><\/a><a href=\"https:\/\/media.westcoasttrading.se\/2010\/12\/Image53.jpg\"><img decoding=\"async\" loading=\"lazy\" title=\"Image53\" src=\"https:\/\/media.westcoasttrading.se\/2010\/12\/Image53-150x150.jpg\" alt=\"\" width=\"150\" height=\"150\" \/><\/a><a href=\"https:\/\/media.westcoasttrading.se\/2010\/12\/Image43.jpg\"><img decoding=\"async\" loading=\"lazy\" title=\"Image43\" src=\"https:\/\/media.westcoasttrading.se\/2010\/12\/Image43-150x150.jpg\" alt=\"\" width=\"150\" height=\"150\" \/><\/a><a href=\"https:\/\/media.westcoasttrading.se\/2010\/12\/Image55.jpg\"><img decoding=\"async\" loading=\"lazy\" title=\"Image55\" src=\"https:\/\/media.westcoasttrading.se\/2010\/12\/Image55-150x150.jpg\" alt=\"\" width=\"150\" height=\"150\" \/><\/a><a href=\"https:\/\/media.westcoasttrading.se\/2010\/12\/Kopia-2-av-utstall_16.jpg\"><img decoding=\"async\" loading=\"lazy\" title=\"Kopia (2) av utstall_16\" src=\"https:\/\/media.westcoasttrading.se\/2010\/12\/Kopia-2-av-utstall_16-150x150.jpg\" alt=\"\" width=\"150\" height=\"150\" \/><\/a><a href=\"https:\/\/media.westcoasttrading.se\/2010\/12\/Kopia-2-av-utstall_18.jpg\"><img decoding=\"async\" loading=\"lazy\" title=\"Kopia (2) av utstall_18\" src=\"https:\/\/media.westcoasttrading.se\/2010\/12\/Kopia-2-av-utstall_18-150x150.jpg\" alt=\"\" width=\"150\" height=\"150\" \/><\/a><br \/>\nMotor: Corvette LT1 V8 fr\u00e5n -94<br \/>\nV\u00e4xell\u00e5da: TH700R4<br \/>\nAvgassystem: Polerat rostfritt i tre tums r\u00f6r.<br \/>\nFramvagn: Corvette -87<br \/>\nBakvagn: Corvette -87<br \/>\nRam: Original Ford 1954 boxad och ombyggd<br \/>\nKaross: Flipfront i glasfiber, elstyrd med cabkolvar fr\u00e5n ford -57, breddade baksk\u00e4rmar i glasfiber, ombyggt originalflak med bakljus fr\u00e5n C4 Corvette, hytten rensad fr\u00e5n d\u00f6rrhandtag och tanklock med mera.<br \/>\nInredning: ombyggda snurrstolar fr\u00e5n Chevrolet Monte Carlo, Ombyggd instrumentbr\u00e4da fr\u00e5n Thunderbird, V\u00e4xelspak fr\u00e5n Camaro -69, Stereoanl\u00e4ggning fr\u00e5n Alpine, Instrument fr\u00e5n Auto Meter.<br \/>\nF\u00e4lgar: Specialbest\u00e4llda billet f\u00e4lgar fr\u00e5n Boyd Coddington<br \/>\nD\u00e4ck: Bridgestone Potenza 20 tummareLackering:<br \/>\nSpecialbruten effektlack med motivlackade emblem.<\/p>\n<\/div>\n","protected":false},"excerpt":{"rendered":"<p>Till salu f\u00f6r r\u00e4tt pengar till r\u00e4tt k\u00f6pare! &#8211; S\u00c5LD! Byte kan tas i form av cobrabygge eller liknande! Ford F-100 Custom 1954 Byggd p\u00e5 4 m\u00e5nader fr\u00e5n skrot till utst\u00e4llningsvinnare. Motor: Corvette LT1 V8 fr\u00e5n -94 V\u00e4xell\u00e5da: TH700R4 Avgassystem: &hellip; <a href=\"https:\/\/westcoasttrading.se\/?page_id=56\">L\u00e4s mer <span class=\"meta-nav\">&rarr;<\/span><\/a><\/p>\n","protected":false},"author":2,"featured_media":0,"parent":0,"menu_order":85,"comment_status":"open","ping_status":"open","template":"","meta":[],"_links":{"self":[{"href":"https:\/\/westcoasttrading.se\/index.php?rest_route=\/wp\/v2\/pages\/56"}],"collection":[{"href":"https:\/\/westcoasttrading.se\/index.php?rest_route=\/wp\/v2\/pages"}],"about":[{"href":"https:\/\/westcoasttrading.se\/index.php?rest_route=\/wp\/v2\/types\/page"}],"author":[{"embeddable":true,"href":"https:\/\/westcoasttrading.se\/index.php?rest_route=\/wp\/v2\/users\/2"}],"replies":[{"embeddable":true,"href":"https:\/\/westcoasttrading.se\/index.php?rest_route=%2Fwp%2Fv2%2Fcomments&post=56"}],"version-history":[{"count":6,"href":"https:\/\/westcoasttrading.se\/index.php?rest_route=\/wp\/v2\/pages\/56\/revisions"}],"predecessor-version":[{"id":1044,"href":"https:\/\/westcoasttrading.se\/index.php?rest_route=\/wp\/v2\/pages\/56\/revisions\/1044"}],"wp:attachment":[{"href":"https:\/\/westcoasttrading.se\/index.php?rest_route=%2Fwp%2Fv2%2Fmedia&parent=56"}],"curies":[{"name":"wp","href":"https:\/\/api.w.org\/{rel}","templated":true}]}}