{"id":61,"date":"2010-12-01T15:52:18","date_gmt":"2010-12-01T14:52:18","guid":{"rendered":"http:\/\/westcoasttrading.se\/?page_id=61"},"modified":"2021-01-20T09:41:06","modified_gmt":"2021-01-20T08:41:06","slug":"kontakta-oss","status":"publish","type":"page","link":"https:\/\/westcoasttrading.se\/?page_id=61","title":{"rendered":"Kontakta oss"},"content":{"rendered":"<p style=\"text-align: justify;\">Westcoast AB<\/p>\n<p>Hulab\u00e4cks G\u00e5rd 208<\/p>\n<p>305 72 Steninge<\/p>\n<p>Du n\u00e5r Malin p\u00e5:<br \/>\nTelefon: 035 &#8211; 16 22 53 eller 0768-946786<br \/>\nMail:\u00a0<a href=\"mailto:malin@westcoasttrading.se\">malinbruhn@trailerimport.se<\/a><\/p>\n<p>Du n\u00e5r Per p\u00e5 035-162251 eller p\u00e5 <a href=\"mailto:per@westcoasttrading.se\">per@westcoasttrading.se<\/a><\/p>\n<p>Bank: Swedbank<\/p>\n<p>Bankgiro: 216-7260<\/p>\n<p>Vi innehar F-skattebevis<\/p>\n<p>V\u00e4gbeskrivning fr\u00e5n E6:<br \/>\nTag avfart 47 Getinge \/ Steninge<br \/>\nTag v\u00e4nster mot Steninge och k\u00f6r ca 7.5km rakt fram.<br \/>\nN\u00e4r ni passerat kyrkan och kommer ner p\u00e5 andra sidan av den lilla &#8221;\u00e5sen&#8221; s\u00e5 ligger vi p\u00e5 h\u00f6ger sida, alldeles utmed v\u00e4gen.\u00a0(Finns ljusskylt med Trailerimport\/Ifor williams ute vid stenmuren samt skylt p\u00e5 den svarta gaveln med Ifor Williams)<\/p>\n<p>V\u00e4gbeskrivning fr\u00e5n kustv\u00e4gen:<br \/>\nI Steninge (vid restaurang Skepparstugan) sv\u00e4ger ni mot Getinge \/ Steninge kyrka.<br \/>\nEfter ca 800m ligger vi \u00e5p v\u00e4nster sida alldeles utmed v\u00e4gen (Finns ljusskylt med Trailerimport\/Ifor williams ute vid stenmuren)<\/p>\n","protected":false},"excerpt":{"rendered":"<p>Westcoast AB Hulab\u00e4cks G\u00e5rd 208 305 72 Steninge Du n\u00e5r Malin p\u00e5: Telefon: 035 &#8211; 16 22 53 eller 0768-946786 Mail:\u00a0malinbruhn@trailerimport.se Du n\u00e5r Per p\u00e5 035-162251 eller p\u00e5 per@westcoasttrading.se Bank: Swedbank Bankgiro: 216-7260 Vi innehar F-skattebevis V\u00e4gbeskrivning fr\u00e5n E6: Tag &hellip; <a href=\"https:\/\/westcoasttrading.se\/?page_id=61\">L\u00e4s mer <span class=\"meta-nav\">&rarr;<\/span><\/a><\/p>\n","protected":false},"author":2,"featured_media":243,"parent":0,"menu_order":100,"comment_status":"open","ping_status":"open","template":"","meta":[],"_links":{"self":[{"href":"https:\/\/westcoasttrading.se\/index.php?rest_route=\/wp\/v2\/pages\/61"}],"collection":[{"href":"https:\/\/westcoasttrading.se\/index.php?rest_route=\/wp\/v2\/pages"}],"about":[{"href":"https:\/\/westcoasttrading.se\/index.php?rest_route=\/wp\/v2\/types\/page"}],"author":[{"embeddable":true,"href":"https:\/\/westcoasttrading.se\/index.php?rest_route=\/wp\/v2\/users\/2"}],"replies":[{"embeddable":true,"href":"https:\/\/westcoasttrading.se\/index.php?rest_route=%2Fwp%2Fv2%2Fcomments&post=61"}],"version-history":[{"count":10,"href":"https:\/\/westcoasttrading.se\/index.php?rest_route=\/wp\/v2\/pages\/61\/revisions"}],"predecessor-version":[{"id":1423,"href":"https:\/\/westcoasttrading.se\/index.php?rest_route=\/wp\/v2\/pages\/61\/revisions\/1423"}],"wp:featuredmedia":[{"embeddable":true,"href":"https:\/\/westcoasttrading.se\/index.php?rest_route=\/wp\/v2\/media\/243"}],"wp:attachment":[{"href":"https:\/\/westcoasttrading.se\/index.php?rest_route=%2Fwp%2Fv2%2Fmedia&parent=61"}],"curies":[{"name":"wp","href":"https:\/\/api.w.org\/{rel}","templated":true}]}}