{"id":706,"date":"2013-08-29T08:10:16","date_gmt":"2013-08-29T07:10:16","guid":{"rendered":"http:\/\/westcoasttrading.se\/?page_id=706"},"modified":"2013-12-03T13:00:26","modified_gmt":"2013-12-03T12:00:26","slug":"begagnad-greystone-maxi-vac","status":"publish","type":"page","link":"https:\/\/westcoasttrading.se\/?page_id=706","title":{"rendered":"Begagnad Greystone Maxi Vac &#8211; S\u00c5LD"},"content":{"rendered":"<p>Vi s\u00e4ljer nu v\u00e5r begagnade Greystone\u00a0Maxi Vac (800L) f\u00f6r att l\u00e4mna plats f\u00f6r den nyare modellen <img decoding=\"async\" src=\"https:\/\/westcoasttrading.se\/wp-includes\/images\/smilies\/icon_wink.gif\" alt=\";-)\" \/>\u00a0Den \u00e4r v\u00e4ldigt lite anv\u00e4nd och i absolut toppskick, s\u00e5 skynda att fynda (!) Passar lika bra att dammsuga l\u00f6v mm i tr\u00e4dg\u00e5rden som att suga rent hagarna fr\u00e5n all g\u00f6dsel innan vintern sl\u00e5r till <img decoding=\"async\" src=\"https:\/\/westcoasttrading.se\/wp-includes\/images\/smilies\/icon_wink.gif\" alt=\";-)\" \/><\/p>\n<div id=\"attachment_707\" style=\"width: 203px\" class=\"wp-caption aligncenter\"><a href=\"https:\/\/media.westcoasttrading.se\/2013\/08\/maxi-small1.jpg\"><img aria-describedby=\"caption-attachment-707\" decoding=\"async\" loading=\"lazy\" class=\"size-full wp-image-707\" title=\"Greystone G\u00f6dselsug\" src=\"https:\/\/media.westcoasttrading.se\/2013\/08\/maxi-small1.jpg\" alt=\"Greystone G\u00f6dselsug\" width=\"193\" height=\"140\" \/><\/a><p id=\"caption-attachment-707\" class=\"wp-caption-text\">Greystone G\u00f6dselsug<\/p><\/div>\n<p>Pris: 22.000:- ex moms (priset g\u00e4ller tom den 1 September!)<\/p>\n","protected":false},"excerpt":{"rendered":"<p>Vi s\u00e4ljer nu v\u00e5r begagnade Greystone\u00a0Maxi Vac (800L) f\u00f6r att l\u00e4mna plats f\u00f6r den nyare modellen \u00a0Den \u00e4r v\u00e4ldigt lite anv\u00e4nd och i absolut toppskick, s\u00e5 skynda att fynda (!) Passar lika bra att dammsuga l\u00f6v mm i tr\u00e4dg\u00e5rden som &hellip; <a href=\"https:\/\/westcoasttrading.se\/?page_id=706\">L\u00e4s mer <span class=\"meta-nav\">&rarr;<\/span><\/a><\/p>\n","protected":false},"author":2,"featured_media":0,"parent":56,"menu_order":30,"comment_status":"open","ping_status":"closed","template":"","meta":[],"_links":{"self":[{"href":"https:\/\/westcoasttrading.se\/index.php?rest_route=\/wp\/v2\/pages\/706"}],"collection":[{"href":"https:\/\/westcoasttrading.se\/index.php?rest_route=\/wp\/v2\/pages"}],"about":[{"href":"https:\/\/westcoasttrading.se\/index.php?rest_route=\/wp\/v2\/types\/page"}],"author":[{"embeddable":true,"href":"https:\/\/westcoasttrading.se\/index.php?rest_route=\/wp\/v2\/users\/2"}],"replies":[{"embeddable":true,"href":"https:\/\/westcoasttrading.se\/index.php?rest_route=%2Fwp%2Fv2%2Fcomments&post=706"}],"version-history":[{"count":2,"href":"https:\/\/westcoasttrading.se\/index.php?rest_route=\/wp\/v2\/pages\/706\/revisions"}],"predecessor-version":[{"id":767,"href":"https:\/\/westcoasttrading.se\/index.php?rest_route=\/wp\/v2\/pages\/706\/revisions\/767"}],"up":[{"embeddable":true,"href":"https:\/\/westcoasttrading.se\/index.php?rest_route=\/wp\/v2\/pages\/56"}],"wp:attachment":[{"href":"https:\/\/westcoasttrading.se\/index.php?rest_route=%2Fwp%2Fv2%2Fmedia&parent=706"}],"curies":[{"name":"wp","href":"https:\/\/api.w.org\/{rel}","templated":true}]}}