{"id":715,"date":"2014-04-04T09:05:45","date_gmt":"2014-04-04T08:05:45","guid":{"rendered":"http:\/\/westcoasttrading.se\/?page_id=715"},"modified":"2015-02-01T12:32:07","modified_gmt":"2015-02-01T11:32:07","slug":"mercedes-350-sl-1971-fyndpris","status":"publish","type":"page","link":"https:\/\/westcoasttrading.se\/?page_id=715","title":{"rendered":"Mercedes 350 SL 1971 &#8211; S\u00c5LD"},"content":{"rendered":"<p>Unik MB350SL fr\u00e5n f\u00f6rsta \u00e5rg\u00e5ngen 1971. Absolut spikrak i pl\u00e5ten,\u00a0 rostfri (aldrig ens rostlagad !), perfekt krom och lack, aldrig krockad, g\u00e5r som en klocka och\u00a0100% originalskick! Fin inredning och cab, original hardtop medf\u00f6ljer.<br \/>\nF\u00f6rs\u00e4kringsv\u00e4rderad i 210.000 kr. Kostnad f\u00f6r helf\u00f6rs\u00e4kring 800 kr\/hel\u00e5r! Skattebefriad och besiktning vartannat \u00e5r. Medlem i Veteranklubben. Endast 12400 mil! S\u00e4ljes endast p\u00e5 grund av tidsbrist&#8230; INGA BYTEN!\u00a0Ring 035-1662251, 0733-800581<br \/>\nMaila <a href=\"mailto:info@trailerimport.se\">info@trailerimport.se<\/a><\/p>\n","protected":false},"excerpt":{"rendered":"<p>Unik MB350SL fr\u00e5n f\u00f6rsta \u00e5rg\u00e5ngen 1971. Absolut spikrak i pl\u00e5ten,\u00a0 rostfri (aldrig ens rostlagad !), perfekt krom och lack, aldrig krockad, g\u00e5r som en klocka och\u00a0100% originalskick! Fin inredning och cab, original hardtop medf\u00f6ljer. F\u00f6rs\u00e4kringsv\u00e4rderad i 210.000 kr. Kostnad f\u00f6r &hellip; <a href=\"https:\/\/westcoasttrading.se\/?page_id=715\">L\u00e4s mer <span class=\"meta-nav\">&rarr;<\/span><\/a><\/p>\n","protected":false},"author":2,"featured_media":0,"parent":56,"menu_order":10,"comment_status":"open","ping_status":"closed","template":"","meta":[],"_links":{"self":[{"href":"https:\/\/westcoasttrading.se\/index.php?rest_route=\/wp\/v2\/pages\/715"}],"collection":[{"href":"https:\/\/westcoasttrading.se\/index.php?rest_route=\/wp\/v2\/pages"}],"about":[{"href":"https:\/\/westcoasttrading.se\/index.php?rest_route=\/wp\/v2\/types\/page"}],"author":[{"embeddable":true,"href":"https:\/\/westcoasttrading.se\/index.php?rest_route=\/wp\/v2\/users\/2"}],"replies":[{"embeddable":true,"href":"https:\/\/westcoasttrading.se\/index.php?rest_route=%2Fwp%2Fv2%2Fcomments&post=715"}],"version-history":[{"count":14,"href":"https:\/\/westcoasttrading.se\/index.php?rest_route=\/wp\/v2\/pages\/715\/revisions"}],"predecessor-version":[{"id":932,"href":"https:\/\/westcoasttrading.se\/index.php?rest_route=\/wp\/v2\/pages\/715\/revisions\/932"}],"up":[{"embeddable":true,"href":"https:\/\/westcoasttrading.se\/index.php?rest_route=\/wp\/v2\/pages\/56"}],"wp:attachment":[{"href":"https:\/\/westcoasttrading.se\/index.php?rest_route=%2Fwp%2Fv2%2Fmedia&parent=715"}],"curies":[{"name":"wp","href":"https:\/\/api.w.org\/{rel}","templated":true}]}}