{"id":748,"date":"2013-09-29T11:22:57","date_gmt":"2013-09-29T10:22:57","guid":{"rendered":"http:\/\/westcoasttrading.se\/?page_id=748"},"modified":"2015-08-31T06:01:31","modified_gmt":"2015-08-31T05:01:31","slug":"mercedes-350sl","status":"publish","type":"page","link":"https:\/\/westcoasttrading.se\/?page_id=748","title":{"rendered":"Mercedes 350SL &#8211; S\u00c5LD"},"content":{"rendered":"<p><a href=\"https:\/\/media.westcoasttrading.se\/2013\/09\/Mercan-11.jpg\"><img decoding=\"async\" loading=\"lazy\" class=\"aligncenter size-medium wp-image-727\" title=\"Mercan \" src=\"https:\/\/media.westcoasttrading.se\/2013\/09\/Mercan-11-300x225.jpg\" alt=\"\" width=\"300\" height=\"225\" srcset=\"https:\/\/media.westcoasttrading.se\/2013\/09\/Mercan-11-300x225.jpg 300w, https:\/\/media.westcoasttrading.se\/2013\/09\/Mercan-11.jpg 728w\" sizes=\"(max-width: 300px) 100vw, 300px\" \/><\/a>Unik Mercedes Bends 350SL fr\u00e5n f\u00f6rsta \u00e5rg\u00e5ngen 1971. Absolut spikrak i pl\u00e5ten,\u00a0 rostfri (aldrig ens rostlagad !), perfekt krom och lack, aldrig krockad, g\u00e5r som en klocka och\u00a0100% originalskick! Fin inredning och cab, original hardtop medf\u00f6ljer. F\u00f6rs\u00e4kringsv\u00e4rderad i 210.000 kr. Kostnad f\u00f6r helf\u00f6rs\u00e4kring 800 kr\/hel\u00e5r! Skattebefriad och besiktning vartannat \u00e5r. Medlem i Veteranklubben. Endast 12400 mil! S\u00e4ljes p\u00e5 grund av tidsbrist inf\u00f6r vintern till ett underpris\u00a0mot bilen r\u00e4tta v\u00e4rde <img decoding=\"async\" src=\"https:\/\/westcoasttrading.se\/wp-includes\/images\/smilies\/icon_sad.gif\" alt=\":(\" \/>\u00a0 Men den m\u00e5ste bort! INGA BYTEN!\u00a0Ring 035-1662251, 0733-800581 Maila <a href=\"mailto:info@trailerimport.se\">info@trailerimport.se<\/a><\/p>\n","protected":false},"excerpt":{"rendered":"<p>Unik Mercedes Bends 350SL fr\u00e5n f\u00f6rsta \u00e5rg\u00e5ngen 1971. Absolut spikrak i pl\u00e5ten,\u00a0 rostfri (aldrig ens rostlagad !), perfekt krom och lack, aldrig krockad, g\u00e5r som en klocka och\u00a0100% originalskick! Fin inredning och cab, original hardtop medf\u00f6ljer. F\u00f6rs\u00e4kringsv\u00e4rderad i 210.000 kr. &hellip; <a href=\"https:\/\/westcoasttrading.se\/?page_id=748\">L\u00e4s mer <span class=\"meta-nav\">&rarr;<\/span><\/a><\/p>\n","protected":false},"author":2,"featured_media":0,"parent":54,"menu_order":3,"comment_status":"open","ping_status":"closed","template":"","meta":[],"_links":{"self":[{"href":"https:\/\/westcoasttrading.se\/index.php?rest_route=\/wp\/v2\/pages\/748"}],"collection":[{"href":"https:\/\/westcoasttrading.se\/index.php?rest_route=\/wp\/v2\/pages"}],"about":[{"href":"https:\/\/westcoasttrading.se\/index.php?rest_route=\/wp\/v2\/types\/page"}],"author":[{"embeddable":true,"href":"https:\/\/westcoasttrading.se\/index.php?rest_route=\/wp\/v2\/users\/2"}],"replies":[{"embeddable":true,"href":"https:\/\/westcoasttrading.se\/index.php?rest_route=%2Fwp%2Fv2%2Fcomments&post=748"}],"version-history":[{"count":7,"href":"https:\/\/westcoasttrading.se\/index.php?rest_route=\/wp\/v2\/pages\/748\/revisions"}],"predecessor-version":[{"id":966,"href":"https:\/\/westcoasttrading.se\/index.php?rest_route=\/wp\/v2\/pages\/748\/revisions\/966"}],"up":[{"embeddable":true,"href":"https:\/\/westcoasttrading.se\/index.php?rest_route=\/wp\/v2\/pages\/54"}],"wp:attachment":[{"href":"https:\/\/westcoasttrading.se\/index.php?rest_route=%2Fwp%2Fv2%2Fmedia&parent=748"}],"curies":[{"name":"wp","href":"https:\/\/api.w.org\/{rel}","templated":true}]}}