{"id":780,"date":"2014-02-08T17:08:42","date_gmt":"2014-02-08T16:08:42","guid":{"rendered":"http:\/\/westcoasttrading.se\/?page_id=780"},"modified":"2018-04-30T08:45:06","modified_gmt":"2018-04-30T07:45:06","slug":"cool-mix","status":"publish","type":"page","link":"https:\/\/westcoasttrading.se\/?page_id=780","title":{"rendered":"Cool Mix &#8211; m\u00fcsli"},"content":{"rendered":"<h1><img decoding=\"async\" title=\"Cool Mix.\" src=\"https:\/\/az61094.vo.msecnd.net\/img\/08\/257fbe2b-70a1-4de6-963c-cc01ff3e641f\/460\" alt=\"Cool Mix.\" \/><\/h1>\n<div id=\"ph2\">\n<div>\n<div>\n<p><strong>Cool-mix, den havrefria m\u00fcslin<\/strong><\/p>\n<p>En komplett m\u00fcsli med extra lusern och unik dinkel f\u00f6r alla matglada h\u00e4star s\u00e5 v\u00e4l som de som \u00e4r nerv\u00f6sa eller k\u00e4nsliga.<\/p>\n<ul>\n<li>L\u00e5genergi; l\u00e5ngsam\u00a0energiavs\u00e4ttning f\u00f6r b\u00e4ttre kontroll.<\/li>\n<li>Med l\u00e4ttsm\u00e4lta fibrer och\u00a0h\u00f6ga niv\u00e5er av naturlig betakaroten.<\/li>\n<li>L\u00e5ga niv\u00e5er av socker f\u00f6r\u00a0att minska risken f\u00f6r f\u00e5ng.<\/li>\n<\/ul>\n<p>Havens Cool-Mix \u00e4r en komplett m\u00fcsli med extra lusern och unik dinkel f\u00f6r alla matglada h\u00e4star men \u00e4ven f\u00f6r de som \u00e4r nerv\u00f6sa eller k\u00e4nsliga.<br \/>\nL\u00e5genergi; l\u00e5ngsam energioms\u00e4ttning f\u00f6r b\u00e4ttre kontroll. Med l\u00e4ttsm\u00e4lta fibrer och h\u00f6ga niv\u00e5er av betakaroten.<br \/>\nL\u00e5ga niv\u00e5er av socker f\u00f6r att minska risken f\u00f6r f\u00e5ng.<br \/>\nHAVENS Cool-mix Musli \u00e4r ett \u201dnon-heating\u201d-m\u00fcslifoder inneh\u00e5llande bl a speltvete. Inneh\u00e5ller l\u00e5g energihalt och l\u00e5g sockerhalt f\u00f6r dem som s\u00e5 \u00f6nskar, passar \u00e4ven hingstar och avelsm\u00e4rrar.<br \/>\nH\u00e5ller h\u00f6ga niv\u00e5er av mineraler, vitaminer &amp; sp\u00e5r\u00e4mnen.<\/p>\n<p>\u00b7 Rekreations H\u00e4st \u00b7 Ungh\u00e4st 2 \u2013 3 \u00e5r \u00b7 Passar avelsh\u00e4star pga h\u00f6g halt av naturligt betakaroten, i egenskap fertilitetsh\u00f6jande<br \/>\n\u00b7 H\u00e4star i l\u00e4tt eller m\u00e5ttlig tr\u00e4ning<br \/>\n\u00b7 H\u00e4star i h\u00e5rd tr\u00e4ning som \u00e4r alltf\u00f6r \u201dheta\u201d, nerv\u00f6sa eller stressade av foder med havre i<br \/>\n\u00b7 L\u00e4ttf\u00f6dda raser och \u00f6verviktiga h\u00e4star. (Pga produktens modiferade energi och l\u00e5ghalt av st\u00e4rkelse och socker)<\/p>\n<\/div>\n<\/div>\n<\/div>\n","protected":false},"excerpt":{"rendered":"<p>Cool-mix, den havrefria m\u00fcslin En komplett m\u00fcsli med extra lusern och unik dinkel f\u00f6r alla matglada h\u00e4star s\u00e5 v\u00e4l som de som \u00e4r nerv\u00f6sa eller k\u00e4nsliga. L\u00e5genergi; l\u00e5ngsam\u00a0energiavs\u00e4ttning f\u00f6r b\u00e4ttre kontroll. Med l\u00e4ttsm\u00e4lta fibrer och\u00a0h\u00f6ga niv\u00e5er av naturlig betakaroten. L\u00e5ga &hellip; <a href=\"https:\/\/westcoasttrading.se\/?page_id=780\">L\u00e4s mer <span class=\"meta-nav\">&rarr;<\/span><\/a><\/p>\n","protected":false},"author":2,"featured_media":0,"parent":265,"menu_order":1,"comment_status":"open","ping_status":"closed","template":"","meta":[],"_links":{"self":[{"href":"https:\/\/westcoasttrading.se\/index.php?rest_route=\/wp\/v2\/pages\/780"}],"collection":[{"href":"https:\/\/westcoasttrading.se\/index.php?rest_route=\/wp\/v2\/pages"}],"about":[{"href":"https:\/\/westcoasttrading.se\/index.php?rest_route=\/wp\/v2\/types\/page"}],"author":[{"embeddable":true,"href":"https:\/\/westcoasttrading.se\/index.php?rest_route=\/wp\/v2\/users\/2"}],"replies":[{"embeddable":true,"href":"https:\/\/westcoasttrading.se\/index.php?rest_route=%2Fwp%2Fv2%2Fcomments&post=780"}],"version-history":[{"count":5,"href":"https:\/\/westcoasttrading.se\/index.php?rest_route=\/wp\/v2\/pages\/780\/revisions"}],"predecessor-version":[{"id":1287,"href":"https:\/\/westcoasttrading.se\/index.php?rest_route=\/wp\/v2\/pages\/780\/revisions\/1287"}],"up":[{"embeddable":true,"href":"https:\/\/westcoasttrading.se\/index.php?rest_route=\/wp\/v2\/pages\/265"}],"wp:attachment":[{"href":"https:\/\/westcoasttrading.se\/index.php?rest_route=%2Fwp%2Fv2%2Fmedia&parent=780"}],"curies":[{"name":"wp","href":"https:\/\/api.w.org\/{rel}","templated":true}]}}