{"id":783,"date":"2014-02-08T17:10:46","date_gmt":"2014-02-08T16:10:46","guid":{"rendered":"http:\/\/westcoasttrading.se\/?page_id=783"},"modified":"2014-02-09T15:02:12","modified_gmt":"2014-02-09T14:02:12","slug":"sport-musli","status":"publish","type":"page","link":"https:\/\/westcoasttrading.se\/?page_id=783","title":{"rendered":"Sport &#8211; m\u00fcsli"},"content":{"rendered":"<h1><img decoding=\"async\" loading=\"lazy\" style=\"width: 312px; height: 317px;\" title=\"Sportm\u00fcsli.\" src=\"https:\/\/az61094.vo.msecnd.net\/img\/08\/edcf2028-234d-405b-890c-5a874712e1e9\/460\" alt=\"Sportm\u00fcsli.\" width=\"460\" height=\"477\" \/><\/h1>\n<h1><strong>Sport-m\u00fcsli\u00a0 <\/strong>(allround &#8211; tr\u00e4ning\/t\u00e4vling)<\/h1>\n<div id=\"ph2\">\n<div>\n<div>\n<p>En allsidig m\u00fcsli f\u00f6r h\u00e4star i tr\u00e4ning och t\u00e4vling. Inneh\u00e5ller majs- och kornflingor, svart havre och ett speciellt vitamintillskott.<\/p>\n<ul>\n<li>L\u00e4ttsm\u00e4lt, l\u00e5gt proteininneh\u00e5ll och h\u00f6ga niv\u00e5er av energi.<\/li>\n<li>Fr\u00e4mjar en perfekt\u00a0kondition och vitalitet.<\/li>\n<li>Ger extra energi \u00e4ven\u00a0efter tr\u00e4ning.<\/li>\n<\/ul>\n<\/div>\n<\/div>\n<\/div>\n","protected":false},"excerpt":{"rendered":"<p>Sport-m\u00fcsli\u00a0 (allround &#8211; tr\u00e4ning\/t\u00e4vling) En allsidig m\u00fcsli f\u00f6r h\u00e4star i tr\u00e4ning och t\u00e4vling. Inneh\u00e5ller majs- och kornflingor, svart havre och ett speciellt vitamintillskott. L\u00e4ttsm\u00e4lt, l\u00e5gt proteininneh\u00e5ll och h\u00f6ga niv\u00e5er av energi. Fr\u00e4mjar en perfekt\u00a0kondition och vitalitet. Ger extra energi \u00e4ven\u00a0efter &hellip; <a href=\"https:\/\/westcoasttrading.se\/?page_id=783\">L\u00e4s mer <span class=\"meta-nav\">&rarr;<\/span><\/a><\/p>\n","protected":false},"author":2,"featured_media":0,"parent":265,"menu_order":2,"comment_status":"open","ping_status":"closed","template":"","meta":[],"_links":{"self":[{"href":"https:\/\/westcoasttrading.se\/index.php?rest_route=\/wp\/v2\/pages\/783"}],"collection":[{"href":"https:\/\/westcoasttrading.se\/index.php?rest_route=\/wp\/v2\/pages"}],"about":[{"href":"https:\/\/westcoasttrading.se\/index.php?rest_route=\/wp\/v2\/types\/page"}],"author":[{"embeddable":true,"href":"https:\/\/westcoasttrading.se\/index.php?rest_route=\/wp\/v2\/users\/2"}],"replies":[{"embeddable":true,"href":"https:\/\/westcoasttrading.se\/index.php?rest_route=%2Fwp%2Fv2%2Fcomments&post=783"}],"version-history":[{"count":6,"href":"https:\/\/westcoasttrading.se\/index.php?rest_route=\/wp\/v2\/pages\/783\/revisions"}],"predecessor-version":[{"id":853,"href":"https:\/\/westcoasttrading.se\/index.php?rest_route=\/wp\/v2\/pages\/783\/revisions\/853"}],"up":[{"embeddable":true,"href":"https:\/\/westcoasttrading.se\/index.php?rest_route=\/wp\/v2\/pages\/265"}],"wp:attachment":[{"href":"https:\/\/westcoasttrading.se\/index.php?rest_route=%2Fwp%2Fv2%2Fmedia&parent=783"}],"curies":[{"name":"wp","href":"https:\/\/api.w.org\/{rel}","templated":true}]}}