{"id":788,"date":"2014-02-08T17:12:14","date_gmt":"2014-02-08T16:12:14","guid":{"rendered":"http:\/\/westcoasttrading.se\/?page_id=788"},"modified":"2014-02-08T17:17:10","modified_gmt":"2014-02-08T16:17:10","slug":"power-plus-musli","status":"publish","type":"page","link":"https:\/\/westcoasttrading.se\/?page_id=788","title":{"rendered":"Power Plus &#8211; m\u00fcsli"},"content":{"rendered":"<h1><img decoding=\"async\" title=\"Power Plus Mix.\" src=\"https:\/\/az61094.vo.msecnd.net\/img\/08\/846f37db-2041-43ae-b894-84d0b1751fb7\/460\" alt=\"Power Plus Mix.\" \/><\/h1>\n<div id=\"ph2\">\n<div>\n<div>\n<p><strong>Power-plus mix\u00a0 <\/strong>(Sport &amp; Tr\u00e4ning)<\/p>\n<p>Koncentrerad blandning av flingor med svarthavre och krossad majs och korn f\u00f6r h\u00e4star i tr\u00e4ning och t\u00e4vling.<\/p>\n<ul>\n<li>L\u00e5ga proteinniv\u00e5er, f\u00f6r att undvika att njurarna \u00f6verbelastas.<\/li>\n<li>H\u00f6g vitamin-niv\u00e5er t ex\u00a0\u00a0Vitamin A, B, E, Biotin.<\/li>\n<li>Inneh\u00e5ller extra\u00a0elektrolyter (speciellt bra f\u00f6r intensiv tr\u00e4ning eller i varma klimat).<\/li>\n<\/ul>\n<\/div>\n<\/div>\n<\/div>\n","protected":false},"excerpt":{"rendered":"<p>Power-plus mix\u00a0 (Sport &amp; Tr\u00e4ning) Koncentrerad blandning av flingor med svarthavre och krossad majs och korn f\u00f6r h\u00e4star i tr\u00e4ning och t\u00e4vling. L\u00e5ga proteinniv\u00e5er, f\u00f6r att undvika att njurarna \u00f6verbelastas. H\u00f6g vitamin-niv\u00e5er t ex\u00a0\u00a0Vitamin A, B, E, Biotin. Inneh\u00e5ller extra\u00a0elektrolyter &hellip; <a href=\"https:\/\/westcoasttrading.se\/?page_id=788\">L\u00e4s mer <span class=\"meta-nav\">&rarr;<\/span><\/a><\/p>\n","protected":false},"author":2,"featured_media":0,"parent":265,"menu_order":3,"comment_status":"open","ping_status":"closed","template":"","meta":[],"_links":{"self":[{"href":"https:\/\/westcoasttrading.se\/index.php?rest_route=\/wp\/v2\/pages\/788"}],"collection":[{"href":"https:\/\/westcoasttrading.se\/index.php?rest_route=\/wp\/v2\/pages"}],"about":[{"href":"https:\/\/westcoasttrading.se\/index.php?rest_route=\/wp\/v2\/types\/page"}],"author":[{"embeddable":true,"href":"https:\/\/westcoasttrading.se\/index.php?rest_route=\/wp\/v2\/users\/2"}],"replies":[{"embeddable":true,"href":"https:\/\/westcoasttrading.se\/index.php?rest_route=%2Fwp%2Fv2%2Fcomments&post=788"}],"version-history":[{"count":2,"href":"https:\/\/westcoasttrading.se\/index.php?rest_route=\/wp\/v2\/pages\/788\/revisions"}],"predecessor-version":[{"id":797,"href":"https:\/\/westcoasttrading.se\/index.php?rest_route=\/wp\/v2\/pages\/788\/revisions\/797"}],"up":[{"embeddable":true,"href":"https:\/\/westcoasttrading.se\/index.php?rest_route=\/wp\/v2\/pages\/265"}],"wp:attachment":[{"href":"https:\/\/westcoasttrading.se\/index.php?rest_route=%2Fwp%2Fv2%2Fmedia&parent=788"}],"curies":[{"name":"wp","href":"https:\/\/api.w.org\/{rel}","templated":true}]}}