{"id":790,"date":"2014-02-08T17:13:42","date_gmt":"2014-02-08T16:13:42","guid":{"rendered":"http:\/\/westcoasttrading.se\/?page_id=790"},"modified":"2014-02-09T15:03:15","modified_gmt":"2014-02-09T14:03:15","slug":"herbal-reform-the-green-vet-musli","status":"publish","type":"page","link":"https:\/\/westcoasttrading.se\/?page_id=790","title":{"rendered":"Reform \u00f6rtm\u00fcsli &#8211; &#8221;The green vet&#8221;"},"content":{"rendered":"<h1><img decoding=\"async\" title=\"Reform Herbal M\u00fcsli\" src=\"https:\/\/az61094.vo.msecnd.net\/img\/08\/07749ab1-036a-4944-9aea-af34cc6e82de\/460\" alt=\"Reform Herbal M\u00fcsli\" \/><\/h1>\n<div id=\"ph2\">\n<div>\n<div>\n<p><strong>Reform \u00d6rtm\u00fcsli<\/strong><\/p>\n<p>\u201cEtt kilo m\u00fcsli om dagen h\u00e5ller veterin\u00e4ren borta\u201d.<\/p>\n<p>Ett komplett och exklusivt m\u00fcsli av krossad spannm\u00e5l: korn, vete och majs valsat svarthavre, lusern, morotsflingor samt en m\u00e4ngd andra olika naturliga \u00f6rter och livsviktiga oljor.<\/p>\n<p>&nbsp;<\/p>\n<p>Det inneh\u00e5ller speciella \u00f6rter som ex eucalyptus, timja, papparmint, mynta, mejram och basilika.<\/p>\n<ul>\n<li>Extremt l\u00e5ga proteinniv\u00e5er.<\/li>\n<li>Fodret \u00e4r l\u00e4ttsm\u00e4lt och mycket smakrikt.<\/li>\n<li>H\u00f6ga niv\u00e5er av vitaminer (speciellt Vitamin B, E och\u00a0biotin).<\/li>\n<li>Stimulerar matsm\u00e4ltningen, muskler samt h\u00e4stens v\u00e4lbefinnande.<\/li>\n<\/ul>\n<p>Reform-herbal-m\u00fcsli rekomenderas f\u00f6r;<\/p>\n<ul>\n<li>H\u00e4star med matsm\u00e4ltningsproblem<\/li>\n<li>H\u00e4star med allergi eller\u00a0proteink\u00e4nsli.ghet.<\/li>\n<li>Astmatiska problem.<\/li>\n<\/ul>\n<\/div>\n<\/div>\n<\/div>\n","protected":false},"excerpt":{"rendered":"<p>Reform \u00d6rtm\u00fcsli \u201cEtt kilo m\u00fcsli om dagen h\u00e5ller veterin\u00e4ren borta\u201d. Ett komplett och exklusivt m\u00fcsli av krossad spannm\u00e5l: korn, vete och majs valsat svarthavre, lusern, morotsflingor samt en m\u00e4ngd andra olika naturliga \u00f6rter och livsviktiga oljor. &nbsp; Det inneh\u00e5ller speciella &hellip; <a href=\"https:\/\/westcoasttrading.se\/?page_id=790\">L\u00e4s mer <span class=\"meta-nav\">&rarr;<\/span><\/a><\/p>\n","protected":false},"author":2,"featured_media":0,"parent":265,"menu_order":4,"comment_status":"open","ping_status":"closed","template":"","meta":[],"_links":{"self":[{"href":"https:\/\/westcoasttrading.se\/index.php?rest_route=\/wp\/v2\/pages\/790"}],"collection":[{"href":"https:\/\/westcoasttrading.se\/index.php?rest_route=\/wp\/v2\/pages"}],"about":[{"href":"https:\/\/westcoasttrading.se\/index.php?rest_route=\/wp\/v2\/types\/page"}],"author":[{"embeddable":true,"href":"https:\/\/westcoasttrading.se\/index.php?rest_route=\/wp\/v2\/users\/2"}],"replies":[{"embeddable":true,"href":"https:\/\/westcoasttrading.se\/index.php?rest_route=%2Fwp%2Fv2%2Fcomments&post=790"}],"version-history":[{"count":3,"href":"https:\/\/westcoasttrading.se\/index.php?rest_route=\/wp\/v2\/pages\/790\/revisions"}],"predecessor-version":[{"id":854,"href":"https:\/\/westcoasttrading.se\/index.php?rest_route=\/wp\/v2\/pages\/790\/revisions\/854"}],"up":[{"embeddable":true,"href":"https:\/\/westcoasttrading.se\/index.php?rest_route=\/wp\/v2\/pages\/265"}],"wp:attachment":[{"href":"https:\/\/westcoasttrading.se\/index.php?rest_route=%2Fwp%2Fv2%2Fmedia&parent=790"}],"curies":[{"name":"wp","href":"https:\/\/api.w.org\/{rel}","templated":true}]}}