{"id":792,"date":"2014-02-08T17:14:59","date_gmt":"2014-02-08T16:14:59","guid":{"rendered":"http:\/\/westcoasttrading.se\/?page_id=792"},"modified":"2014-02-08T17:19:03","modified_gmt":"2014-02-08T16:19:03","slug":"792-2","status":"publish","type":"page","link":"https:\/\/westcoasttrading.se\/?page_id=792","title":{"rendered":"Basis &#8211; Havrefri pellets"},"content":{"rendered":"<h1><img decoding=\"async\" title=\"Basis Sport.\" src=\"https:\/\/az61094.vo.msecnd.net\/img\/08\/21521842-6f9b-4d2f-846a-dd5fb5ef1825\/460\" alt=\"Basis Sport.\" \/><\/h1>\n<div>\n<h2><strong>Basis-Sport\u00a0 <\/strong>(Allround)<\/h2>\n<\/div>\n<div id=\"ph2\">\n<div>\n<div>\n<p>Ett baspellets f\u00f6r h\u00e4star och ponnyer, fr\u00e5n l\u00e4tt till medelh\u00e5rt arbete.<\/p>\n<ul>\n<li>Komplett foder med\u00a0lusern som viktig r\u00e5vara.<\/li>\n<li>Inneh\u00e5ller alla viktiga\u00a0vitaminer och mineraler.<\/li>\n<li>Basis Sport \u00e4r havrefritt.<\/li>\n<\/ul>\n<\/div>\n<\/div>\n<\/div>\n","protected":false},"excerpt":{"rendered":"<p>Basis-Sport\u00a0 (Allround) Ett baspellets f\u00f6r h\u00e4star och ponnyer, fr\u00e5n l\u00e4tt till medelh\u00e5rt arbete. Komplett foder med\u00a0lusern som viktig r\u00e5vara. Inneh\u00e5ller alla viktiga\u00a0vitaminer och mineraler. Basis Sport \u00e4r havrefritt.<\/p>\n","protected":false},"author":2,"featured_media":0,"parent":265,"menu_order":5,"comment_status":"open","ping_status":"closed","template":"","meta":[],"_links":{"self":[{"href":"https:\/\/westcoasttrading.se\/index.php?rest_route=\/wp\/v2\/pages\/792"}],"collection":[{"href":"https:\/\/westcoasttrading.se\/index.php?rest_route=\/wp\/v2\/pages"}],"about":[{"href":"https:\/\/westcoasttrading.se\/index.php?rest_route=\/wp\/v2\/types\/page"}],"author":[{"embeddable":true,"href":"https:\/\/westcoasttrading.se\/index.php?rest_route=\/wp\/v2\/users\/2"}],"replies":[{"embeddable":true,"href":"https:\/\/westcoasttrading.se\/index.php?rest_route=%2Fwp%2Fv2%2Fcomments&post=792"}],"version-history":[{"count":6,"href":"https:\/\/westcoasttrading.se\/index.php?rest_route=\/wp\/v2\/pages\/792\/revisions"}],"predecessor-version":[{"id":801,"href":"https:\/\/westcoasttrading.se\/index.php?rest_route=\/wp\/v2\/pages\/792\/revisions\/801"}],"up":[{"embeddable":true,"href":"https:\/\/westcoasttrading.se\/index.php?rest_route=\/wp\/v2\/pages\/265"}],"wp:attachment":[{"href":"https:\/\/westcoasttrading.se\/index.php?rest_route=%2Fwp%2Fv2%2Fmedia&parent=792"}],"curies":[{"name":"wp","href":"https:\/\/api.w.org\/{rel}","templated":true}]}}