{"id":804,"date":"2014-02-08T17:26:40","date_gmt":"2014-02-08T16:26:40","guid":{"rendered":"http:\/\/westcoasttrading.se\/?page_id=804"},"modified":"2014-02-09T15:00:58","modified_gmt":"2014-02-09T14:00:58","slug":"slobber-mash-magens-baste-van","status":"publish","type":"page","link":"https:\/\/westcoasttrading.se\/?page_id=804","title":{"rendered":"Slobber mash &#8211; &#8221;Magens b\u00e4ste v\u00e4n&#8221;"},"content":{"rendered":"<div id=\"attachment_848\" style=\"width: 172px\" class=\"wp-caption aligncenter\"><a href=\"https:\/\/media.westcoasttrading.se\/2014\/02\/slobber-mash.jpg\"><img aria-describedby=\"caption-attachment-848\" decoding=\"async\" loading=\"lazy\" class=\"size-full wp-image-848\" title=\"slobber-mash\" src=\"https:\/\/media.westcoasttrading.se\/2014\/02\/slobber-mash.jpg\" alt=\"\" width=\"162\" height=\"214\" \/><\/a><p id=\"caption-attachment-848\" class=\"wp-caption-text\">Slobber mash<\/p><\/div>\n<h2><strong>Slobber-mash\u00a0 &#8211; <\/strong>Probleml\u00f6saren eller Magens b\u00e4ste v\u00e4n<\/h2>\n<p>Serveras uppbl\u00f6tt, g\u00e4rna svagt ljummet vatten f\u00f6r att frig\u00f6ra n\u00e4ringsv\u00e4rderna b\u00e4ttre.<\/p>\n<div id=\"ph2\">\n<div>\n<div>\n<p>Havrefri mix med rostat linfr\u00f6mj\u00f6l f\u00f6r en renande verkan.<\/p>\n<ul>\n<li>Rik p\u00e5 vitaminer<\/li>\n<li>Med extra linolsyra och\u00a0solrosolja<\/li>\n<li>Idealisk f\u00f6r h\u00e4star med\u00a0matsm\u00e4ltningsproblem, kolik eller h\u00e4star med tuggproblem<\/li>\n<li>F\u00f6rb\u00e4ttrar kvalitet p\u00e5\u00a0h\u00e5rrem och hovar.<\/li>\n<\/ul>\n<\/div>\n<\/div>\n<\/div>\n","protected":false},"excerpt":{"rendered":"<p>Slobber-mash\u00a0 &#8211; Probleml\u00f6saren eller Magens b\u00e4ste v\u00e4n Serveras uppbl\u00f6tt, g\u00e4rna svagt ljummet vatten f\u00f6r att frig\u00f6ra n\u00e4ringsv\u00e4rderna b\u00e4ttre. Havrefri mix med rostat linfr\u00f6mj\u00f6l f\u00f6r en renande verkan. Rik p\u00e5 vitaminer Med extra linolsyra och\u00a0solrosolja Idealisk f\u00f6r h\u00e4star med\u00a0matsm\u00e4ltningsproblem, kolik eller &hellip; <a href=\"https:\/\/westcoasttrading.se\/?page_id=804\">L\u00e4s mer <span class=\"meta-nav\">&rarr;<\/span><\/a><\/p>\n","protected":false},"author":2,"featured_media":0,"parent":265,"menu_order":0,"comment_status":"open","ping_status":"closed","template":"","meta":[],"_links":{"self":[{"href":"https:\/\/westcoasttrading.se\/index.php?rest_route=\/wp\/v2\/pages\/804"}],"collection":[{"href":"https:\/\/westcoasttrading.se\/index.php?rest_route=\/wp\/v2\/pages"}],"about":[{"href":"https:\/\/westcoasttrading.se\/index.php?rest_route=\/wp\/v2\/types\/page"}],"author":[{"embeddable":true,"href":"https:\/\/westcoasttrading.se\/index.php?rest_route=\/wp\/v2\/users\/2"}],"replies":[{"embeddable":true,"href":"https:\/\/westcoasttrading.se\/index.php?rest_route=%2Fwp%2Fv2%2Fcomments&post=804"}],"version-history":[{"count":5,"href":"https:\/\/westcoasttrading.se\/index.php?rest_route=\/wp\/v2\/pages\/804\/revisions"}],"predecessor-version":[{"id":852,"href":"https:\/\/westcoasttrading.se\/index.php?rest_route=\/wp\/v2\/pages\/804\/revisions\/852"}],"up":[{"embeddable":true,"href":"https:\/\/westcoasttrading.se\/index.php?rest_route=\/wp\/v2\/pages\/265"}],"wp:attachment":[{"href":"https:\/\/westcoasttrading.se\/index.php?rest_route=%2Fwp%2Fv2%2Fmedia&parent=804"}],"curies":[{"name":"wp","href":"https:\/\/api.w.org\/{rel}","templated":true}]}}