{"id":806,"date":"2014-02-08T17:27:59","date_gmt":"2014-02-08T16:27:59","guid":{"rendered":"http:\/\/westcoasttrading.se\/?page_id=806"},"modified":"2014-02-08T17:27:59","modified_gmt":"2014-02-08T16:27:59","slug":"draver-brok-pellets","status":"publish","type":"page","link":"https:\/\/westcoasttrading.se\/?page_id=806","title":{"rendered":"Draver Brok &#8211; pellets"},"content":{"rendered":"<h2><img decoding=\"async\" title=\"Dravers Brok.\" src=\"https:\/\/az61094.vo.msecnd.net\/img\/08\/09287af7-69ef-42e3-8cf4-c56fd6c73002\/460\" alt=\"Dravers Brok.\" \/><\/h2>\n<div id=\"ph2\">\n<div>\n<div>\n<p><strong>Draversbrok\u00ae<\/strong><\/p>\n<p>Nr.1 B\u00e4sts\u00e4ljaren inom sport och prestation.<\/p>\n<p>Ett pellets f\u00f6r alla h\u00e4star i medel eller h\u00e5rdtr\u00e4ning och t\u00e4vling.<\/p>\n<ul>\n<li>100% naturlig energi fr\u00e5n\u00a0spannm\u00e5l, lusern, linfr\u00f6n, etc.<\/li>\n<li>F\u00f6r en perfekt och optimal\u00a0hov- och p\u00e4lskvalitet.<\/li>\n<li>H\u00f6ga niv\u00e5er av B- vitamin,\u00a0biotin och betakaroten.<\/li>\n<\/ul>\n<\/div>\n<\/div>\n<\/div>\n","protected":false},"excerpt":{"rendered":"<p>Draversbrok\u00ae Nr.1 B\u00e4sts\u00e4ljaren inom sport och prestation. Ett pellets f\u00f6r alla h\u00e4star i medel eller h\u00e5rdtr\u00e4ning och t\u00e4vling. 100% naturlig energi fr\u00e5n\u00a0spannm\u00e5l, lusern, linfr\u00f6n, etc. F\u00f6r en perfekt och optimal\u00a0hov- och p\u00e4lskvalitet. H\u00f6ga niv\u00e5er av B- vitamin,\u00a0biotin och betakaroten.<\/p>\n","protected":false},"author":2,"featured_media":0,"parent":265,"menu_order":6,"comment_status":"open","ping_status":"closed","template":"","meta":[],"_links":{"self":[{"href":"https:\/\/westcoasttrading.se\/index.php?rest_route=\/wp\/v2\/pages\/806"}],"collection":[{"href":"https:\/\/westcoasttrading.se\/index.php?rest_route=\/wp\/v2\/pages"}],"about":[{"href":"https:\/\/westcoasttrading.se\/index.php?rest_route=\/wp\/v2\/types\/page"}],"author":[{"embeddable":true,"href":"https:\/\/westcoasttrading.se\/index.php?rest_route=\/wp\/v2\/users\/2"}],"replies":[{"embeddable":true,"href":"https:\/\/westcoasttrading.se\/index.php?rest_route=%2Fwp%2Fv2%2Fcomments&post=806"}],"version-history":[{"count":1,"href":"https:\/\/westcoasttrading.se\/index.php?rest_route=\/wp\/v2\/pages\/806\/revisions"}],"predecessor-version":[{"id":807,"href":"https:\/\/westcoasttrading.se\/index.php?rest_route=\/wp\/v2\/pages\/806\/revisions\/807"}],"up":[{"embeddable":true,"href":"https:\/\/westcoasttrading.se\/index.php?rest_route=\/wp\/v2\/pages\/265"}],"wp:attachment":[{"href":"https:\/\/westcoasttrading.se\/index.php?rest_route=%2Fwp%2Fv2%2Fmedia&parent=806"}],"curies":[{"name":"wp","href":"https:\/\/api.w.org\/{rel}","templated":true}]}}