{"id":808,"date":"2014-02-08T17:29:40","date_gmt":"2014-02-08T16:29:40","guid":{"rendered":"http:\/\/westcoasttrading.se\/?page_id=808"},"modified":"2014-02-08T17:29:40","modified_gmt":"2014-02-08T16:29:40","slug":"derby-compact-pellets","status":"publish","type":"page","link":"https:\/\/westcoasttrading.se\/?page_id=808","title":{"rendered":"Derby Compact &#8211; pellets"},"content":{"rendered":"<h1><img decoding=\"async\" title=\"Derby Compact.\" src=\"https:\/\/az61094.vo.msecnd.net\/img\/08\/6537c12e-48e5-4a0e-8b8c-4750097acef9\/460\" alt=\"Derby Compact.\" \/><\/h1>\n<div id=\"ph2\">\n<div>\n<div>\n<p><strong>Derby-compactbrok <\/strong>(Prestation)<\/p>\n<p>Exklusivt pellets med h\u00f6g energihalt f\u00f6r h\u00e4star i h\u00e5rd\/ intensiv tr\u00e4ning. L\u00e4ttsm\u00e4lt p\u00e5 grund av dess exklusiva och spannm\u00e5lsbaserade mix.<\/p>\n<ul>\n<li>L\u00e5g halt av protein<\/li>\n<li>H\u00f6g halt av vitaminer (t.ex. Vitamin B-komplex och Vitamin E.)<\/li>\n<li>Inneh\u00e5ller naturlig j\u00e4st f\u00f6r\u00a0f\u00f6rb\u00e4ttrad matsm\u00e4ltning.<\/li>\n<\/ul>\n<\/div>\n<\/div>\n<\/div>\n","protected":false},"excerpt":{"rendered":"<p>Derby-compactbrok (Prestation) Exklusivt pellets med h\u00f6g energihalt f\u00f6r h\u00e4star i h\u00e5rd\/ intensiv tr\u00e4ning. L\u00e4ttsm\u00e4lt p\u00e5 grund av dess exklusiva och spannm\u00e5lsbaserade mix. L\u00e5g halt av protein H\u00f6g halt av vitaminer (t.ex. Vitamin B-komplex och Vitamin E.) Inneh\u00e5ller naturlig j\u00e4st f\u00f6r\u00a0f\u00f6rb\u00e4ttrad &hellip; <a href=\"https:\/\/westcoasttrading.se\/?page_id=808\">L\u00e4s mer <span class=\"meta-nav\">&rarr;<\/span><\/a><\/p>\n","protected":false},"author":2,"featured_media":0,"parent":265,"menu_order":7,"comment_status":"open","ping_status":"closed","template":"","meta":[],"_links":{"self":[{"href":"https:\/\/westcoasttrading.se\/index.php?rest_route=\/wp\/v2\/pages\/808"}],"collection":[{"href":"https:\/\/westcoasttrading.se\/index.php?rest_route=\/wp\/v2\/pages"}],"about":[{"href":"https:\/\/westcoasttrading.se\/index.php?rest_route=\/wp\/v2\/types\/page"}],"author":[{"embeddable":true,"href":"https:\/\/westcoasttrading.se\/index.php?rest_route=\/wp\/v2\/users\/2"}],"replies":[{"embeddable":true,"href":"https:\/\/westcoasttrading.se\/index.php?rest_route=%2Fwp%2Fv2%2Fcomments&post=808"}],"version-history":[{"count":1,"href":"https:\/\/westcoasttrading.se\/index.php?rest_route=\/wp\/v2\/pages\/808\/revisions"}],"predecessor-version":[{"id":809,"href":"https:\/\/westcoasttrading.se\/index.php?rest_route=\/wp\/v2\/pages\/808\/revisions\/809"}],"up":[{"embeddable":true,"href":"https:\/\/westcoasttrading.se\/index.php?rest_route=\/wp\/v2\/pages\/265"}],"wp:attachment":[{"href":"https:\/\/westcoasttrading.se\/index.php?rest_route=%2Fwp%2Fv2%2Fmedia&parent=808"}],"curies":[{"name":"wp","href":"https:\/\/api.w.org\/{rel}","templated":true}]}}