{"id":810,"date":"2014-02-08T17:30:41","date_gmt":"2014-02-08T16:30:41","guid":{"rendered":"http:\/\/westcoasttrading.se\/?page_id=810"},"modified":"2014-02-08T17:33:15","modified_gmt":"2014-02-08T16:33:15","slug":"810-2","status":"publish","type":"page","link":"https:\/\/westcoasttrading.se\/?page_id=810","title":{"rendered":"Kentucky Lite E"},"content":{"rendered":"<h1><img decoding=\"async\" title=\"Kentucky Lite E\" src=\"https:\/\/az61094.vo.msecnd.net\/img\/08\/69115d5e-53be-4718-ad50-09af9f9ff5a2\/460\" alt=\"Kentucky Lite E\" \/><\/h1>\n<div id=\"ph2\">\n<div>\n<div>\n<p><strong>Kentucky Lite E<\/strong><\/p>\n<p>Naturlig energi!<\/p>\n<p>Kentucky Lite E \u00e4r en energimix, med b\u00e5de vit och svarthavre och \u00e4ven sojaolja. F\u00f6r h\u00e4star i h\u00e5rt arbete eller i full t\u00e4vlingskondition.<\/p>\n<ul>\n<li>F\u00f6r en \u00f6kad\u00a0upptagningsf\u00f6rm\u00e5ga och lagring av glykogenreserver<\/li>\n<li>H\u00f6g energiniv\u00e5 fr\u00e5n\u00a0kolhydrater och st\u00e4rkelse<\/li>\n<\/ul>\n<p>Rik p\u00e5 Vitamin E vilket f\u00f6rb\u00e4ttrar muskelbildning.<\/p>\n<\/div>\n<\/div>\n<\/div>\n","protected":false},"excerpt":{"rendered":"<p>Kentucky Lite E Naturlig energi! Kentucky Lite E \u00e4r en energimix, med b\u00e5de vit och svarthavre och \u00e4ven sojaolja. F\u00f6r h\u00e4star i h\u00e5rt arbete eller i full t\u00e4vlingskondition. F\u00f6r en \u00f6kad\u00a0upptagningsf\u00f6rm\u00e5ga och lagring av glykogenreserver H\u00f6g energiniv\u00e5 fr\u00e5n\u00a0kolhydrater och st\u00e4rkelse &hellip; <a href=\"https:\/\/westcoasttrading.se\/?page_id=810\">L\u00e4s mer <span class=\"meta-nav\">&rarr;<\/span><\/a><\/p>\n","protected":false},"author":2,"featured_media":0,"parent":265,"menu_order":8,"comment_status":"open","ping_status":"closed","template":"","meta":[],"_links":{"self":[{"href":"https:\/\/westcoasttrading.se\/index.php?rest_route=\/wp\/v2\/pages\/810"}],"collection":[{"href":"https:\/\/westcoasttrading.se\/index.php?rest_route=\/wp\/v2\/pages"}],"about":[{"href":"https:\/\/westcoasttrading.se\/index.php?rest_route=\/wp\/v2\/types\/page"}],"author":[{"embeddable":true,"href":"https:\/\/westcoasttrading.se\/index.php?rest_route=\/wp\/v2\/users\/2"}],"replies":[{"embeddable":true,"href":"https:\/\/westcoasttrading.se\/index.php?rest_route=%2Fwp%2Fv2%2Fcomments&post=810"}],"version-history":[{"count":2,"href":"https:\/\/westcoasttrading.se\/index.php?rest_route=\/wp\/v2\/pages\/810\/revisions"}],"predecessor-version":[{"id":815,"href":"https:\/\/westcoasttrading.se\/index.php?rest_route=\/wp\/v2\/pages\/810\/revisions\/815"}],"up":[{"embeddable":true,"href":"https:\/\/westcoasttrading.se\/index.php?rest_route=\/wp\/v2\/pages\/265"}],"wp:attachment":[{"href":"https:\/\/westcoasttrading.se\/index.php?rest_route=%2Fwp%2Fv2%2Fmedia&parent=810"}],"curies":[{"name":"wp","href":"https:\/\/api.w.org\/{rel}","templated":true}]}}