{"id":812,"date":"2014-02-08T17:32:47","date_gmt":"2014-02-08T16:32:47","guid":{"rendered":"http:\/\/westcoasttrading.se\/?page_id=812"},"modified":"2017-04-11T09:33:44","modified_gmt":"2017-04-11T08:33:44","slug":"812-2","status":"publish","type":"page","link":"https:\/\/westcoasttrading.se\/?page_id=812","title":{"rendered":"Natural Balans &#8211; allergifoderi f\u00f6r insulink\u00e4nsliga &#8211; m\u00fcsli"},"content":{"rendered":"<h2><img decoding=\"async\" title=\"Natural Balance.\" src=\"https:\/\/az61094.vo.msecnd.net\/img\/08\/2651013d-0118-4a7b-aa83-9c383402b68b\/460\" alt=\"Natural Balance.\" \/><\/h2>\n<div id=\"ph2\">\n<div>\n<div>\n<p><strong>Natural balance <\/strong><\/p>\n<p>En \u00f6rtm\u00fcsli med unika egenskaper:<\/p>\n<ul>\n<li>Fri fr\u00e5n melass och tillsatt\u00a0socker. Mycket l\u00e4mplig f\u00f6r h\u00e4star ben\u00e4gna att f\u00e5 f\u00e5ng, sommarexem och\u00a0insulinresistens.<\/li>\n<li>Optimal omega 3 &amp; 6 kvot\u00a0f\u00f6r en f\u00f6rb\u00e4ttrad fertilitet, uth\u00e5llighet, hovkvalitet, h\u00e5rrem, fokus och prestanda.<\/li>\n<li>H\u00f6g fiberniv\u00e5 f\u00f6r h\u00f6g\u00a0saliv produktion. D\u00e4rf\u00f6r l\u00e4mplig f\u00f6r h\u00e4star k\u00e4nsliga f\u00f6r mags\u00e5rsutveckling\u00a0och\/ eller stress.<\/li>\n<li>Dinkel med naturligt\u00a0glukosamin f\u00f6r flexibla och vitala leder. L\u00e4mplig f\u00f6r h\u00e4star med artros.<\/li>\n<li>Inneh\u00e5ller vitl\u00f6k, mycket\u00a0l\u00e4mplig f\u00f6r h\u00e4star som besv\u00e4ras av insekter och flugor.<\/li>\n<li>Havrefri. L\u00e4mplig f\u00f6r h\u00e4star som \u00e4r allergiska mot havre eller f\u00f6r \u00a0h\u00e4star och ponnyer med ett\u00a0l\u00e4gre energibehov.<\/li>\n<\/ul>\n<\/div>\n<\/div>\n<\/div>\n","protected":false},"excerpt":{"rendered":"<p>Natural balance En \u00f6rtm\u00fcsli med unika egenskaper: Fri fr\u00e5n melass och tillsatt\u00a0socker. Mycket l\u00e4mplig f\u00f6r h\u00e4star ben\u00e4gna att f\u00e5 f\u00e5ng, sommarexem och\u00a0insulinresistens. Optimal omega 3 &amp; 6 kvot\u00a0f\u00f6r en f\u00f6rb\u00e4ttrad fertilitet, uth\u00e5llighet, hovkvalitet, h\u00e5rrem, fokus och prestanda. H\u00f6g fiberniv\u00e5 f\u00f6r &hellip; <a href=\"https:\/\/westcoasttrading.se\/?page_id=812\">L\u00e4s mer <span class=\"meta-nav\">&rarr;<\/span><\/a><\/p>\n","protected":false},"author":2,"featured_media":0,"parent":265,"menu_order":9,"comment_status":"open","ping_status":"closed","template":"","meta":[],"_links":{"self":[{"href":"https:\/\/westcoasttrading.se\/index.php?rest_route=\/wp\/v2\/pages\/812"}],"collection":[{"href":"https:\/\/westcoasttrading.se\/index.php?rest_route=\/wp\/v2\/pages"}],"about":[{"href":"https:\/\/westcoasttrading.se\/index.php?rest_route=\/wp\/v2\/types\/page"}],"author":[{"embeddable":true,"href":"https:\/\/westcoasttrading.se\/index.php?rest_route=\/wp\/v2\/users\/2"}],"replies":[{"embeddable":true,"href":"https:\/\/westcoasttrading.se\/index.php?rest_route=%2Fwp%2Fv2%2Fcomments&post=812"}],"version-history":[{"count":5,"href":"https:\/\/westcoasttrading.se\/index.php?rest_route=\/wp\/v2\/pages\/812\/revisions"}],"predecessor-version":[{"id":1237,"href":"https:\/\/westcoasttrading.se\/index.php?rest_route=\/wp\/v2\/pages\/812\/revisions\/1237"}],"up":[{"embeddable":true,"href":"https:\/\/westcoasttrading.se\/index.php?rest_route=\/wp\/v2\/pages\/265"}],"wp:attachment":[{"href":"https:\/\/westcoasttrading.se\/index.php?rest_route=%2Fwp%2Fv2%2Fmedia&parent=812"}],"curies":[{"name":"wp","href":"https:\/\/api.w.org\/{rel}","templated":true}]}}