{"id":817,"date":"2014-02-08T17:34:34","date_gmt":"2014-02-08T16:34:34","guid":{"rendered":"http:\/\/westcoasttrading.se\/?page_id=817"},"modified":"2014-02-08T17:37:38","modified_gmt":"2014-02-08T16:37:38","slug":"817-2","status":"publish","type":"page","link":"https:\/\/westcoasttrading.se\/?page_id=817","title":{"rendered":"Ferto Lac &#8211; Avelssto &#8211; pellets"},"content":{"rendered":"<h1><img decoding=\"async\" title=\"Ferto Lac 3\" src=\"https:\/\/az61094.vo.msecnd.net\/img\/08\/0a8a63b7-d0e4-4413-b20a-845357395137\/460\" alt=\"Ferto Lac 3\" \/><\/h1>\n<div id=\"ph2\">\n<div>\n<div>\n<p><strong>Ferto-Lac 3 <\/strong>(Foder f\u00f6r avelsto)<\/p>\n<p>HAVENS Ferto-LAC 3 ger f\u00f6ljande f\u00f6rdelar:<\/p>\n<ul>\n<li>Ger en optimal och n\u00e4ringsrik mj\u00f6lkproduktion.<\/li>\n<li>Inneh\u00e5ller h\u00f6ga niv\u00e5er av de tre viktigaste aminosyrorna Lysin, Metionin, Cystin.<\/li>\n<li>Anpassad niv\u00e5 av de tre\u00a0mineralerna Kalcium, Fosfor, Magnesium<\/li>\n<li>Multi Kalcium Komplex: ett\u00a0trefaldigt kalcium f\u00f6r perfekt upptagningsf\u00f6rm\u00e5ga f\u00f6r att undvika ortopediska\u00a0sjukdomar som ex OCD (osteochondros).<\/li>\n<li>H\u00f6ga niv\u00e5er av vitaminer f\u00f6r att st\u00e4rka stoets fertilitet och f\u00f6lets immunsystem.<\/li>\n<li>B\u00f6r ges fr\u00e5n den 6:e dr\u00e4ktighetsm\u00e5naden fram till att diandet upph\u00f6r.<\/li>\n<\/ul>\n<\/div>\n<\/div>\n<\/div>\n","protected":false},"excerpt":{"rendered":"<p>Ferto-Lac 3 (Foder f\u00f6r avelsto) HAVENS Ferto-LAC 3 ger f\u00f6ljande f\u00f6rdelar: Ger en optimal och n\u00e4ringsrik mj\u00f6lkproduktion. Inneh\u00e5ller h\u00f6ga niv\u00e5er av de tre viktigaste aminosyrorna Lysin, Metionin, Cystin. Anpassad niv\u00e5 av de tre\u00a0mineralerna Kalcium, Fosfor, Magnesium Multi Kalcium Komplex: ett\u00a0trefaldigt &hellip; <a href=\"https:\/\/westcoasttrading.se\/?page_id=817\">L\u00e4s mer <span class=\"meta-nav\">&rarr;<\/span><\/a><\/p>\n","protected":false},"author":2,"featured_media":0,"parent":265,"menu_order":10,"comment_status":"open","ping_status":"closed","template":"","meta":[],"_links":{"self":[{"href":"https:\/\/westcoasttrading.se\/index.php?rest_route=\/wp\/v2\/pages\/817"}],"collection":[{"href":"https:\/\/westcoasttrading.se\/index.php?rest_route=\/wp\/v2\/pages"}],"about":[{"href":"https:\/\/westcoasttrading.se\/index.php?rest_route=\/wp\/v2\/types\/page"}],"author":[{"embeddable":true,"href":"https:\/\/westcoasttrading.se\/index.php?rest_route=\/wp\/v2\/users\/2"}],"replies":[{"embeddable":true,"href":"https:\/\/westcoasttrading.se\/index.php?rest_route=%2Fwp%2Fv2%2Fcomments&post=817"}],"version-history":[{"count":2,"href":"https:\/\/westcoasttrading.se\/index.php?rest_route=\/wp\/v2\/pages\/817\/revisions"}],"predecessor-version":[{"id":822,"href":"https:\/\/westcoasttrading.se\/index.php?rest_route=\/wp\/v2\/pages\/817\/revisions\/822"}],"up":[{"embeddable":true,"href":"https:\/\/westcoasttrading.se\/index.php?rest_route=\/wp\/v2\/pages\/265"}],"wp:attachment":[{"href":"https:\/\/westcoasttrading.se\/index.php?rest_route=%2Fwp%2Fv2%2Fmedia&parent=817"}],"curies":[{"name":"wp","href":"https:\/\/api.w.org\/{rel}","templated":true}]}}