{"id":823,"date":"2014-02-08T17:39:09","date_gmt":"2014-02-08T16:39:09","guid":{"rendered":"http:\/\/westcoasttrading.se\/?page_id=823"},"modified":"2016-12-15T20:00:17","modified_gmt":"2016-12-15T19:00:17","slug":"opti-grow-folpellets","status":"publish","type":"page","link":"https:\/\/westcoasttrading.se\/?page_id=823","title":{"rendered":"Opti Grow &#8211; f\u00f6lpellets"},"content":{"rendered":"<h1><strong>Opti-GROW <\/strong>(F\u00f6lfoder f\u00f6r blivande prestationer)<\/h1>\n<div id=\"ph2\">\n<div>\n<div>\n<div id=\"attachment_1226\" style=\"width: 310px\" class=\"wp-caption alignleft\"><a href=\"https:\/\/media.westcoasttrading.se\/2014\/02\/Opti-Grow.png\"><img aria-describedby=\"caption-attachment-1226\" decoding=\"async\" loading=\"lazy\" class=\"size-medium wp-image-1226\" src=\"https:\/\/media.westcoasttrading.se\/2014\/02\/Opti-Grow-300x300.png\" alt=\"\" width=\"300\" height=\"300\" srcset=\"https:\/\/media.westcoasttrading.se\/2014\/02\/Opti-Grow-300x300.png 300w, https:\/\/media.westcoasttrading.se\/2014\/02\/Opti-Grow-150x150.png 150w, https:\/\/media.westcoasttrading.se\/2014\/02\/Opti-Grow.png 500w\" sizes=\"(max-width: 300px) 100vw, 300px\" \/><\/a><p id=\"caption-attachment-1226\" class=\"wp-caption-text\">Opti Grow<\/p><\/div>\n<p>HAVENS Opti-GROW f\u00f6lpellets har h\u00f6ga niv\u00e5er av de viktigaste proteinerna, extra energi och mj\u00f6lkn\u00e4ring f\u00f6r att st\u00e4rka f\u00f6let till en s\u00e5 bra start i livet som m\u00f6jligt.<\/p>\n<ul>\n<li>Inneh\u00e5ller stora m\u00e4ngder av energi och protein f\u00f6r en optimal muskelbildning.<\/li>\n<li>Rik p\u00e5 vitaminer, mineraler\u00a0och livsviktiga aminosyror.<\/li>\n<li>Ett trefaldigt kalcium f\u00f6r ett starkt och friskt skelett.<\/li>\n<li>Smakrikt och l\u00e4ttsm\u00e4lt vilket g\u00f6r att f\u00f6let kan \u00e4ta pellets fr\u00e5n n\u00e5gra veckors \u00e5lder fram till 18\u00a0m\u00e5naders \u00e5lder.<\/li>\n<\/ul>\n<\/div>\n<\/div>\n<\/div>\n","protected":false},"excerpt":{"rendered":"<p>Opti-GROW (F\u00f6lfoder f\u00f6r blivande prestationer) HAVENS Opti-GROW f\u00f6lpellets har h\u00f6ga niv\u00e5er av de viktigaste proteinerna, extra energi och mj\u00f6lkn\u00e4ring f\u00f6r att st\u00e4rka f\u00f6let till en s\u00e5 bra start i livet som m\u00f6jligt. Inneh\u00e5ller stora m\u00e4ngder av energi och protein f\u00f6r &hellip; <a href=\"https:\/\/westcoasttrading.se\/?page_id=823\">L\u00e4s mer <span class=\"meta-nav\">&rarr;<\/span><\/a><\/p>\n","protected":false},"author":2,"featured_media":0,"parent":265,"menu_order":12,"comment_status":"open","ping_status":"closed","template":"","meta":[],"_links":{"self":[{"href":"https:\/\/westcoasttrading.se\/index.php?rest_route=\/wp\/v2\/pages\/823"}],"collection":[{"href":"https:\/\/westcoasttrading.se\/index.php?rest_route=\/wp\/v2\/pages"}],"about":[{"href":"https:\/\/westcoasttrading.se\/index.php?rest_route=\/wp\/v2\/types\/page"}],"author":[{"embeddable":true,"href":"https:\/\/westcoasttrading.se\/index.php?rest_route=\/wp\/v2\/users\/2"}],"replies":[{"embeddable":true,"href":"https:\/\/westcoasttrading.se\/index.php?rest_route=%2Fwp%2Fv2%2Fcomments&post=823"}],"version-history":[{"count":2,"href":"https:\/\/westcoasttrading.se\/index.php?rest_route=\/wp\/v2\/pages\/823\/revisions"}],"predecessor-version":[{"id":1227,"href":"https:\/\/westcoasttrading.se\/index.php?rest_route=\/wp\/v2\/pages\/823\/revisions\/1227"}],"up":[{"embeddable":true,"href":"https:\/\/westcoasttrading.se\/index.php?rest_route=\/wp\/v2\/pages\/265"}],"wp:attachment":[{"href":"https:\/\/westcoasttrading.se\/index.php?rest_route=%2Fwp%2Fv2%2Fmedia&parent=823"}],"curies":[{"name":"wp","href":"https:\/\/api.w.org\/{rel}","templated":true}]}}