{"id":826,"date":"2014-02-08T17:41:26","date_gmt":"2014-02-08T16:41:26","guid":{"rendered":"http:\/\/westcoasttrading.se\/?page_id=826"},"modified":"2017-05-08T13:21:41","modified_gmt":"2017-05-08T12:21:41","slug":"spannex-produkter","status":"publish","type":"page","link":"https:\/\/westcoasttrading.se\/?page_id=826","title":{"rendered":"Spannex produkter"},"content":{"rendered":"<p>Jag \u00e4r \u00e5terf\u00f6rs\u00e4ljare f\u00f6r Spannex och tar hem hela deras sortiment p\u00e5 best\u00e4llning.<br \/>\nJag lagerh\u00e5ller det mesta ur Havens sortiment samt Speedi Beet. Men \u00f6kar efterfr\u00e5gan s\u00e5 kommer jag lagerh\u00e5lla \u00e4ven dom \u00f6vriga produkterna. Men vi f\u00e5r leveranser varje vecka s\u00e5 det g\u00e5r fort att f\u00e5 hem \u00e4ven ur best\u00e4llningssortimentet \ud83d\ude09<br \/>\nN\u00e5gra leverant\u00f6rer fr\u00e5n mitt best\u00e4llningssortiment hos just Spannex \u00e4r:<br \/>\n* Krafft (\u00e4ven m\u00fcsli)<br \/>\n* Mustang<br \/>\n* Gain<br \/>\n* Dynavena<br \/>\n* Edel hippos<br \/>\n* Fibergi<br \/>\n* Betfor<br \/>\n* Emin<br \/>\n* Horselick saltsten mm<br \/>\n* Canami hundfoder<br \/>\n* RS Mustangs hela sortiment, \u00e4ven str\u00f6medel<br \/>\n* Lantbruksfoder, kanin\/marsvin och viltfoder.<br \/>\nSamtliga spannm\u00e5lsprodukter (havre, korn kli, majs MM MM)<\/p>\n<p><a href=\"https:\/\/www.spannex.se\/produkter\">www.spannex.se\/produkter<\/a><\/p>\n","protected":false},"excerpt":{"rendered":"<p>Jag \u00e4r \u00e5terf\u00f6rs\u00e4ljare f\u00f6r Spannex och tar hem hela deras sortiment p\u00e5 best\u00e4llning. Jag lagerh\u00e5ller det mesta ur Havens sortiment samt Speedi Beet. Men \u00f6kar efterfr\u00e5gan s\u00e5 kommer jag lagerh\u00e5lla \u00e4ven dom \u00f6vriga produkterna. Men vi f\u00e5r leveranser varje vecka &hellip; <a href=\"https:\/\/westcoasttrading.se\/?page_id=826\">L\u00e4s mer <span class=\"meta-nav\">&rarr;<\/span><\/a><\/p>\n","protected":false},"author":2,"featured_media":0,"parent":43,"menu_order":4,"comment_status":"open","ping_status":"closed","template":"","meta":[],"_links":{"self":[{"href":"https:\/\/westcoasttrading.se\/index.php?rest_route=\/wp\/v2\/pages\/826"}],"collection":[{"href":"https:\/\/westcoasttrading.se\/index.php?rest_route=\/wp\/v2\/pages"}],"about":[{"href":"https:\/\/westcoasttrading.se\/index.php?rest_route=\/wp\/v2\/types\/page"}],"author":[{"embeddable":true,"href":"https:\/\/westcoasttrading.se\/index.php?rest_route=\/wp\/v2\/users\/2"}],"replies":[{"embeddable":true,"href":"https:\/\/westcoasttrading.se\/index.php?rest_route=%2Fwp%2Fv2%2Fcomments&post=826"}],"version-history":[{"count":6,"href":"https:\/\/westcoasttrading.se\/index.php?rest_route=\/wp\/v2\/pages\/826\/revisions"}],"predecessor-version":[{"id":1256,"href":"https:\/\/westcoasttrading.se\/index.php?rest_route=\/wp\/v2\/pages\/826\/revisions\/1256"}],"up":[{"embeddable":true,"href":"https:\/\/westcoasttrading.se\/index.php?rest_route=\/wp\/v2\/pages\/43"}],"wp:attachment":[{"href":"https:\/\/westcoasttrading.se\/index.php?rest_route=%2Fwp%2Fv2%2Fmedia&parent=826"}],"curies":[{"name":"wp","href":"https:\/\/api.w.org\/{rel}","templated":true}]}}