{"id":88,"date":"2010-12-01T17:44:55","date_gmt":"2010-12-01T16:44:55","guid":{"rendered":"http:\/\/westcoasttrading.se\/?page_id=88"},"modified":"2018-04-20T08:04:22","modified_gmt":"2018-04-20T07:04:22","slug":"charter-med-gamecock","status":"publish","type":"page","link":"https:\/\/westcoasttrading.se\/?page_id=88","title":{"rendered":"Gamecock TILL SALU"},"content":{"rendered":"<p><span style=\"color: #ff0000;\">Vi har nu best\u00e4mt oss f\u00f6r att l\u00e4gga ner v\u00e5r charterverksamhet och s\u00e4ljer d\u00e4rf\u00f6r b\u00e5tarna.<br \/>\nRing Per p\u00e5 035-162251 f\u00f6r mer info om b\u00e5tarna!<br \/>\n<\/span><span style=\"color: #ff0000;\"><br \/>\nL\u00e4nk till locket-annonsen:<br \/>\nhttps:\/\/www.blocket.se\/halland\/Ballaste_baten_i_vilken_hamn_som_helst_78918400.htm?ca=20&#038;w=1&#038;last=1<br \/>\n<\/span><\/p>\n<p><a href=\"https:\/\/media.westcoasttrading.se\/2010\/12\/RMOV0439.avi\">HALV GAS UTANF\u00d6R TYL\u00d6N 2009<\/a><\/p>\n<h1>GAMECOCK<\/h1>\n<p>GAMECOCK \u00e4r en amerikansk klassiker. En 40,4 fot l\u00e5ng amerikansk daycruiser fr\u00e5n 1977. Ursprungligen byggd som en ren raceb\u00e5t och t\u00e4vlad i offshore racing. Civiliserad p\u00e5 80-talet till daycruiser. &#8221;Built for speed&#8221; 23 liter cylindervolym f\u00f6rdelat p\u00e5 tre st frustande, ruppande\u00a0cheva big block\u00a0V8:or matade av klassiska Holley fyrportsf\u00f6rgasare. V\u00e4cker d\u00f6da till liv p\u00e5 s\u00f6ndagar. Rymmer 1180 liter h\u00f6goktanig soppa. 1400+ h\u00e4stkrafter, milj\u00f6b\u00e5t?, tveksamt! St\u00e5p\u00e4ls?, absolut!!! Toppfart 75+ knop.<\/p>\n<p>Kan chartras med pilot f\u00f6r events, svensexor, m\u00f6hippor, kick offs eller liknande. Vi k\u00f6r med insidan av huvudet!!!<\/p>\n<p>Hemmahamn B\u00e5tklubben Najaden, Halmstad.<\/p>\n<p>Vid intresse maila per!<\/p>\n<p><a href=\"https:\/\/media.westcoasttrading.se\/2010\/12\/RIMG0315.jpg\"><img decoding=\"async\" loading=\"lazy\" title=\"RIMG0315\" src=\"https:\/\/media.westcoasttrading.se\/2010\/12\/RIMG0315-150x150.jpg\" alt=\"\" width=\"150\" height=\"150\" \/><\/a><a href=\"https:\/\/media.westcoasttrading.se\/2010\/12\/DSCF1691.jpg\"><img decoding=\"async\" loading=\"lazy\" title=\"DSCF1691\" src=\"https:\/\/media.westcoasttrading.se\/2010\/12\/DSCF1691-150x150.jpg\" alt=\"\" width=\"150\" height=\"150\" \/><\/a><a href=\"https:\/\/media.westcoasttrading.se\/2010\/12\/RIMG0530.jpg\"><img decoding=\"async\" loading=\"lazy\" title=\"RIMG0530\" src=\"https:\/\/media.westcoasttrading.se\/2010\/12\/RIMG0530-150x150.jpg\" alt=\"\" width=\"150\" height=\"150\" \/><\/a><a href=\"https:\/\/media.westcoasttrading.se\/2010\/12\/RIMG0311.jpg\"><img decoding=\"async\" loading=\"lazy\" title=\"RIMG0311\" src=\"https:\/\/media.westcoasttrading.se\/2010\/12\/RIMG0311-150x150.jpg\" alt=\"\" width=\"150\" height=\"150\" \/><\/a><a href=\"https:\/\/media.westcoasttrading.se\/2010\/12\/DSCF1702.jpg\"><img decoding=\"async\" loading=\"lazy\" title=\"DSCF1702\" src=\"https:\/\/media.westcoasttrading.se\/2010\/12\/DSCF1702-150x150.jpg\" alt=\"\" width=\"150\" height=\"150\" \/><\/a><a href=\"https:\/\/media.westcoasttrading.se\/2010\/12\/RIMG0537.jpg\"><img decoding=\"async\" loading=\"lazy\" title=\"RIMG0537\" src=\"https:\/\/media.westcoasttrading.se\/2010\/12\/RIMG0537-150x150.jpg\" alt=\"\" width=\"150\" height=\"150\" \/><\/a><a href=\"https:\/\/media.westcoasttrading.se\/2010\/12\/RIMG0535.jpg\"><img decoding=\"async\" loading=\"lazy\" title=\"RIMG0535\" src=\"https:\/\/media.westcoasttrading.se\/2010\/12\/RIMG0535-150x150.jpg\" alt=\"\" width=\"150\" height=\"150\" \/><\/a><a href=\"https:\/\/media.westcoasttrading.se\/2010\/12\/RIMG0304.jpg\"><img decoding=\"async\" loading=\"lazy\" title=\"RIMG0304\" src=\"https:\/\/media.westcoasttrading.se\/2010\/12\/RIMG0304-150x150.jpg\" alt=\"\" width=\"150\" height=\"150\" \/><\/a><\/p>\n","protected":false},"excerpt":{"rendered":"<p>Vi har nu best\u00e4mt oss f\u00f6r att l\u00e4gga ner v\u00e5r charterverksamhet och s\u00e4ljer d\u00e4rf\u00f6r b\u00e5tarna. Ring Per p\u00e5 035-162251 f\u00f6r mer info om b\u00e5tarna! L\u00e4nk till locket-annonsen: https:\/\/www.blocket.se\/halland\/Ballaste_baten_i_vilken_hamn_som_helst_78918400.htm?ca=20&#038;w=1&#038;last=1 HALV GAS UTANF\u00d6R TYL\u00d6N 2009 GAMECOCK GAMECOCK \u00e4r en amerikansk klassiker. En &hellip; <a href=\"https:\/\/westcoasttrading.se\/?page_id=88\">L\u00e4s mer <span class=\"meta-nav\">&rarr;<\/span><\/a><\/p>\n","protected":false},"author":2,"featured_media":143,"parent":54,"menu_order":2,"comment_status":"open","ping_status":"open","template":"","meta":[],"_links":{"self":[{"href":"https:\/\/westcoasttrading.se\/index.php?rest_route=\/wp\/v2\/pages\/88"}],"collection":[{"href":"https:\/\/westcoasttrading.se\/index.php?rest_route=\/wp\/v2\/pages"}],"about":[{"href":"https:\/\/westcoasttrading.se\/index.php?rest_route=\/wp\/v2\/types\/page"}],"author":[{"embeddable":true,"href":"https:\/\/westcoasttrading.se\/index.php?rest_route=\/wp\/v2\/users\/2"}],"replies":[{"embeddable":true,"href":"https:\/\/westcoasttrading.se\/index.php?rest_route=%2Fwp%2Fv2%2Fcomments&post=88"}],"version-history":[{"count":20,"href":"https:\/\/westcoasttrading.se\/index.php?rest_route=\/wp\/v2\/pages\/88\/revisions"}],"predecessor-version":[{"id":1270,"href":"https:\/\/westcoasttrading.se\/index.php?rest_route=\/wp\/v2\/pages\/88\/revisions\/1270"}],"up":[{"embeddable":true,"href":"https:\/\/westcoasttrading.se\/index.php?rest_route=\/wp\/v2\/pages\/54"}],"wp:featuredmedia":[{"embeddable":true,"href":"https:\/\/westcoasttrading.se\/index.php?rest_route=\/wp\/v2\/media\/143"}],"wp:attachment":[{"href":"https:\/\/westcoasttrading.se\/index.php?rest_route=%2Fwp%2Fv2%2Fmedia&parent=88"}],"curies":[{"name":"wp","href":"https:\/\/api.w.org\/{rel}","templated":true}]}}