{"id":908,"date":"2015-01-21T12:09:36","date_gmt":"2015-01-21T11:09:36","guid":{"rendered":"http:\/\/westcoasttrading.se\/?page_id=908"},"modified":"2015-01-21T12:57:10","modified_gmt":"2015-01-21T11:57:10","slug":"inackordeingar-pa-hulabacks-gard","status":"publish","type":"page","link":"https:\/\/westcoasttrading.se\/?page_id=908","title":{"rendered":"Inackorderingar p\u00e5 Hulab\u00e4cks G\u00e5rd"},"content":{"rendered":"<p>H\u00e4r kommer en kort presentation av de inackorderingar som idag st\u00e5r p\u00e5 Hulab\u00e4cks G\u00e5rd.<\/p>\n","protected":false},"excerpt":{"rendered":"<p>H\u00e4r kommer en kort presentation av de inackorderingar som idag st\u00e5r p\u00e5 Hulab\u00e4cks G\u00e5rd.<\/p>\n","protected":false},"author":2,"featured_media":0,"parent":52,"menu_order":3,"comment_status":"open","ping_status":"closed","template":"","meta":[],"_links":{"self":[{"href":"https:\/\/westcoasttrading.se\/index.php?rest_route=\/wp\/v2\/pages\/908"}],"collection":[{"href":"https:\/\/westcoasttrading.se\/index.php?rest_route=\/wp\/v2\/pages"}],"about":[{"href":"https:\/\/westcoasttrading.se\/index.php?rest_route=\/wp\/v2\/types\/page"}],"author":[{"embeddable":true,"href":"https:\/\/westcoasttrading.se\/index.php?rest_route=\/wp\/v2\/users\/2"}],"replies":[{"embeddable":true,"href":"https:\/\/westcoasttrading.se\/index.php?rest_route=%2Fwp%2Fv2%2Fcomments&post=908"}],"version-history":[{"count":7,"href":"https:\/\/westcoasttrading.se\/index.php?rest_route=\/wp\/v2\/pages\/908\/revisions"}],"predecessor-version":[{"id":921,"href":"https:\/\/westcoasttrading.se\/index.php?rest_route=\/wp\/v2\/pages\/908\/revisions\/921"}],"up":[{"embeddable":true,"href":"https:\/\/westcoasttrading.se\/index.php?rest_route=\/wp\/v2\/pages\/52"}],"wp:attachment":[{"href":"https:\/\/westcoasttrading.se\/index.php?rest_route=%2Fwp%2Fv2%2Fmedia&parent=908"}],"curies":[{"name":"wp","href":"https:\/\/api.w.org\/{rel}","templated":true}]}}